{"id":25233,"date":"2023-10-18T12:52:04","date_gmt":"2023-10-18T10:52:04","guid":{"rendered":"https:\/\/www.strasser.co.at\/?post_type=product&#038;p=25233"},"modified":"2023-10-20T11:24:11","modified_gmt":"2023-10-20T09:24:11","slug":"seydelmann-wolf-au-200b","status":"publish","type":"product","link":"https:\/\/www.strasser.co.at\/de\/produkt\/seydelmann-wolf-au-200b\/","title":{"rendered":"SOLD: Seydelmann Wolf AU 200B"},"content":{"rendered":"<p>2-tourige Arbeitsschnecke<br \/>\n3-tourige Zubringerschnecke<br \/>\nweitgehend massiv rostfrei<br \/>\nmit 200 mm Lochscheibendurchmesser<br \/>\nDrehstrommotor IP 55 vollkommen geschlossen<br \/>\nca. 34\/52 kW-Leistung- 8\/4 polig<br \/>\nSchaltschrank eingebaut f\u00fcr 230 V Steuerstrom<br \/>\nAntrieb f\u00fcr 400 Volt, 3 Phasen, 50 Hz<br \/>\nca. 400 Liter Trichter<br \/>\nAuslaufhandschutz elektrisch verriegelt<br \/>\nweite konische Zubringerschnecke rostfrei,<br \/>\nrechtwinkelig zur Arbeitsschnecke<br \/>\nZubringermotor ca. 3 kW, 3-tourig, separat schaltbar<br \/>\nSchneckengeh\u00e4use massiv rostfrei<br \/>\nmit geh\u00e4rteten Lauffl\u00e4chen<br \/>\neingebaute Beladung f\u00fcr BW 200 L<br \/>\nSicherheitsauftritt und Erh\u00f6hungsf\u00fc\u00dfe<br \/>\nUnterfahrh\u00f6he f\u00fcr 200 Liter Normwagen<br \/>\nkompletter Schneidsatz gebraucht<\/p>\n","protected":false},"excerpt":{"rendered":"<p>2-tourige Arbeitsschnecke 3-tourige Zubringerschnecke weitgehend massiv rostfrei mit 200 mm Lochscheibendurchmesser Drehstrommotor IP 55 vollkommen geschlossen ca. 34\/52 kW-Leistung- 8\/4 polig Schaltschrank eingebaut f\u00fcr 230 V Steuerstrom Antrieb f\u00fcr 400 Volt, 3 Phasen, 50 Hz ca. 400 Liter Trichter Auslaufhandschutz elektrisch verriegelt weite konische Zubringerschnecke rostfrei, rechtwinkelig zur Arbeitsschnecke Zubringermotor ca. 3 kW, 3-tourig, separat &#8230; <a title=\"SOLD: Seydelmann Wolf AU 200B\" class=\"read-more\" href=\"https:\/\/www.strasser.co.at\/de\/produkt\/seydelmann-wolf-au-200b\/\" aria-label=\"Mehr dazu unter SOLD: Seydelmann Wolf AU 200B\">Weiterlesen<\/a><\/p>\n","protected":false},"featured_media":0,"comment_status":"closed","ping_status":"closed","template":"","meta":{"_acf_changed":false,"_crsspst_to_strasser-maschinench":false,"inline_featured_image":false},"product_cat":[92],"product_tag":[],"class_list":{"0":"post-25233","1":"product","2":"type-product","3":"status-publish","5":"product_cat-verkauft","7":"first","8":"instock","9":"taxable","10":"shipping-taxable","11":"product-type-simple"},"acf":[],"_links":{"self":[{"href":"https:\/\/www.strasser.co.at\/de\/wp-json\/wp\/v2\/product\/25233","targetHints":{"allow":["GET"]}}],"collection":[{"href":"https:\/\/www.strasser.co.at\/de\/wp-json\/wp\/v2\/product"}],"about":[{"href":"https:\/\/www.strasser.co.at\/de\/wp-json\/wp\/v2\/types\/product"}],"replies":[{"embeddable":true,"href":"https:\/\/www.strasser.co.at\/de\/wp-json\/wp\/v2\/comments?post=25233"}],"wp:attachment":[{"href":"https:\/\/www.strasser.co.at\/de\/wp-json\/wp\/v2\/media?parent=25233"}],"wp:term":[{"taxonomy":"product_cat","embeddable":true,"href":"https:\/\/www.strasser.co.at\/de\/wp-json\/wp\/v2\/product_cat?post=25233"},{"taxonomy":"product_tag","embeddable":true,"href":"https:\/\/www.strasser.co.at\/de\/wp-json\/wp\/v2\/product_tag?post=25233"}],"curies":[{"name":"wp","href":"https:\/\/api.w.org\/{rel}","templated":true}]}}