{"id":25351,"date":"2023-11-08T10:21:56","date_gmt":"2023-11-08T09:21:56","guid":{"rendered":"https:\/\/www.strasser.co.at\/?post_type=product&#038;p=25351"},"modified":"2024-08-16T12:23:03","modified_gmt":"2024-08-16T10:23:03","slug":"seydelmann-kutter-k60-ac-8","status":"publish","type":"product","link":"https:\/\/www.strasser.co.at\/de\/produkt\/seydelmann-kutter-k60-ac-8\/","title":{"rendered":"VERKAUFT: Seydelmann Kutter K60 AC-8"},"content":{"rendered":"<p>massiv aus Edelstahl rostfrei<br \/>\n60 Liter Sch\u00fcssel massiv aus Edelstahl rostfrei<br \/>\n6 stufenlos vorprogrammierbare Messergeschwindigkeiten<br \/>\nje 2 Mischg\u00e4nge vor- und r\u00fcckw\u00e4rts<br \/>\n2 Sch\u00fcsselgeschwindigkeiten<br \/>\nMicro 114<br \/>\ndigitale Anzeige f\u00fcr Temperatur, Laufzeit und Geschwindigkeit<br \/>\nin separatem Edelstahl Geh\u00e4use<br \/>\nL\u00e4rmschutzdeckel<br \/>\n40 kW, 400V, 50 Hz<br \/>\nEdelstahlschrank separat<br \/>\ninkl. 6 Kuttermesser gebraucht, mit Zubeh\u00f6r<br \/>\nCE-Konform<\/p>\n","protected":false},"excerpt":{"rendered":"<p>massiv aus Edelstahl rostfrei 60 Liter Sch\u00fcssel massiv aus Edelstahl rostfrei 6 stufenlos vorprogrammierbare Messergeschwindigkeiten je 2 Mischg\u00e4nge vor- und r\u00fcckw\u00e4rts 2 Sch\u00fcsselgeschwindigkeiten Micro 114 digitale Anzeige f\u00fcr Temperatur, Laufzeit und Geschwindigkeit in separatem Edelstahl Geh\u00e4use L\u00e4rmschutzdeckel 40 kW, 400V, 50 Hz Edelstahlschrank separat inkl. 6 Kuttermesser gebraucht, mit Zubeh\u00f6r CE-Konform<\/p>\n","protected":false},"featured_media":26151,"comment_status":"closed","ping_status":"closed","template":"","meta":{"_acf_changed":false,"_crsspst_to_strasser-maschinench":true,"inline_featured_image":false},"product_cat":[92],"product_tag":[],"class_list":{"0":"post-25351","1":"product","2":"type-product","3":"status-publish","4":"has-post-thumbnail","6":"product_cat-verkauft","8":"first","9":"instock","10":"taxable","11":"shipping-taxable","12":"product-type-simple"},"acf":[],"_links":{"self":[{"href":"https:\/\/www.strasser.co.at\/de\/wp-json\/wp\/v2\/product\/25351","targetHints":{"allow":["GET"]}}],"collection":[{"href":"https:\/\/www.strasser.co.at\/de\/wp-json\/wp\/v2\/product"}],"about":[{"href":"https:\/\/www.strasser.co.at\/de\/wp-json\/wp\/v2\/types\/product"}],"replies":[{"embeddable":true,"href":"https:\/\/www.strasser.co.at\/de\/wp-json\/wp\/v2\/comments?post=25351"}],"wp:featuredmedia":[{"embeddable":true,"href":"https:\/\/www.strasser.co.at\/de\/wp-json\/wp\/v2\/media\/26151"}],"wp:attachment":[{"href":"https:\/\/www.strasser.co.at\/de\/wp-json\/wp\/v2\/media?parent=25351"}],"wp:term":[{"taxonomy":"product_cat","embeddable":true,"href":"https:\/\/www.strasser.co.at\/de\/wp-json\/wp\/v2\/product_cat?post=25351"},{"taxonomy":"product_tag","embeddable":true,"href":"https:\/\/www.strasser.co.at\/de\/wp-json\/wp\/v2\/product_tag?post=25351"}],"curies":[{"name":"wp","href":"https:\/\/api.w.org\/{rel}","templated":true}]}}