{"id":25353,"date":"2023-11-08T10:26:41","date_gmt":"2023-11-08T09:26:41","guid":{"rendered":"https:\/\/www.strasser.co.at\/?post_type=product&#038;p=25353"},"modified":"2024-07-05T10:47:41","modified_gmt":"2024-07-05T08:47:41","slug":"frey-vak-fueller-f50","status":"publish","type":"product","link":"https:\/\/www.strasser.co.at\/de\/produkt\/frey-vak-fueller-f50\/","title":{"rendered":"Verkauft: Frey Vak. F\u00fcller F50"},"content":{"rendered":"<p>vollelektronische Vakuumf\u00fcllmaschine<br \/>\nzum GERADEAUSF\u00dcLLEN, PORTIONIEREN u. ABDREHEN<br \/>\nmit abnehmbarem Abdrehgetriebe<br \/>\nF\u00fclleistung bis ca. 2.200 kg\/h<br \/>\nF\u00fclldruck ca. 30 bar<br \/>\nMaschinengeh\u00e4use und F\u00fclltrichter<br \/>\nkomplett aus Edelstahl<br \/>\nF\u00fclltrichter teilbar<br \/>\nmit Programmautomatik<br \/>\nmit Zubeh\u00f6r<\/p>\n","protected":false},"excerpt":{"rendered":"<p>vollelektronische Vakuumf\u00fcllmaschine zum GERADEAUSF\u00dcLLEN, PORTIONIEREN u. ABDREHEN mit abnehmbarem Abdrehgetriebe F\u00fclleistung bis ca. 2.200 kg\/h F\u00fclldruck ca. 30 bar Maschinengeh\u00e4use und F\u00fclltrichter komplett aus Edelstahl F\u00fclltrichter teilbar mit Programmautomatik mit Zubeh\u00f6r<\/p>\n","protected":false},"featured_media":26671,"comment_status":"closed","ping_status":"closed","template":"","meta":{"_acf_changed":false,"_crsspst_to_strasser-maschinench":true,"inline_featured_image":false},"product_cat":[92],"product_tag":[],"class_list":{"0":"post-25353","1":"product","2":"type-product","3":"status-publish","4":"has-post-thumbnail","6":"product_cat-verkauft","8":"first","9":"instock","10":"taxable","11":"shipping-taxable","12":"product-type-simple"},"acf":[],"_links":{"self":[{"href":"https:\/\/www.strasser.co.at\/de\/wp-json\/wp\/v2\/product\/25353","targetHints":{"allow":["GET"]}}],"collection":[{"href":"https:\/\/www.strasser.co.at\/de\/wp-json\/wp\/v2\/product"}],"about":[{"href":"https:\/\/www.strasser.co.at\/de\/wp-json\/wp\/v2\/types\/product"}],"replies":[{"embeddable":true,"href":"https:\/\/www.strasser.co.at\/de\/wp-json\/wp\/v2\/comments?post=25353"}],"wp:featuredmedia":[{"embeddable":true,"href":"https:\/\/www.strasser.co.at\/de\/wp-json\/wp\/v2\/media\/26671"}],"wp:attachment":[{"href":"https:\/\/www.strasser.co.at\/de\/wp-json\/wp\/v2\/media?parent=25353"}],"wp:term":[{"taxonomy":"product_cat","embeddable":true,"href":"https:\/\/www.strasser.co.at\/de\/wp-json\/wp\/v2\/product_cat?post=25353"},{"taxonomy":"product_tag","embeddable":true,"href":"https:\/\/www.strasser.co.at\/de\/wp-json\/wp\/v2\/product_tag?post=25353"}],"curies":[{"name":"wp","href":"https:\/\/api.w.org\/{rel}","templated":true}]}}