{"id":25427,"date":"2023-11-22T08:30:51","date_gmt":"2023-11-22T07:30:51","guid":{"rendered":"https:\/\/www.strasser.co.at\/?post_type=product&#038;p=25427"},"modified":"2024-06-12T11:11:48","modified_gmt":"2024-06-12T09:11:48","slug":"alco-schnitzelplaetter-asp-hdn-400","status":"publish","type":"product","link":"https:\/\/www.strasser.co.at\/de\/produkt\/alco-schnitzelplaetter-asp-hdn-400\/","title":{"rendered":"VERKAUFT Alco Schnitzelpl\u00e4tter ASP HDN 400"},"content":{"rendered":"<p><strong>Ausf\u00fchrung:<\/strong><\/p>\n<p>Bandgeschwindigkeit des Gurtsystems stufenlos einstellbar<br \/>\nHochleistungs-Transportgurte (PU) in blau, mit Dreieckprofil<br \/>\nund Keilleisten<br \/>\nGeeignet f\u00fcr frische und angefrorene Produkte (ohne Knochen)<br \/>\nPl\u00e4ttst\u00e4rke von ca. 4 mm bis max. 45 mm einstellbar<br \/>\nPl\u00e4ttbereich mit mehreren Druckwalzenpaaren zum<br \/>\nschonenden und dauerhaften Pl\u00e4tten<br \/>\nH\u00f6henverstellung \u00fcber Handrad zur Einstellung der<br \/>\ngew\u00fcnschten Produktst\u00e4rke<br \/>\nschwenkbares Auslaufband<br \/>\nGummierte Antriebswalzen mit Keilleisten zur optimalen<br \/>\nGurtf\u00fchrung<br \/>\nWasserspr\u00fchleiste zur Vermeidung von Eiwei\u00dfverklebungen<br \/>\nOberer Bandrahmen ist seitlich aufklappbar und sorgt mit<br \/>\nHilfe des Gurtschnellspannsystems f\u00fcr eine leichtere Reinigung<br \/>\nTransportgurte in wenigen Minuten werkzeuglos wechselbar<br \/>\ninkl. extra langsamer Bandgeschwindigkeit<br \/>\nextra gro\u00dfe Rollen<br \/>\nAbdeckhaube der Kette geschlossen<\/p>\n<p>&nbsp;<\/p>\n<p><strong>Technische Daten:<\/strong><br \/>\nTransportband: Stabgeflechtgurt<br \/>\nNetto-Bandbreite: 400 mm<br \/>\nBandgeschwindigkeit: 4 &#8211; 28 m\/min<br \/>\nProduktst\u00e4rke einstellbar 4 &#8211; 45 mm<br \/>\nArbeitsh\u00f6he: 1.020 mm<br \/>\nAnschlussdaten:<br \/>\nLeistung: 3 kW, 16 A<br \/>\nSpannung: 400 V \/ 50 Hz, 3 Phasen + PE<br \/>\nFrischwasser (einstellbar) 0 &#8211; 30 l\/h<br \/>\nAbmessungen:<br \/>\nGesamtl\u00e4nge: 2.200 mm<br \/>\nGesamtbreite: 900 mm<br \/>\nH\u00f6he: 1.500 mm<br \/>\nGewicht: 550 kg<\/p>\n","protected":false},"excerpt":{"rendered":"<p>Ausf\u00fchrung: Bandgeschwindigkeit des Gurtsystems stufenlos einstellbar Hochleistungs-Transportgurte (PU) in blau, mit Dreieckprofil und Keilleisten Geeignet f\u00fcr frische und angefrorene Produkte (ohne Knochen) Pl\u00e4ttst\u00e4rke von ca. 4 mm bis max. 45 mm einstellbar Pl\u00e4ttbereich mit mehreren Druckwalzenpaaren zum schonenden und dauerhaften Pl\u00e4tten H\u00f6henverstellung \u00fcber Handrad zur Einstellung der gew\u00fcnschten Produktst\u00e4rke schwenkbares Auslaufband Gummierte Antriebswalzen mit Keilleisten &#8230; <a title=\"VERKAUFT Alco Schnitzelpl\u00e4tter ASP HDN 400\" class=\"read-more\" href=\"https:\/\/www.strasser.co.at\/de\/produkt\/alco-schnitzelplaetter-asp-hdn-400\/\" aria-label=\"Mehr dazu unter VERKAUFT Alco Schnitzelpl\u00e4tter ASP HDN 400\">Weiterlesen<\/a><\/p>\n","protected":false},"featured_media":26096,"comment_status":"closed","ping_status":"closed","template":"","meta":{"_acf_changed":false,"_crsspst_to_strasser-maschinench":true,"inline_featured_image":false},"product_cat":[92],"product_tag":[],"class_list":{"0":"post-25427","1":"product","2":"type-product","3":"status-publish","4":"has-post-thumbnail","6":"product_cat-verkauft","8":"first","9":"instock","10":"taxable","11":"shipping-taxable","12":"product-type-simple"},"acf":[],"_links":{"self":[{"href":"https:\/\/www.strasser.co.at\/de\/wp-json\/wp\/v2\/product\/25427","targetHints":{"allow":["GET"]}}],"collection":[{"href":"https:\/\/www.strasser.co.at\/de\/wp-json\/wp\/v2\/product"}],"about":[{"href":"https:\/\/www.strasser.co.at\/de\/wp-json\/wp\/v2\/types\/product"}],"replies":[{"embeddable":true,"href":"https:\/\/www.strasser.co.at\/de\/wp-json\/wp\/v2\/comments?post=25427"}],"wp:featuredmedia":[{"embeddable":true,"href":"https:\/\/www.strasser.co.at\/de\/wp-json\/wp\/v2\/media\/26096"}],"wp:attachment":[{"href":"https:\/\/www.strasser.co.at\/de\/wp-json\/wp\/v2\/media?parent=25427"}],"wp:term":[{"taxonomy":"product_cat","embeddable":true,"href":"https:\/\/www.strasser.co.at\/de\/wp-json\/wp\/v2\/product_cat?post=25427"},{"taxonomy":"product_tag","embeddable":true,"href":"https:\/\/www.strasser.co.at\/de\/wp-json\/wp\/v2\/product_tag?post=25427"}],"curies":[{"name":"wp","href":"https:\/\/api.w.org\/{rel}","templated":true}]}}