{"id":25494,"date":"2023-11-30T13:48:00","date_gmt":"2023-11-30T12:48:00","guid":{"rendered":"https:\/\/www.strasser.co.at\/?post_type=product&#038;p=25494"},"modified":"2024-02-14T14:04:38","modified_gmt":"2024-02-14T13:04:38","slug":"vemag-vakuumfueller-robby-typ-136","status":"publish","type":"product","link":"https:\/\/www.strasser.co.at\/de\/produkt\/vemag-vakuumfueller-robby-typ-136\/","title":{"rendered":"VERKAUFT: Vemag Vakuumf\u00fcller Robby Typ 136"},"content":{"rendered":"<p>Vakuumf\u00fcller zum Geradeausf\u00fcllen, Portionieren und Abdrehen<br \/>\nProgrammsteuerung<br \/>\nGeteilter Trichter<br \/>\nEl. Leistung 5,4 kW<br \/>\nInkl. Zubeh\u00f6r<\/p>\n","protected":false},"excerpt":{"rendered":"<p>Vakuumf\u00fcller zum Geradeausf\u00fcllen, Portionieren und Abdrehen Programmsteuerung Geteilter Trichter El. Leistung 5,4 kW Inkl. Zubeh\u00f6r<\/p>\n","protected":false},"featured_media":25496,"comment_status":"closed","ping_status":"closed","template":"","meta":{"_acf_changed":false,"_crsspst_to_strasser-maschinench":false,"inline_featured_image":false},"product_cat":[92],"product_tag":[],"class_list":{"0":"post-25494","1":"product","2":"type-product","3":"status-publish","4":"has-post-thumbnail","6":"product_cat-verkauft","8":"first","9":"instock","10":"taxable","11":"shipping-taxable","12":"product-type-simple"},"acf":[],"_links":{"self":[{"href":"https:\/\/www.strasser.co.at\/de\/wp-json\/wp\/v2\/product\/25494","targetHints":{"allow":["GET"]}}],"collection":[{"href":"https:\/\/www.strasser.co.at\/de\/wp-json\/wp\/v2\/product"}],"about":[{"href":"https:\/\/www.strasser.co.at\/de\/wp-json\/wp\/v2\/types\/product"}],"replies":[{"embeddable":true,"href":"https:\/\/www.strasser.co.at\/de\/wp-json\/wp\/v2\/comments?post=25494"}],"wp:featuredmedia":[{"embeddable":true,"href":"https:\/\/www.strasser.co.at\/de\/wp-json\/wp\/v2\/media\/25496"}],"wp:attachment":[{"href":"https:\/\/www.strasser.co.at\/de\/wp-json\/wp\/v2\/media?parent=25494"}],"wp:term":[{"taxonomy":"product_cat","embeddable":true,"href":"https:\/\/www.strasser.co.at\/de\/wp-json\/wp\/v2\/product_cat?post=25494"},{"taxonomy":"product_tag","embeddable":true,"href":"https:\/\/www.strasser.co.at\/de\/wp-json\/wp\/v2\/product_tag?post=25494"}],"curies":[{"name":"wp","href":"https:\/\/api.w.org\/{rel}","templated":true}]}}