{"id":25498,"date":"2023-11-30T14:07:31","date_gmt":"2023-11-30T13:07:31","guid":{"rendered":"https:\/\/www.strasser.co.at\/?post_type=product&#038;p=25498"},"modified":"2023-12-12T14:57:35","modified_gmt":"2023-12-12T13:57:35","slug":"kg-wetter-kutter-45l","status":"publish","type":"product","link":"https:\/\/www.strasser.co.at\/de\/produkt\/kg-wetter-kutter-45l\/","title":{"rendered":"VERKAUFT: K+G Wetter Kutter 45L"},"content":{"rendered":"<p>Kompl. Edelstahl inkl. 45l Sch\u00fcssel<br \/>\n2 Geschwindigkeiten Messerwelle<br \/>\nJe 2 Mischg\u00e4nge vor\/r\u00fcckw\u00e4rts<br \/>\n2 Sch\u00fcsselgeschwindigkeiten<br \/>\nDig. Anzeige f\u00fcr Temperatur<br \/>\nL\u00e4rmschutzdeckel<br \/>\nSchaltschrank integriert<br \/>\nEl. Leistung 9 kW<br \/>\nAbsicherung 35 Amp.<br \/>\n6 Kuttermesser gebraucht<\/p>\n","protected":false},"excerpt":{"rendered":"<p>Kompl. Edelstahl inkl. 45l Sch\u00fcssel 2 Geschwindigkeiten Messerwelle Je 2 Mischg\u00e4nge vor\/r\u00fcckw\u00e4rts 2 Sch\u00fcsselgeschwindigkeiten Dig. Anzeige f\u00fcr Temperatur L\u00e4rmschutzdeckel Schaltschrank integriert El. Leistung 9 kW Absicherung 35 Amp. 6 Kuttermesser gebraucht<\/p>\n","protected":false},"featured_media":25499,"comment_status":"closed","ping_status":"closed","template":"","meta":{"_acf_changed":false,"_crsspst_to_strasser-maschinench":false,"inline_featured_image":false},"product_cat":[92],"product_tag":[],"class_list":{"0":"post-25498","1":"product","2":"type-product","3":"status-publish","4":"has-post-thumbnail","6":"product_cat-verkauft","8":"first","9":"instock","10":"taxable","11":"shipping-taxable","12":"product-type-simple"},"acf":[],"_links":{"self":[{"href":"https:\/\/www.strasser.co.at\/de\/wp-json\/wp\/v2\/product\/25498","targetHints":{"allow":["GET"]}}],"collection":[{"href":"https:\/\/www.strasser.co.at\/de\/wp-json\/wp\/v2\/product"}],"about":[{"href":"https:\/\/www.strasser.co.at\/de\/wp-json\/wp\/v2\/types\/product"}],"replies":[{"embeddable":true,"href":"https:\/\/www.strasser.co.at\/de\/wp-json\/wp\/v2\/comments?post=25498"}],"wp:featuredmedia":[{"embeddable":true,"href":"https:\/\/www.strasser.co.at\/de\/wp-json\/wp\/v2\/media\/25499"}],"wp:attachment":[{"href":"https:\/\/www.strasser.co.at\/de\/wp-json\/wp\/v2\/media?parent=25498"}],"wp:term":[{"taxonomy":"product_cat","embeddable":true,"href":"https:\/\/www.strasser.co.at\/de\/wp-json\/wp\/v2\/product_cat?post=25498"},{"taxonomy":"product_tag","embeddable":true,"href":"https:\/\/www.strasser.co.at\/de\/wp-json\/wp\/v2\/product_tag?post=25498"}],"curies":[{"name":"wp","href":"https:\/\/api.w.org\/{rel}","templated":true}]}}