{"id":25670,"date":"2024-01-04T13:25:23","date_gmt":"2024-01-04T12:25:23","guid":{"rendered":"https:\/\/www.strasser.co.at\/?post_type=product&#038;p=25670"},"modified":"2024-06-27T08:54:45","modified_gmt":"2024-06-27T06:54:45","slug":"seydelmann-kutter-k40-u","status":"publish","type":"product","link":"https:\/\/www.strasser.co.at\/de\/produkt\/seydelmann-kutter-k40-u\/","title":{"rendered":"VERKAUFT Seydelmann Kutter K40 U"},"content":{"rendered":"<p>Aussenfront aus Edelstahl rostfrei<br \/>\n40 L Sch\u00fcssel massiv aus Edelstahl rostfrei<br \/>\n2 Geschwindigkeiten f\u00fcr die Messerwelle<br \/>\n2 Mischg\u00e4nge vorw\u00e4rts<br \/>\n2 Sch\u00fcsselgeschwindigkeiten<br \/>\nDigitiale Anzeige DGA31 f\u00fcr Temperatur<br \/>\nL\u00e4rmschutzdeckel<br \/>\n15 KW Leistung, 400V, 50 Hz<br \/>\nSchaltschrank separat<br \/>\ninkl. 6 Kuttermesser gebraucht, mit Zubeh\u00f6r<br \/>\nCE-Konform<\/p>\n","protected":false},"excerpt":{"rendered":"<p>Aussenfront aus Edelstahl rostfrei 40 L Sch\u00fcssel massiv aus Edelstahl rostfrei 2 Geschwindigkeiten f\u00fcr die Messerwelle 2 Mischg\u00e4nge vorw\u00e4rts 2 Sch\u00fcsselgeschwindigkeiten Digitiale Anzeige DGA31 f\u00fcr Temperatur L\u00e4rmschutzdeckel 15 KW Leistung, 400V, 50 Hz Schaltschrank separat inkl. 6 Kuttermesser gebraucht, mit Zubeh\u00f6r CE-Konform<\/p>\n","protected":false},"featured_media":25828,"comment_status":"closed","ping_status":"closed","template":"","meta":{"_acf_changed":false,"_crsspst_to_strasser-maschinench":true,"inline_featured_image":false},"product_cat":[92],"product_tag":[],"class_list":{"0":"post-25670","1":"product","2":"type-product","3":"status-publish","4":"has-post-thumbnail","6":"product_cat-verkauft","8":"first","9":"instock","10":"taxable","11":"shipping-taxable","12":"product-type-simple"},"acf":[],"_links":{"self":[{"href":"https:\/\/www.strasser.co.at\/de\/wp-json\/wp\/v2\/product\/25670","targetHints":{"allow":["GET"]}}],"collection":[{"href":"https:\/\/www.strasser.co.at\/de\/wp-json\/wp\/v2\/product"}],"about":[{"href":"https:\/\/www.strasser.co.at\/de\/wp-json\/wp\/v2\/types\/product"}],"replies":[{"embeddable":true,"href":"https:\/\/www.strasser.co.at\/de\/wp-json\/wp\/v2\/comments?post=25670"}],"wp:featuredmedia":[{"embeddable":true,"href":"https:\/\/www.strasser.co.at\/de\/wp-json\/wp\/v2\/media\/25828"}],"wp:attachment":[{"href":"https:\/\/www.strasser.co.at\/de\/wp-json\/wp\/v2\/media?parent=25670"}],"wp:term":[{"taxonomy":"product_cat","embeddable":true,"href":"https:\/\/www.strasser.co.at\/de\/wp-json\/wp\/v2\/product_cat?post=25670"},{"taxonomy":"product_tag","embeddable":true,"href":"https:\/\/www.strasser.co.at\/de\/wp-json\/wp\/v2\/product_tag?post=25670"}],"curies":[{"name":"wp","href":"https:\/\/api.w.org\/{rel}","templated":true}]}}