{"id":25732,"date":"2024-01-11T14:58:57","date_gmt":"2024-01-11T13:58:57","guid":{"rendered":"https:\/\/www.strasser.co.at\/?post_type=product&#038;p=25732"},"modified":"2026-04-20T07:45:19","modified_gmt":"2026-04-20T05:45:19","slug":"seydelmann-kutter-k126h-u","status":"publish","type":"product","link":"https:\/\/www.strasser.co.at\/de\/produkt\/seydelmann-kutter-k126h-u\/","title":{"rendered":"Seydelmann Kutter K126H-U"},"content":{"rendered":"<p>2-touriger Motor f\u00fcr Messer,<br \/>\n2-touriger Sch\u00fcsselantriebsmotor<br \/>\n2-touriger Mischgangmotor<br \/>\nweitgehend massiv rostfrei<br \/>\n&#8211; 120 Liter Sch\u00fcssel aus rostfreiem Stahl<br \/>\n&#8211; Hauptmotor f\u00fcr Drehstrom IP 54, 30 &#8211; 32 kW Leistung<br \/>\n&#8211; thermische \u00dcberlastkontrolle<br \/>\n&#8211; eingebauter L\u00fcfter<br \/>\n&#8211; Stillstandsheizung f\u00fcr Motorwicklung<br \/>\n&#8211; Elektrobremse<br \/>\n&#8211; 400 Volt\/3 Phasen\/50Hz<br \/>\n&#8211; Steuerspannung 230 Volt<br \/>\n&#8211; Schaltschrank aus rostfreiem Stahl mit rostfreiem Hauptschalter<br \/>\nund ca. 4 m Steuerleitungs- und Motorkabel zwischen<br \/>\nMaschine und Schaltschrank<br \/>\n&#8211; Messerdeckel hydraulisch bet\u00e4tigt<br \/>\n&#8211; durchsichtigem L\u00e4rmschutzdeckel aus<br \/>\nSpezialkunststoff (handbet\u00e4tigt)<br \/>\n&#8211; Hydraulikgrundger\u00e4t bestehend aus:<br \/>\nMotor 1,5 kW, Pumpe, Ventilen und je<br \/>\n1 Zylinder zum Heben und Senken des Kutterdeckels<br \/>\nund des Produktauswerfers<br \/>\n&#8211; geschlossene St\u00e4nderunterseite mit Be- und Entl\u00fcftung<br \/>\n&#8211; 2-touriger Sch\u00fcsselantriebsmotor ca. 2,0 kW<br \/>\n&#8211; auswechselbarer Messerkopf<br \/>\n&#8211; &#8220;Command 1000&#8221; mikroprozessorgesteuerte Digitalanzeige<br \/>\nf\u00fcr Soll- und Istwert der Messerwellendrehzahl,<br \/>\nder Gangzahl, der Laufzeit und der Temperatur,<br \/>\nsowie Tastenfeld zur Programmierung.<br \/>\nIn separatem Edelstahl Schutzgeh\u00e4use IP66<br \/>\nFunktionen:<br \/>\n&#8211; jeweils einstellbare automatische Abschaltung bei<br \/>\nErreichen von 1 x Temperatur- oder Zeitendwert<br \/>\n&#8211; Anzeige der Messerdrehzahl und und jeweils<br \/>\nzugeh\u00f6rigen Gangzahl<br \/>\n&#8211; Anzeige der Temperatur- und Zeitwerte mit<br \/>\njeweils vorgew\u00e4hlten Abschaltwerten, zudem<br \/>\nKennzeichnung, ob diese jeweiligen Abschaltwerte<br \/>\naktiviert wurden<br \/>\n&#8211; Anzeige der Sch\u00fcsselgeschwindigkeiten und jeweils<br \/>\nzugeh\u00f6rigen Gangzahl<br \/>\ninkl. 6 Stk. Messer, gebraucht, mit Zubeh\u00f6r<\/p>\n","protected":false},"excerpt":{"rendered":"<p>2-touriger Motor f\u00fcr Messer, 2-touriger Sch\u00fcsselantriebsmotor 2-touriger Mischgangmotor weitgehend massiv rostfrei &#8211; 120 Liter Sch\u00fcssel aus rostfreiem Stahl &#8211; Hauptmotor f\u00fcr Drehstrom IP 54, 30 &#8211; 32 kW Leistung &#8211; thermische \u00dcberlastkontrolle &#8211; eingebauter L\u00fcfter &#8211; Stillstandsheizung f\u00fcr Motorwicklung &#8211; Elektrobremse &#8211; 400 Volt\/3 Phasen\/50Hz &#8211; Steuerspannung 230 Volt &#8211; Schaltschrank aus rostfreiem Stahl mit &#8230; <a title=\"Seydelmann Kutter K126H-U\" class=\"read-more\" href=\"https:\/\/www.strasser.co.at\/de\/produkt\/seydelmann-kutter-k126h-u\/\" aria-label=\"Mehr dazu unter Seydelmann Kutter K126H-U\">Weiterlesen<\/a><\/p>\n","protected":false},"featured_media":25817,"comment_status":"closed","ping_status":"closed","template":"","meta":{"_acf_changed":false,"_crsspst_to_strasser-maschinench":true,"inline_featured_image":false},"product_cat":[98],"product_tag":[],"class_list":{"0":"post-25732","1":"product","2":"type-product","3":"status-publish","4":"has-post-thumbnail","6":"product_cat-kutter","8":"first","9":"instock","10":"taxable","11":"shipping-taxable","12":"product-type-simple"},"acf":[],"_links":{"self":[{"href":"https:\/\/www.strasser.co.at\/de\/wp-json\/wp\/v2\/product\/25732","targetHints":{"allow":["GET"]}}],"collection":[{"href":"https:\/\/www.strasser.co.at\/de\/wp-json\/wp\/v2\/product"}],"about":[{"href":"https:\/\/www.strasser.co.at\/de\/wp-json\/wp\/v2\/types\/product"}],"replies":[{"embeddable":true,"href":"https:\/\/www.strasser.co.at\/de\/wp-json\/wp\/v2\/comments?post=25732"}],"wp:featuredmedia":[{"embeddable":true,"href":"https:\/\/www.strasser.co.at\/de\/wp-json\/wp\/v2\/media\/25817"}],"wp:attachment":[{"href":"https:\/\/www.strasser.co.at\/de\/wp-json\/wp\/v2\/media?parent=25732"}],"wp:term":[{"taxonomy":"product_cat","embeddable":true,"href":"https:\/\/www.strasser.co.at\/de\/wp-json\/wp\/v2\/product_cat?post=25732"},{"taxonomy":"product_tag","embeddable":true,"href":"https:\/\/www.strasser.co.at\/de\/wp-json\/wp\/v2\/product_tag?post=25732"}],"curies":[{"name":"wp","href":"https:\/\/api.w.org\/{rel}","templated":true}]}}