{"id":25791,"date":"2024-01-23T08:13:35","date_gmt":"2024-01-23T07:13:35","guid":{"rendered":"https:\/\/www.strasser.co.at\/?post_type=product&#038;p=25791"},"modified":"2024-10-21T08:32:39","modified_gmt":"2024-10-21T06:32:39","slug":"ab-hendlbrustschneider-tp-12","status":"publish","type":"product","link":"https:\/\/www.strasser.co.at\/de\/produkt\/ab-hendlbrustschneider-tp-12\/","title":{"rendered":"VERKAUFT AB Hendlbrustschneider TP 12"},"content":{"rendered":"<p>kompaktes Tischger\u00e4t<br \/>\nvollst\u00e4ndig aus Edelstahl gefertigt<br \/>\nperfekter und sicherer Schnitt von max. 45mm Dicke von<br \/>\nH\u00e4hnchen ohne Knochen, Putenbrust, kleine Rindfleischst\u00fccke<br \/>\nund Speck in 3, 4 oder 5 Scheiben<br \/>\nProduktionsgeschwindigkeit: bis zu 7 Br\u00fcste pro Minute<br \/>\neinfache Bedienung<br \/>\naktive Sicherheitssysteme<br \/>\nMotor: 115 V \/ 60 Hz<br \/>\nGewicht: 39 Kg<br \/>\ninkl. Schneidsatz TP 520 mit 3 Klingen und somit 4 Schnitten<\/p>\n","protected":false},"excerpt":{"rendered":"<p>kompaktes Tischger\u00e4t vollst\u00e4ndig aus Edelstahl gefertigt perfekter und sicherer Schnitt von max. 45mm Dicke von H\u00e4hnchen ohne Knochen, Putenbrust, kleine Rindfleischst\u00fccke und Speck in 3, 4 oder 5 Scheiben Produktionsgeschwindigkeit: bis zu 7 Br\u00fcste pro Minute einfache Bedienung aktive Sicherheitssysteme Motor: 115 V \/ 60 Hz Gewicht: 39 Kg inkl. Schneidsatz TP 520 mit 3 &#8230; <a title=\"VERKAUFT AB Hendlbrustschneider TP 12\" class=\"read-more\" href=\"https:\/\/www.strasser.co.at\/de\/produkt\/ab-hendlbrustschneider-tp-12\/\" aria-label=\"Mehr dazu unter VERKAUFT AB Hendlbrustschneider TP 12\">Weiterlesen<\/a><\/p>\n","protected":false},"featured_media":25801,"comment_status":"closed","ping_status":"closed","template":"","meta":{"_acf_changed":false,"_crsspst_to_strasser-maschinench":true,"inline_featured_image":false},"product_cat":[92],"product_tag":[],"class_list":{"0":"post-25791","1":"product","2":"type-product","3":"status-publish","4":"has-post-thumbnail","6":"product_cat-verkauft","8":"first","9":"instock","10":"taxable","11":"shipping-taxable","12":"product-type-simple"},"acf":[],"_links":{"self":[{"href":"https:\/\/www.strasser.co.at\/de\/wp-json\/wp\/v2\/product\/25791","targetHints":{"allow":["GET"]}}],"collection":[{"href":"https:\/\/www.strasser.co.at\/de\/wp-json\/wp\/v2\/product"}],"about":[{"href":"https:\/\/www.strasser.co.at\/de\/wp-json\/wp\/v2\/types\/product"}],"replies":[{"embeddable":true,"href":"https:\/\/www.strasser.co.at\/de\/wp-json\/wp\/v2\/comments?post=25791"}],"wp:featuredmedia":[{"embeddable":true,"href":"https:\/\/www.strasser.co.at\/de\/wp-json\/wp\/v2\/media\/25801"}],"wp:attachment":[{"href":"https:\/\/www.strasser.co.at\/de\/wp-json\/wp\/v2\/media?parent=25791"}],"wp:term":[{"taxonomy":"product_cat","embeddable":true,"href":"https:\/\/www.strasser.co.at\/de\/wp-json\/wp\/v2\/product_cat?post=25791"},{"taxonomy":"product_tag","embeddable":true,"href":"https:\/\/www.strasser.co.at\/de\/wp-json\/wp\/v2\/product_tag?post=25791"}],"curies":[{"name":"wp","href":"https:\/\/api.w.org\/{rel}","templated":true}]}}