{"id":25843,"date":"2024-01-26T08:39:56","date_gmt":"2024-01-26T07:39:56","guid":{"rendered":"https:\/\/www.strasser.co.at\/?post_type=product&#038;p=25843"},"modified":"2024-06-12T11:10:04","modified_gmt":"2024-06-12T09:10:04","slug":"seydelmann-paddelmischer-mr-1300","status":"publish","type":"product","link":"https:\/\/www.strasser.co.at\/de\/produkt\/seydelmann-paddelmischer-mr-1300\/","title":{"rendered":"VERKAUFT Seydelmann Paddelmischer MR 1300"},"content":{"rendered":"<p>Baujahr 2016<br \/>\n&#8211; Trichterinhalt 1300 Liter<br \/>\n&#8211; Mischkapazit\u00e4t 300-700 kg<br \/>\n&#8211; Schaltwippe<br \/>\n&#8211; 400 Volt, 50 Hz,<br \/>\n&#8211; Bedienungsb\u00fchne<br \/>\n&#8211; 4 Erh\u00f6hungsf\u00fc\u00dfe f\u00fcr Unterfahrh\u00f6he passend zu BW 200<br \/>\n&#8211; 2 Trichterausl\u00e4ufe hydraulisch bet\u00e4tigt<br \/>\n&#8211; verst\u00e4rkte \u00dcbersetzung und hydraulische<br \/>\nZuhaltung der \u00d6ffnungsluken<br \/>\n&#8211; eingelassene Maschinenabdeckungen und T\u00fcren<br \/>\n&#8211; Maschine unten geschlossen<br \/>\n&#8211; Hygieneverschl\u00fcsse<br \/>\n-AC Motoren mit Frequenzumrichter<br \/>\nund separatem Schaltschrank, inkl. 10 m Kabel<br \/>\n-2-Hand-Bedienung<br \/>\n-Wasserzufuhr<br \/>\n-Beladevorrichtung (fu\u00dfbodenbef.)<\/p>\n","protected":false},"excerpt":{"rendered":"<p>Baujahr 2016 &#8211; Trichterinhalt 1300 Liter &#8211; Mischkapazit\u00e4t 300-700 kg &#8211; Schaltwippe &#8211; 400 Volt, 50 Hz, &#8211; Bedienungsb\u00fchne &#8211; 4 Erh\u00f6hungsf\u00fc\u00dfe f\u00fcr Unterfahrh\u00f6he passend zu BW 200 &#8211; 2 Trichterausl\u00e4ufe hydraulisch bet\u00e4tigt &#8211; verst\u00e4rkte \u00dcbersetzung und hydraulische Zuhaltung der \u00d6ffnungsluken &#8211; eingelassene Maschinenabdeckungen und T\u00fcren &#8211; Maschine unten geschlossen &#8211; Hygieneverschl\u00fcsse -AC Motoren mit &#8230; <a title=\"VERKAUFT Seydelmann Paddelmischer MR 1300\" class=\"read-more\" href=\"https:\/\/www.strasser.co.at\/de\/produkt\/seydelmann-paddelmischer-mr-1300\/\" aria-label=\"Mehr dazu unter VERKAUFT Seydelmann Paddelmischer MR 1300\">Weiterlesen<\/a><\/p>\n","protected":false},"featured_media":0,"comment_status":"closed","ping_status":"closed","template":"","meta":{"_acf_changed":false,"_crsspst_to_strasser-maschinench":true,"inline_featured_image":false},"product_cat":[92],"product_tag":[],"class_list":{"0":"post-25843","1":"product","2":"type-product","3":"status-publish","5":"product_cat-verkauft","7":"first","8":"instock","9":"taxable","10":"shipping-taxable","11":"product-type-simple"},"acf":[],"_links":{"self":[{"href":"https:\/\/www.strasser.co.at\/de\/wp-json\/wp\/v2\/product\/25843","targetHints":{"allow":["GET"]}}],"collection":[{"href":"https:\/\/www.strasser.co.at\/de\/wp-json\/wp\/v2\/product"}],"about":[{"href":"https:\/\/www.strasser.co.at\/de\/wp-json\/wp\/v2\/types\/product"}],"replies":[{"embeddable":true,"href":"https:\/\/www.strasser.co.at\/de\/wp-json\/wp\/v2\/comments?post=25843"}],"wp:attachment":[{"href":"https:\/\/www.strasser.co.at\/de\/wp-json\/wp\/v2\/media?parent=25843"}],"wp:term":[{"taxonomy":"product_cat","embeddable":true,"href":"https:\/\/www.strasser.co.at\/de\/wp-json\/wp\/v2\/product_cat?post=25843"},{"taxonomy":"product_tag","embeddable":true,"href":"https:\/\/www.strasser.co.at\/de\/wp-json\/wp\/v2\/product_tag?post=25843"}],"curies":[{"name":"wp","href":"https:\/\/api.w.org\/{rel}","templated":true}]}}