{"id":25847,"date":"2024-01-26T08:56:01","date_gmt":"2024-01-26T07:56:01","guid":{"rendered":"https:\/\/www.strasser.co.at\/?post_type=product&#038;p=25847"},"modified":"2024-06-12T09:53:02","modified_gmt":"2024-06-12T07:53:02","slug":"vc999-vakuum-verpackungsmaschine-k5n","status":"publish","type":"product","link":"https:\/\/www.strasser.co.at\/de\/produkt\/vc999-vakuum-verpackungsmaschine-k5n\/","title":{"rendered":"VERKAUFT VC999 Vakuumsmaschine K5N"},"content":{"rendered":"<p>Standmodell mit Begasung<br \/>\n&#8211; fahrbar<br \/>\n&#8211; Programm Steuerung<br \/>\n&#8211; gro\u00dfes Kammervolumen unter dem Deckel<br \/>\n&#8211; Soft-Bel\u00fcftung &#8211; zur Schonung von Verpackungs-<br \/>\ngut und -material<br \/>\n&#8211; Geh\u00e4use aus rostfreien Materialien<br \/>\n&#8211; leicht zu reinigen<br \/>\n&#8211; verschiedene Vakuum-Modi:<br \/>\n&#8211; Auf Sollwert<br \/>\n&#8211; in Stufen auf Sollwert<br \/>\n&#8211; bis zur Verdampfungspunkterkennung<br \/>\n&#8211; mit Soft-Air Vorbel\u00fcftung<br \/>\n&#8211; mit Doppelnaht-Trennsiegelung<br \/>\nAnzahl Schweisschienen: 2 pro Kammer<br \/>\nSchweissschienenl\u00e4nge: 715 \/ 500 mm<br \/>\nKammerinnenma\u00dfe (BxHxT): 810 x 205 x 605 mm<br \/>\nVakuumpumpe: 100 m\u00b3\/h<br \/>\nMax. Vakuum: 1mbar, 99,9 %<br \/>\nTaktleistung: 2 &#8211; 3 Takt \/ Min.<br \/>\nAnschlusswert: 400 V \/ 3 \/ 50 Hz \/ 4 kW \/ 16 AT<br \/>\nMaschinenabmessungen (BxHxT): 850 x 1072 x 1016 mm<br \/>\nGewicht: 330 kg<\/p>\n","protected":false},"excerpt":{"rendered":"<p>Standmodell mit Begasung &#8211; fahrbar &#8211; Programm Steuerung &#8211; gro\u00dfes Kammervolumen unter dem Deckel &#8211; Soft-Bel\u00fcftung &#8211; zur Schonung von Verpackungs- gut und -material &#8211; Geh\u00e4use aus rostfreien Materialien &#8211; leicht zu reinigen &#8211; verschiedene Vakuum-Modi: &#8211; Auf Sollwert &#8211; in Stufen auf Sollwert &#8211; bis zur Verdampfungspunkterkennung &#8211; mit Soft-Air Vorbel\u00fcftung &#8211; mit Doppelnaht-Trennsiegelung &#8230; <a title=\"VERKAUFT VC999 Vakuumsmaschine K5N\" class=\"read-more\" href=\"https:\/\/www.strasser.co.at\/de\/produkt\/vc999-vakuum-verpackungsmaschine-k5n\/\" aria-label=\"Mehr dazu unter VERKAUFT VC999 Vakuumsmaschine K5N\">Weiterlesen<\/a><\/p>\n","protected":false},"featured_media":25895,"comment_status":"closed","ping_status":"closed","template":"","meta":{"_acf_changed":false,"_crsspst_to_strasser-maschinench":true,"inline_featured_image":false},"product_cat":[92],"product_tag":[],"class_list":{"0":"post-25847","1":"product","2":"type-product","3":"status-publish","4":"has-post-thumbnail","6":"product_cat-verkauft","8":"first","9":"instock","10":"taxable","11":"shipping-taxable","12":"product-type-simple"},"acf":[],"_links":{"self":[{"href":"https:\/\/www.strasser.co.at\/de\/wp-json\/wp\/v2\/product\/25847","targetHints":{"allow":["GET"]}}],"collection":[{"href":"https:\/\/www.strasser.co.at\/de\/wp-json\/wp\/v2\/product"}],"about":[{"href":"https:\/\/www.strasser.co.at\/de\/wp-json\/wp\/v2\/types\/product"}],"replies":[{"embeddable":true,"href":"https:\/\/www.strasser.co.at\/de\/wp-json\/wp\/v2\/comments?post=25847"}],"wp:featuredmedia":[{"embeddable":true,"href":"https:\/\/www.strasser.co.at\/de\/wp-json\/wp\/v2\/media\/25895"}],"wp:attachment":[{"href":"https:\/\/www.strasser.co.at\/de\/wp-json\/wp\/v2\/media?parent=25847"}],"wp:term":[{"taxonomy":"product_cat","embeddable":true,"href":"https:\/\/www.strasser.co.at\/de\/wp-json\/wp\/v2\/product_cat?post=25847"},{"taxonomy":"product_tag","embeddable":true,"href":"https:\/\/www.strasser.co.at\/de\/wp-json\/wp\/v2\/product_tag?post=25847"}],"curies":[{"name":"wp","href":"https:\/\/api.w.org\/{rel}","templated":true}]}}