{"id":25954,"date":"2024-02-14T10:43:07","date_gmt":"2024-02-14T09:43:07","guid":{"rendered":"https:\/\/www.strasser.co.at\/?post_type=product&#038;p=25954"},"modified":"2024-02-26T12:58:07","modified_gmt":"2024-02-26T11:58:07","slug":"henkovac-vakuummaschine-d1","status":"publish","type":"product","link":"https:\/\/www.strasser.co.at\/de\/produkt\/henkovac-vakuummaschine-d1\/","title":{"rendered":"VERKAUFT: Henkovac Vakuummaschine D1"},"content":{"rendered":"<p>mit hochwertiger Busch Vakuumpumpe 100 m\u00b3<br \/>\nweitgehend massiv aus Edelstahl rostfrei<br \/>\nDeckel aus Edelstahl<br \/>\nKammergr\u00f6\u00dfe: 620 x 520 mm<br \/>\nMax. Produkth\u00f6he: 230 mm<br \/>\nSchwei\u00dfl\u00e4nge: 620 mm<br \/>\nSpannung: 230\/400 V &#8211; 3 PH &#8211; 50 Hz<br \/>\nSchutz: IP65<br \/>\nGewicht: 425 kg<br \/>\nMaschinenabm.: 1440 x 900 x 1205 mm<br \/>\nSchwei\u00dfung: Doppelnaht<br \/>\nDigitale Zeitsteuerung mit 10 Programmen<br \/>\nGewicht: 425 kg<\/p>\n","protected":false},"excerpt":{"rendered":"<p>mit hochwertiger Busch Vakuumpumpe 100 m\u00b3 weitgehend massiv aus Edelstahl rostfrei Deckel aus Edelstahl Kammergr\u00f6\u00dfe: 620 x 520 mm Max. Produkth\u00f6he: 230 mm Schwei\u00dfl\u00e4nge: 620 mm Spannung: 230\/400 V &#8211; 3 PH &#8211; 50 Hz Schutz: IP65 Gewicht: 425 kg Maschinenabm.: 1440 x 900 x 1205 mm Schwei\u00dfung: Doppelnaht Digitale Zeitsteuerung mit 10 Programmen Gewicht: &#8230; <a title=\"VERKAUFT: Henkovac Vakuummaschine D1\" class=\"read-more\" href=\"https:\/\/www.strasser.co.at\/de\/produkt\/henkovac-vakuummaschine-d1\/\" aria-label=\"Mehr dazu unter VERKAUFT: Henkovac Vakuummaschine D1\">Weiterlesen<\/a><\/p>\n","protected":false},"featured_media":0,"comment_status":"closed","ping_status":"closed","template":"","meta":{"_acf_changed":false,"_crsspst_to_strasser-maschinench":false,"inline_featured_image":false},"product_cat":[92],"product_tag":[],"class_list":{"0":"post-25954","1":"product","2":"type-product","3":"status-publish","5":"product_cat-verkauft","7":"first","8":"instock","9":"taxable","10":"shipping-taxable","11":"product-type-simple"},"acf":[],"_links":{"self":[{"href":"https:\/\/www.strasser.co.at\/de\/wp-json\/wp\/v2\/product\/25954","targetHints":{"allow":["GET"]}}],"collection":[{"href":"https:\/\/www.strasser.co.at\/de\/wp-json\/wp\/v2\/product"}],"about":[{"href":"https:\/\/www.strasser.co.at\/de\/wp-json\/wp\/v2\/types\/product"}],"replies":[{"embeddable":true,"href":"https:\/\/www.strasser.co.at\/de\/wp-json\/wp\/v2\/comments?post=25954"}],"wp:attachment":[{"href":"https:\/\/www.strasser.co.at\/de\/wp-json\/wp\/v2\/media?parent=25954"}],"wp:term":[{"taxonomy":"product_cat","embeddable":true,"href":"https:\/\/www.strasser.co.at\/de\/wp-json\/wp\/v2\/product_cat?post=25954"},{"taxonomy":"product_tag","embeddable":true,"href":"https:\/\/www.strasser.co.at\/de\/wp-json\/wp\/v2\/product_tag?post=25954"}],"curies":[{"name":"wp","href":"https:\/\/api.w.org\/{rel}","templated":true}]}}