{"id":25961,"date":"2024-02-14T13:53:18","date_gmt":"2024-02-14T12:53:18","guid":{"rendered":"https:\/\/www.strasser.co.at\/?post_type=product&#038;p=25961"},"modified":"2024-06-27T10:45:02","modified_gmt":"2024-06-27T08:45:02","slug":"henkovac-dk-vakuummaschine-d3","status":"publish","type":"product","link":"https:\/\/www.strasser.co.at\/de\/produkt\/henkovac-dk-vakuummaschine-d3\/","title":{"rendered":"VERKAUFT: Henkovac DK-Vakuummaschine D3"},"content":{"rendered":"<p>mit hochwertiger Busch Vakuumpumpe 360 m\u00b3<br \/>\nweitgehend massiv aus Edelstahl rostfrei<br \/>\nDeckel aus Edelstahl<br \/>\ninkl. R\u00fcckbegasung<br \/>\nKammergr\u00f6\u00dfe: 820 x 700 mm<br \/>\nMax. Produkth\u00f6he: 250 mm<br \/>\nSchwei\u00dfl\u00e4nge: 820 mm<br \/>\nSpannung: 230\/400 V &#8211; 3 PH &#8211; 50 Hz<br \/>\nSchutz: IP65<br \/>\nGewicht: 600 kg<br \/>\nMaschinenabm.: 1865 x 1100 x 1170 mm<br \/>\nSchwei\u00dfung: Doppelnaht<br \/>\nDigitale Zeitsteuerung mit 10 Programmen<br \/>\nGewicht: 600 kg<\/p>\n","protected":false},"excerpt":{"rendered":"<p>mit hochwertiger Busch Vakuumpumpe 360 m\u00b3 weitgehend massiv aus Edelstahl rostfrei Deckel aus Edelstahl inkl. R\u00fcckbegasung Kammergr\u00f6\u00dfe: 820 x 700 mm Max. Produkth\u00f6he: 250 mm Schwei\u00dfl\u00e4nge: 820 mm Spannung: 230\/400 V &#8211; 3 PH &#8211; 50 Hz Schutz: IP65 Gewicht: 600 kg Maschinenabm.: 1865 x 1100 x 1170 mm Schwei\u00dfung: Doppelnaht Digitale Zeitsteuerung mit 10 &#8230; <a title=\"VERKAUFT: Henkovac DK-Vakuummaschine D3\" class=\"read-more\" href=\"https:\/\/www.strasser.co.at\/de\/produkt\/henkovac-dk-vakuummaschine-d3\/\" aria-label=\"Mehr dazu unter VERKAUFT: Henkovac DK-Vakuummaschine D3\">Weiterlesen<\/a><\/p>\n","protected":false},"featured_media":26352,"comment_status":"closed","ping_status":"closed","template":"","meta":{"_acf_changed":false,"_crsspst_to_strasser-maschinench":true,"inline_featured_image":false},"product_cat":[92],"product_tag":[],"class_list":{"0":"post-25961","1":"product","2":"type-product","3":"status-publish","4":"has-post-thumbnail","6":"product_cat-verkauft","8":"first","9":"instock","10":"taxable","11":"shipping-taxable","12":"product-type-simple"},"acf":[],"_links":{"self":[{"href":"https:\/\/www.strasser.co.at\/de\/wp-json\/wp\/v2\/product\/25961","targetHints":{"allow":["GET"]}}],"collection":[{"href":"https:\/\/www.strasser.co.at\/de\/wp-json\/wp\/v2\/product"}],"about":[{"href":"https:\/\/www.strasser.co.at\/de\/wp-json\/wp\/v2\/types\/product"}],"replies":[{"embeddable":true,"href":"https:\/\/www.strasser.co.at\/de\/wp-json\/wp\/v2\/comments?post=25961"}],"wp:featuredmedia":[{"embeddable":true,"href":"https:\/\/www.strasser.co.at\/de\/wp-json\/wp\/v2\/media\/26352"}],"wp:attachment":[{"href":"https:\/\/www.strasser.co.at\/de\/wp-json\/wp\/v2\/media?parent=25961"}],"wp:term":[{"taxonomy":"product_cat","embeddable":true,"href":"https:\/\/www.strasser.co.at\/de\/wp-json\/wp\/v2\/product_cat?post=25961"},{"taxonomy":"product_tag","embeddable":true,"href":"https:\/\/www.strasser.co.at\/de\/wp-json\/wp\/v2\/product_tag?post=25961"}],"curies":[{"name":"wp","href":"https:\/\/api.w.org\/{rel}","templated":true}]}}