{"id":25972,"date":"2024-02-15T08:48:46","date_gmt":"2024-02-15T07:48:46","guid":{"rendered":"https:\/\/www.strasser.co.at\/?post_type=product&#038;p=25972"},"modified":"2024-02-15T11:18:27","modified_gmt":"2024-02-15T10:18:27","slug":"oxytec","status":"publish","type":"product","link":"https:\/\/www.strasser.co.at\/de\/produkt\/oxytec\/","title":{"rendered":"OXYTEC"},"content":{"rendered":"<div class=\"uk-grid tm-grid-expand uk-child-width-1-1 uk-grid-margin\">\n<div class=\"uk-width-1-1\">\n<h1 class=\"uk-heading-medium uk-margin-remove-bottom\"><span class=\"uk-text-background\">oxytec<\/span><\/h1>\n<h2 class=\"uk-margin-remove-top\">Reinheit nach dem Vorbild der Natur<\/h2>\n<\/div>\n<\/div>\n<div class=\"uk-grid tm-grid-expand uk-grid-margin\">\n<div class=\"uk-width-2-3@m uk-first-column\">\n<div class=\"uk-panel uk-text-large uk-margin\">\n<p>oxytec ist auf die Reinigung organisch belasteter Abluft, auf die Desinfektion von Luft, Wasser und Oberfl\u00e4chen, sowie auf die Wasserreinigung spezialisiert. Die L\u00f6sungen werden mit wissenschaftlichen Methoden \u00fcberpr\u00fcft und sind f\u00fcr viele Felder zertifiziert.<\/p>\n<p>Die Anwender kommen aus der Industrie, der Gastronomie, \u00f6ffentlichen Betrieben und zunehmend auch aus Kleingewerbe und Privathaushalten.<\/p>\n<\/div>\n<\/div>\n<\/div>\n<p>&nbsp;<\/p>\n<p><strong>Abluft- und Entkeimungssysteme f\u00fcr die Lebensmittelindustrie:<\/strong><\/p>\n<p>\u2022 Abluftkonzepte f\u00fcr Schlachth\u00e4user<br \/>\n\u2022 Abluftkonzepte f\u00fcr Convenience und R\u00e4ucherprodukte<br \/>\n(Fritteusen, Gar\u00f6fen, Kontaktbr\u00e4ter, R\u00e4ucheranlagen)<br \/>\n\u2022 Abluftkonzepte f\u00fcr PET-Food Herstellung<\/p>\n<p>\u2022 Entkeimungssysteme f\u00fcr Geh\u00e4useluftk\u00fchler<br \/>\n\u2022 Entkeimungssysteme f\u00fcr Verdampfer und RLT-Anlagen (Monoblocks)<br \/>\n\u2022 Oberfl\u00e4chenentkeimung von Plastikverpackungen<br \/>\n\u2022 Bandentkeimung\/ Spezialanwendungen<\/p>\n<p>&nbsp;<\/p>\n<p><strong>Geruchsfrei<\/strong> \u2013 teilweise in Kombination mit Gegenstromw\u00e4scher, Elektrostatischem Filter, UV-C\/Ozon-System und Katalysator.<\/p>\n<p><strong>Keimfrei<\/strong> \u2013 UV-C Systeme oder Kombinationen aus UV-C und Ozonsystemen zur Luft- und Oberfl\u00e4chenentkeimung.<\/p>\n","protected":false},"excerpt":{"rendered":"<p>Abluftsysteme,\u00a0Entkeimungssysteme<\/p>\n","protected":false},"featured_media":25973,"comment_status":"closed","ping_status":"closed","template":"","meta":{"_acf_changed":false,"_crsspst_to_strasser-maschinench":true,"inline_featured_image":false},"product_cat":[62,450],"product_tag":[],"class_list":{"0":"post-25972","1":"product","2":"type-product","3":"status-publish","4":"has-post-thumbnail","6":"product_cat-neumaschinen","7":"product_cat-strasser-ch","9":"first","10":"instock","11":"taxable","12":"shipping-taxable","13":"product-type-simple"},"acf":[],"_links":{"self":[{"href":"https:\/\/www.strasser.co.at\/de\/wp-json\/wp\/v2\/product\/25972","targetHints":{"allow":["GET"]}}],"collection":[{"href":"https:\/\/www.strasser.co.at\/de\/wp-json\/wp\/v2\/product"}],"about":[{"href":"https:\/\/www.strasser.co.at\/de\/wp-json\/wp\/v2\/types\/product"}],"replies":[{"embeddable":true,"href":"https:\/\/www.strasser.co.at\/de\/wp-json\/wp\/v2\/comments?post=25972"}],"wp:featuredmedia":[{"embeddable":true,"href":"https:\/\/www.strasser.co.at\/de\/wp-json\/wp\/v2\/media\/25973"}],"wp:attachment":[{"href":"https:\/\/www.strasser.co.at\/de\/wp-json\/wp\/v2\/media?parent=25972"}],"wp:term":[{"taxonomy":"product_cat","embeddable":true,"href":"https:\/\/www.strasser.co.at\/de\/wp-json\/wp\/v2\/product_cat?post=25972"},{"taxonomy":"product_tag","embeddable":true,"href":"https:\/\/www.strasser.co.at\/de\/wp-json\/wp\/v2\/product_tag?post=25972"}],"curies":[{"name":"wp","href":"https:\/\/api.w.org\/{rel}","templated":true}]}}