{"id":26119,"date":"2024-03-07T12:50:30","date_gmt":"2024-03-07T11:50:30","guid":{"rendered":"https:\/\/www.strasser.co.at\/?post_type=product&#038;p=26119"},"modified":"2024-04-02T13:07:38","modified_gmt":"2024-04-02T11:07:38","slug":"guenther-injektor-pi9","status":"publish","type":"product","link":"https:\/\/www.strasser.co.at\/de\/produkt\/guenther-injektor-pi9\/","title":{"rendered":"VERKAUFT: G\u00fcnther Injektor PI9"},"content":{"rendered":"<p>funktionsbereit &#8211; ohne Gew\u00e4hr<br \/>\nzum Injizieren von Fleisch mit und ohne Knochen<br \/>\naus Edelstahl<br \/>\n9 Nadeln 4mm<br \/>\nArbeitsbreite: 265 mm<br \/>\nArbeitshub: 185 mm<br \/>\nDirektantrieb oberhalb des P\u00f6kelraums<br \/>\nverstellbarer Vorschub des F\u00f6rderbandes<br \/>\nSpezialf\u00f6rderband aus Poly\u00e4thylen komplett herausnehmbar<\/p>\n","protected":false},"excerpt":{"rendered":"<p>funktionsbereit &#8211; ohne Gew\u00e4hr zum Injizieren von Fleisch mit und ohne Knochen aus Edelstahl 9 Nadeln 4mm Arbeitsbreite: 265 mm Arbeitshub: 185 mm Direktantrieb oberhalb des P\u00f6kelraums verstellbarer Vorschub des F\u00f6rderbandes Spezialf\u00f6rderband aus Poly\u00e4thylen komplett herausnehmbar<\/p>\n","protected":false},"featured_media":26120,"comment_status":"closed","ping_status":"closed","template":"","meta":{"_acf_changed":false,"_crsspst_to_strasser-maschinench":true,"inline_featured_image":false},"product_cat":[92],"product_tag":[],"class_list":{"0":"post-26119","1":"product","2":"type-product","3":"status-publish","4":"has-post-thumbnail","6":"product_cat-verkauft","8":"first","9":"instock","10":"taxable","11":"shipping-taxable","12":"product-type-simple"},"acf":[],"_links":{"self":[{"href":"https:\/\/www.strasser.co.at\/de\/wp-json\/wp\/v2\/product\/26119","targetHints":{"allow":["GET"]}}],"collection":[{"href":"https:\/\/www.strasser.co.at\/de\/wp-json\/wp\/v2\/product"}],"about":[{"href":"https:\/\/www.strasser.co.at\/de\/wp-json\/wp\/v2\/types\/product"}],"replies":[{"embeddable":true,"href":"https:\/\/www.strasser.co.at\/de\/wp-json\/wp\/v2\/comments?post=26119"}],"wp:featuredmedia":[{"embeddable":true,"href":"https:\/\/www.strasser.co.at\/de\/wp-json\/wp\/v2\/media\/26120"}],"wp:attachment":[{"href":"https:\/\/www.strasser.co.at\/de\/wp-json\/wp\/v2\/media?parent=26119"}],"wp:term":[{"taxonomy":"product_cat","embeddable":true,"href":"https:\/\/www.strasser.co.at\/de\/wp-json\/wp\/v2\/product_cat?post=26119"},{"taxonomy":"product_tag","embeddable":true,"href":"https:\/\/www.strasser.co.at\/de\/wp-json\/wp\/v2\/product_tag?post=26119"}],"curies":[{"name":"wp","href":"https:\/\/api.w.org\/{rel}","templated":true}]}}