{"id":26126,"date":"2024-03-07T13:16:25","date_gmt":"2024-03-07T12:16:25","guid":{"rendered":"https:\/\/www.strasser.co.at\/?post_type=product&#038;p=26126"},"modified":"2024-04-02T15:48:04","modified_gmt":"2024-04-02T13:48:04","slug":"kg-wetter-mischwinkelwolf-e130-443","status":"publish","type":"product","link":"https:\/\/www.strasser.co.at\/de\/produkt\/kg-wetter-mischwinkelwolf-e130-443\/","title":{"rendered":"Verkauft: K+G Wetter Mischwinkelwolf E130-443"},"content":{"rendered":"<p>Baujahr 2017<br \/>\n2-tourige Arbeitsschnecke<br \/>\n2-tourige Zubringerschnecke<br \/>\nMischautomatik<br \/>\nTemperaturanzeige<br \/>\nweitgehend massiv rostfrei<br \/>\nmit 130 mm Lochscheibendurchmesser<br \/>\n16 kW-Leistung, 400 V, 50 Hz<br \/>\nSchaltschrank eingebaut<br \/>\nSchneckengeh\u00e4use rostfrei<br \/>\nAuslaufhandschutz<br \/>\neingebaute Beladung f\u00fcr BW 200 L<br \/>\nUnterfahrh\u00f6he f\u00fcr 200 Liter Normwagen<br \/>\nSortiereinrichtung angebaut<br \/>\nkompletter Schneidsatz gebraucht<br \/>\nCE-Konform<\/p>\n","protected":false},"excerpt":{"rendered":"<p>Baujahr 2017 2-tourige Arbeitsschnecke 2-tourige Zubringerschnecke Mischautomatik Temperaturanzeige weitgehend massiv rostfrei mit 130 mm Lochscheibendurchmesser 16 kW-Leistung, 400 V, 50 Hz Schaltschrank eingebaut Schneckengeh\u00e4use rostfrei Auslaufhandschutz eingebaute Beladung f\u00fcr BW 200 L Unterfahrh\u00f6he f\u00fcr 200 Liter Normwagen Sortiereinrichtung angebaut kompletter Schneidsatz gebraucht CE-Konform<\/p>\n","protected":false},"featured_media":26127,"comment_status":"closed","ping_status":"closed","template":"","meta":{"_acf_changed":false,"_crsspst_to_strasser-maschinench":false,"inline_featured_image":false},"product_cat":[92],"product_tag":[],"class_list":{"0":"post-26126","1":"product","2":"type-product","3":"status-publish","4":"has-post-thumbnail","6":"product_cat-verkauft","8":"first","9":"instock","10":"taxable","11":"shipping-taxable","12":"product-type-simple"},"acf":[],"_links":{"self":[{"href":"https:\/\/www.strasser.co.at\/de\/wp-json\/wp\/v2\/product\/26126","targetHints":{"allow":["GET"]}}],"collection":[{"href":"https:\/\/www.strasser.co.at\/de\/wp-json\/wp\/v2\/product"}],"about":[{"href":"https:\/\/www.strasser.co.at\/de\/wp-json\/wp\/v2\/types\/product"}],"replies":[{"embeddable":true,"href":"https:\/\/www.strasser.co.at\/de\/wp-json\/wp\/v2\/comments?post=26126"}],"wp:featuredmedia":[{"embeddable":true,"href":"https:\/\/www.strasser.co.at\/de\/wp-json\/wp\/v2\/media\/26127"}],"wp:attachment":[{"href":"https:\/\/www.strasser.co.at\/de\/wp-json\/wp\/v2\/media?parent=26126"}],"wp:term":[{"taxonomy":"product_cat","embeddable":true,"href":"https:\/\/www.strasser.co.at\/de\/wp-json\/wp\/v2\/product_cat?post=26126"},{"taxonomy":"product_tag","embeddable":true,"href":"https:\/\/www.strasser.co.at\/de\/wp-json\/wp\/v2\/product_tag?post=26126"}],"curies":[{"name":"wp","href":"https:\/\/api.w.org\/{rel}","templated":true}]}}