{"id":26138,"date":"2024-03-07T14:14:59","date_gmt":"2024-03-07T13:14:59","guid":{"rendered":"https:\/\/www.strasser.co.at\/?post_type=product&#038;p=26138"},"modified":"2024-04-16T10:10:31","modified_gmt":"2024-04-16T08:10:31","slug":"seydelmann-wolfautomat-ae130-3","status":"publish","type":"product","link":"https:\/\/www.strasser.co.at\/de\/produkt\/seydelmann-wolfautomat-ae130-3\/","title":{"rendered":"Verkauft: Seydelmann Wolfautomat AE130\/3"},"content":{"rendered":"<p>weitgehend massiv rostfrei<br \/>\n2 Schneckengeschwindigkeiten<br \/>\n&#8211; mit 130 mm Lochscheibendurchmesser<br \/>\n&#8211; thermische \u00dcberlastabschaltung<br \/>\n&#8211; Schaltschrank eingebaut f\u00fcr 230 Volt Steuerstrom<br \/>\n&#8211; ca. 300 Liter Trichter<br \/>\n&#8211; extra weite konische rostfreie Zubringerschnecke, 2-tourig<br \/>\nrechtwinkelig zur rostfreien Arbeitsschnecke<br \/>\n&#8211; Schneckengeh\u00e4use massiv rostfrei mit<br \/>\ngeh\u00e4rteten Lauffl\u00e4chen<br \/>\n&#8211; Bajonettverschlu\u00df aus rostfreiem Stahl<br \/>\n&#8211; Auslaufhandschutz elektrisch verriegelt<br \/>\n&#8211; Schaltwippe an der Trichteroberkante<br \/>\n&#8211; Maschinenst\u00e4nder unten geschlossen mit Bund<br \/>\nEntl\u00fcftungssystem<br \/>\n&#8211; eingelassene Abdeckungen<br \/>\n&#8211; Antrieb f\u00fcr 400 Volt, 3 Phasen, 50 Hz<br \/>\n&#8211; Steuerspannung 24 V<br \/>\n&#8211; Drehstrommotor IP 55 vollkommen geschlossen<br \/>\nca. 14\/18 kW Leistung<br \/>\n&#8211; separater, zweitouriger Zubringermotor 1,8 kW<br \/>\n&#8211; Sicherheitsauftritt und Erh\u00f6hungsf\u00fc\u00dfe<br \/>\n&#8211; Hygieneverschl\u00fcsse<br \/>\n&#8211; Schneidsatz bestehend aus:<br \/>\n2 Messer, 1 Vorschneider,<br \/>\nje 1 Lochscheibe mit 3, 8 und 13 mm<br \/>\ninkl. Beladevorrichtung BW200 links<br \/>\ninkl. Unterfahrh\u00f6he 950 mm<br \/>\ninkl. Schneckenwagen<\/p>\n","protected":false},"excerpt":{"rendered":"<p>weitgehend massiv rostfrei 2 Schneckengeschwindigkeiten &#8211; mit 130 mm Lochscheibendurchmesser &#8211; thermische \u00dcberlastabschaltung &#8211; Schaltschrank eingebaut f\u00fcr 230 Volt Steuerstrom &#8211; ca. 300 Liter Trichter &#8211; extra weite konische rostfreie Zubringerschnecke, 2-tourig rechtwinkelig zur rostfreien Arbeitsschnecke &#8211; Schneckengeh\u00e4use massiv rostfrei mit geh\u00e4rteten Lauffl\u00e4chen &#8211; Bajonettverschlu\u00df aus rostfreiem Stahl &#8211; Auslaufhandschutz elektrisch verriegelt &#8211; Schaltwippe an &#8230; <a title=\"Verkauft: Seydelmann Wolfautomat AE130\/3\" class=\"read-more\" href=\"https:\/\/www.strasser.co.at\/de\/produkt\/seydelmann-wolfautomat-ae130-3\/\" aria-label=\"Mehr dazu unter Verkauft: Seydelmann Wolfautomat AE130\/3\">Weiterlesen<\/a><\/p>\n","protected":false},"featured_media":26139,"comment_status":"closed","ping_status":"closed","template":"","meta":{"_acf_changed":false,"_crsspst_to_strasser-maschinench":true,"inline_featured_image":false},"product_cat":[92],"product_tag":[],"class_list":{"0":"post-26138","1":"product","2":"type-product","3":"status-publish","4":"has-post-thumbnail","6":"product_cat-verkauft","8":"first","9":"instock","10":"taxable","11":"shipping-taxable","12":"product-type-simple"},"acf":[],"_links":{"self":[{"href":"https:\/\/www.strasser.co.at\/de\/wp-json\/wp\/v2\/product\/26138","targetHints":{"allow":["GET"]}}],"collection":[{"href":"https:\/\/www.strasser.co.at\/de\/wp-json\/wp\/v2\/product"}],"about":[{"href":"https:\/\/www.strasser.co.at\/de\/wp-json\/wp\/v2\/types\/product"}],"replies":[{"embeddable":true,"href":"https:\/\/www.strasser.co.at\/de\/wp-json\/wp\/v2\/comments?post=26138"}],"wp:featuredmedia":[{"embeddable":true,"href":"https:\/\/www.strasser.co.at\/de\/wp-json\/wp\/v2\/media\/26139"}],"wp:attachment":[{"href":"https:\/\/www.strasser.co.at\/de\/wp-json\/wp\/v2\/media?parent=26138"}],"wp:term":[{"taxonomy":"product_cat","embeddable":true,"href":"https:\/\/www.strasser.co.at\/de\/wp-json\/wp\/v2\/product_cat?post=26138"},{"taxonomy":"product_tag","embeddable":true,"href":"https:\/\/www.strasser.co.at\/de\/wp-json\/wp\/v2\/product_tag?post=26138"}],"curies":[{"name":"wp","href":"https:\/\/api.w.org\/{rel}","templated":true}]}}