{"id":26146,"date":"2024-03-07T14:27:14","date_gmt":"2024-03-07T13:27:14","guid":{"rendered":"https:\/\/www.strasser.co.at\/?post_type=product&#038;p=26146"},"modified":"2024-03-08T07:31:26","modified_gmt":"2024-03-08T06:31:26","slug":"schaelomat-typ-compact","status":"publish","type":"product","link":"https:\/\/www.strasser.co.at\/de\/produkt\/schaelomat-typ-compact\/","title":{"rendered":"Sch\u00e4lomat Typ Compact"},"content":{"rendered":"<p>MNr. 2107202103<br \/>\nBaujahr 2021<br \/>\nVollautomatische Sch\u00e4lmaschine<br \/>\ninklusive Standard F\u00fchrung 28<br \/>\nProduktdimensionen &amp; Kapazit\u00e4ten:<br \/>\nDurchmesser: 12 &#8211; 40 mm<br \/>\nmax. Kapazit\u00e4t: 250 m \/ min.<br \/>\nDruck: 6 bar<br \/>\nLuftverbrauch: 35 m\u00b3 \/ h<br \/>\nAnschluss: NW 7,2<br \/>\nVakuum: 370 m\u00b3 \/ h<br \/>\nSpannung: 400 V<br \/>\nFrequenz: 50 Hz<br \/>\nAbmessungen:<br \/>\nLxBxH: 1345 x 680 x 1270 mm<br \/>\nNetto Gewicht: 220 kg<br \/>\nInkl. F\u00fchrung 36, F\u00fchrungsrohr aus Edelstahl Gr. 36, F\u00fchrung 46,<br \/>\nF\u00fchrungsrohr aus Edelstahl Gr. 46, Halter f. Compact kplt.,<br \/>\nweiteres Zubeh\u00f6r: Federblech gebogen, Federblech, Antriebsriemen HTD, Mehrzweckbeh\u00e4lter, Absaugklappe gezahnt, Absauggeh\u00e4use<\/p>\n","protected":false},"excerpt":{"rendered":"<p>MNr. 2107202103 Baujahr 2021 Vollautomatische Sch\u00e4lmaschine inklusive Standard F\u00fchrung 28 Produktdimensionen &amp; Kapazit\u00e4ten: Durchmesser: 12 &#8211; 40 mm max. Kapazit\u00e4t: 250 m \/ min. Druck: 6 bar Luftverbrauch: 35 m\u00b3 \/ h Anschluss: NW 7,2 Vakuum: 370 m\u00b3 \/ h Spannung: 400 V Frequenz: 50 Hz Abmessungen: LxBxH: 1345 x 680 x 1270 mm Netto &#8230; <a title=\"Sch\u00e4lomat Typ Compact\" class=\"read-more\" href=\"https:\/\/www.strasser.co.at\/de\/produkt\/schaelomat-typ-compact\/\" aria-label=\"Mehr dazu unter Sch\u00e4lomat Typ Compact\">Weiterlesen<\/a><\/p>\n","protected":false},"featured_media":0,"comment_status":"closed","ping_status":"closed","template":"","meta":{"_acf_changed":false,"_crsspst_to_strasser-maschinench":true,"inline_featured_image":false},"product_cat":[92],"product_tag":[],"class_list":{"0":"post-26146","1":"product","2":"type-product","3":"status-publish","5":"product_cat-verkauft","7":"first","8":"instock","9":"taxable","10":"shipping-taxable","11":"product-type-simple"},"acf":[],"_links":{"self":[{"href":"https:\/\/www.strasser.co.at\/de\/wp-json\/wp\/v2\/product\/26146","targetHints":{"allow":["GET"]}}],"collection":[{"href":"https:\/\/www.strasser.co.at\/de\/wp-json\/wp\/v2\/product"}],"about":[{"href":"https:\/\/www.strasser.co.at\/de\/wp-json\/wp\/v2\/types\/product"}],"replies":[{"embeddable":true,"href":"https:\/\/www.strasser.co.at\/de\/wp-json\/wp\/v2\/comments?post=26146"}],"wp:attachment":[{"href":"https:\/\/www.strasser.co.at\/de\/wp-json\/wp\/v2\/media?parent=26146"}],"wp:term":[{"taxonomy":"product_cat","embeddable":true,"href":"https:\/\/www.strasser.co.at\/de\/wp-json\/wp\/v2\/product_cat?post=26146"},{"taxonomy":"product_tag","embeddable":true,"href":"https:\/\/www.strasser.co.at\/de\/wp-json\/wp\/v2\/product_tag?post=26146"}],"curies":[{"name":"wp","href":"https:\/\/api.w.org\/{rel}","templated":true}]}}