{"id":26187,"date":"2024-03-12T11:46:38","date_gmt":"2024-03-12T10:46:38","guid":{"rendered":"https:\/\/www.strasser.co.at\/?post_type=product&#038;p=26187"},"modified":"2024-04-09T15:53:43","modified_gmt":"2024-04-09T13:53:43","slug":"gea-nasspanieranlage-400-mm","status":"publish","type":"product","link":"https:\/\/www.strasser.co.at\/de\/produkt\/gea-nasspanieranlage-400-mm\/","title":{"rendered":"Verkauft: Gea Nasspanieranlage 400 MM"},"content":{"rendered":"<p>Die Nasspanieranlage dient zum Aufbringen von<br \/>\nfl\u00fcssigen Medien wie Nasspanaden,<br \/>\nMarinaden, \u00d6len sowie anderen \u00dcberz\u00fcgen auf<br \/>\nverschiedenste Produkte. Ein Gurtsystem f\u00fchrt<br \/>\ndie Produkte durch einen Medienschleier, sodass<br \/>\ndie Produkte zuverl\u00e4ssig an der Oberseite benetzt<br \/>\nwerden.<\/p>\n<p>TECHNISCHE DATEN:<br \/>\nTransportband: Stabgeflechtgurt<br \/>\nNetto-Bandbreite: 400 mm<br \/>\n400V \/ 3Ph \/ 50Hz<\/p>\n","protected":false},"excerpt":{"rendered":"<p>Die Nasspanieranlage dient zum Aufbringen von fl\u00fcssigen Medien wie Nasspanaden, Marinaden, \u00d6len sowie anderen \u00dcberz\u00fcgen auf verschiedenste Produkte. Ein Gurtsystem f\u00fchrt die Produkte durch einen Medienschleier, sodass die Produkte zuverl\u00e4ssig an der Oberseite benetzt werden. TECHNISCHE DATEN: Transportband: Stabgeflechtgurt Netto-Bandbreite: 400 mm 400V \/ 3Ph \/ 50Hz<\/p>\n","protected":false},"featured_media":0,"comment_status":"closed","ping_status":"closed","template":"","meta":{"_acf_changed":false,"_crsspst_to_strasser-maschinench":false,"inline_featured_image":false},"product_cat":[92],"product_tag":[],"class_list":{"0":"post-26187","1":"product","2":"type-product","3":"status-publish","5":"product_cat-verkauft","7":"first","8":"instock","9":"taxable","10":"shipping-taxable","11":"product-type-simple"},"acf":[],"_links":{"self":[{"href":"https:\/\/www.strasser.co.at\/de\/wp-json\/wp\/v2\/product\/26187","targetHints":{"allow":["GET"]}}],"collection":[{"href":"https:\/\/www.strasser.co.at\/de\/wp-json\/wp\/v2\/product"}],"about":[{"href":"https:\/\/www.strasser.co.at\/de\/wp-json\/wp\/v2\/types\/product"}],"replies":[{"embeddable":true,"href":"https:\/\/www.strasser.co.at\/de\/wp-json\/wp\/v2\/comments?post=26187"}],"wp:attachment":[{"href":"https:\/\/www.strasser.co.at\/de\/wp-json\/wp\/v2\/media?parent=26187"}],"wp:term":[{"taxonomy":"product_cat","embeddable":true,"href":"https:\/\/www.strasser.co.at\/de\/wp-json\/wp\/v2\/product_cat?post=26187"},{"taxonomy":"product_tag","embeddable":true,"href":"https:\/\/www.strasser.co.at\/de\/wp-json\/wp\/v2\/product_tag?post=26187"}],"curies":[{"name":"wp","href":"https:\/\/api.w.org\/{rel}","templated":true}]}}