{"id":26189,"date":"2024-03-12T13:03:56","date_gmt":"2024-03-12T12:03:56","guid":{"rendered":"https:\/\/www.strasser.co.at\/?post_type=product&#038;p=26189"},"modified":"2024-04-02T15:10:08","modified_gmt":"2024-04-02T13:10:08","slug":"gea-trockenpanieranlage-400mm","status":"publish","type":"product","link":"https:\/\/www.strasser.co.at\/de\/produkt\/gea-trockenpanieranlage-400mm\/","title":{"rendered":"VERKAUFT: GEA Trockenpanieranlage 400MM"},"content":{"rendered":"<p>Die Trockenpanieranlage erm\u00f6glicht das optimale Aufbringen<br \/>\nnahezu aller frei flie\u00dfenden Paniermedien, von feiner bis<br \/>\ngrober K\u00f6rnung, auf verschiedene Produkte. Das Produkt<br \/>\nwird \u00fcber ein Medienbett gef\u00fchrt und zus\u00e4tzlich von oben<br \/>\nberieselt, sodass ein vollst\u00e4ndiges und gleichm\u00e4\u00dfiges<br \/>\nPanieren gew\u00e4hrleistet ist. Regulierbare Andruck-,<br \/>\nVibrations- und Abblassysteme erzielen den optimalen<br \/>\nHalt der Panade und ihre perfekte St\u00e4rke. Das Paniermedium<br \/>\nwird durch das Gurtsystem, eine F\u00f6rderschnecke und einen<br \/>\nUmlauftrichter schonend im Kreislauf gef\u00fchrt.<br \/>\nTransportband: Stabgeflechtgurt<br \/>\nNetto-Bandbreite: 400 mm<\/p>\n<p>Technische Daten: 400 V \/ 3Ph\/ 50 Hz<\/p>\n","protected":false},"excerpt":{"rendered":"<p>Die Trockenpanieranlage erm\u00f6glicht das optimale Aufbringen nahezu aller frei flie\u00dfenden Paniermedien, von feiner bis grober K\u00f6rnung, auf verschiedene Produkte. Das Produkt wird \u00fcber ein Medienbett gef\u00fchrt und zus\u00e4tzlich von oben berieselt, sodass ein vollst\u00e4ndiges und gleichm\u00e4\u00dfiges Panieren gew\u00e4hrleistet ist. Regulierbare Andruck-, Vibrations- und Abblassysteme erzielen den optimalen Halt der Panade und ihre perfekte St\u00e4rke. Das &#8230; <a title=\"VERKAUFT: GEA Trockenpanieranlage 400MM\" class=\"read-more\" href=\"https:\/\/www.strasser.co.at\/de\/produkt\/gea-trockenpanieranlage-400mm\/\" aria-label=\"Mehr dazu unter VERKAUFT: GEA Trockenpanieranlage 400MM\">Weiterlesen<\/a><\/p>\n","protected":false},"featured_media":26192,"comment_status":"closed","ping_status":"closed","template":"","meta":{"_acf_changed":false,"_crsspst_to_strasser-maschinench":false,"inline_featured_image":false},"product_cat":[92],"product_tag":[],"class_list":{"0":"post-26189","1":"product","2":"type-product","3":"status-publish","4":"has-post-thumbnail","6":"product_cat-verkauft","8":"first","9":"instock","10":"taxable","11":"shipping-taxable","12":"product-type-simple"},"acf":[],"_links":{"self":[{"href":"https:\/\/www.strasser.co.at\/de\/wp-json\/wp\/v2\/product\/26189","targetHints":{"allow":["GET"]}}],"collection":[{"href":"https:\/\/www.strasser.co.at\/de\/wp-json\/wp\/v2\/product"}],"about":[{"href":"https:\/\/www.strasser.co.at\/de\/wp-json\/wp\/v2\/types\/product"}],"replies":[{"embeddable":true,"href":"https:\/\/www.strasser.co.at\/de\/wp-json\/wp\/v2\/comments?post=26189"}],"wp:featuredmedia":[{"embeddable":true,"href":"https:\/\/www.strasser.co.at\/de\/wp-json\/wp\/v2\/media\/26192"}],"wp:attachment":[{"href":"https:\/\/www.strasser.co.at\/de\/wp-json\/wp\/v2\/media?parent=26189"}],"wp:term":[{"taxonomy":"product_cat","embeddable":true,"href":"https:\/\/www.strasser.co.at\/de\/wp-json\/wp\/v2\/product_cat?post=26189"},{"taxonomy":"product_tag","embeddable":true,"href":"https:\/\/www.strasser.co.at\/de\/wp-json\/wp\/v2\/product_tag?post=26189"}],"curies":[{"name":"wp","href":"https:\/\/api.w.org\/{rel}","templated":true}]}}