{"id":26203,"date":"2024-03-12T13:25:22","date_gmt":"2024-03-12T12:25:22","guid":{"rendered":"https:\/\/www.strasser.co.at\/?post_type=product&#038;p=26203"},"modified":"2024-11-05T07:22:12","modified_gmt":"2024-11-05T06:22:12","slug":"alco-nachgarofen-agl400-4000","status":"publish","type":"product","link":"https:\/\/www.strasser.co.at\/de\/produkt\/alco-nachgarofen-agl400-4000\/","title":{"rendered":"VERKAUFT Alco Nachgarofen AGL400\/4000"},"content":{"rendered":"<p>Alco Nachgarofen<br \/>\n4 M elektrisch beheizt<br \/>\n&#8211; dient zum Nachgaren, im Anschluss an eine Bratanlage<br \/>\n&#8211; h\u00f6here Kerntemperatur und bessere Temperaturverteilung<br \/>\n&#8211; die h\u00f6here Au\u00dfentemperatur des Produkts zieht in den Kern<br \/>\nund gleicht sich aus, so dass das Produkt komplett durchgegart<br \/>\nwerden kann<br \/>\n&#8211; der Nachgarofen ist mit einer Heizung und einem Ventilator<br \/>\nversehen, so dass im inneren der Anlage Temperaturen von<br \/>\nbis zu 130\u00b0erreicht werden k\u00f6nnen<\/p>\n<p>Ausf\u00fchrung:<br \/>\n\u2981 Heizung mittels Elektroheizelemente<br \/>\n\u2981 Temperatursteuerung f\u00fcr Lufttemperatur<br \/>\n\u2981 Dampfanschluss<br \/>\n\u2981 Luftumw\u00e4lzung<br \/>\n\u2981 Isolierte Haube<br \/>\n\u2981 Wasserschloss<br \/>\n\u2981 manuelle Hebevorrichtung<br \/>\n\u2981 zwei Absaugstutzen<br \/>\n\u2981 Bandwaschsystem<br \/>\n\u2981 variabler Bandantrieb<br \/>\n\u2981 SPS im Schaltschrank<br \/>\n\u2981 Anlage komplett aus rostfreiem Stahl<br \/>\n\u2981 inkl. Schr\u00e4ger Rutsche im Auslauf<br \/>\n\u2981 M\u00f6glichkeiten der externen Datenerfassung \u00fcber SPS<\/p>\n<p>Technische Daten:<br \/>\n\u2981 Durchlaufband: Stabgeflechtgurt<br \/>\n\u2981 Bandbreite: 400 mm<br \/>\n\u2981 St\u00e4rke: 2,35 mm<br \/>\n\u2981 Teilung: 5 x 74,26<br \/>\n\u2981 Maschenweite: 12,7 mm<br \/>\n\u2981 Garl\u00e4nge: ca. 4000 mm<br \/>\n50 .. 500 s<br \/>\n\u2981 Maximale Temperatur: ca. 130\u00b0<\/p>\n<p>Anschlusswerte:<br \/>\nInstallierte Heizleistung: ca. 40 kW<br \/>\nLeistungsaufnahme total: ca. 44 kW<br \/>\nSpannung: 400 V \/ 50 Hz<br \/>\n3 Phasen + N + PE<br \/>\nDampfanschluss: 0,5 \u2013 1 bar<\/p>\n<p>Abmessungen:<br \/>\nL\u00e4nge ca. 5.400 mm<br \/>\nBreite ca. 1.300 mm<br \/>\nH\u00f6he (mit Hebemasten) ca. 3.100 mm<\/p>\n","protected":false},"excerpt":{"rendered":"<p>Alco Nachgarofen 4 M elektrisch beheizt &#8211; dient zum Nachgaren, im Anschluss an eine Bratanlage &#8211; h\u00f6here Kerntemperatur und bessere Temperaturverteilung &#8211; die h\u00f6here Au\u00dfentemperatur des Produkts zieht in den Kern und gleicht sich aus, so dass das Produkt komplett durchgegart werden kann &#8211; der Nachgarofen ist mit einer Heizung und einem Ventilator versehen, so &#8230; <a title=\"VERKAUFT Alco Nachgarofen AGL400\/4000\" class=\"read-more\" href=\"https:\/\/www.strasser.co.at\/de\/produkt\/alco-nachgarofen-agl400-4000\/\" aria-label=\"Mehr dazu unter VERKAUFT Alco Nachgarofen AGL400\/4000\">Weiterlesen<\/a><\/p>\n","protected":false},"featured_media":27516,"comment_status":"closed","ping_status":"closed","template":"","meta":{"_acf_changed":false,"_crsspst_to_strasser-maschinench":true,"inline_featured_image":false},"product_cat":[92],"product_tag":[],"class_list":{"0":"post-26203","1":"product","2":"type-product","3":"status-publish","4":"has-post-thumbnail","6":"product_cat-verkauft","8":"first","9":"instock","10":"taxable","11":"shipping-taxable","12":"product-type-simple"},"acf":[],"_links":{"self":[{"href":"https:\/\/www.strasser.co.at\/de\/wp-json\/wp\/v2\/product\/26203","targetHints":{"allow":["GET"]}}],"collection":[{"href":"https:\/\/www.strasser.co.at\/de\/wp-json\/wp\/v2\/product"}],"about":[{"href":"https:\/\/www.strasser.co.at\/de\/wp-json\/wp\/v2\/types\/product"}],"replies":[{"embeddable":true,"href":"https:\/\/www.strasser.co.at\/de\/wp-json\/wp\/v2\/comments?post=26203"}],"wp:featuredmedia":[{"embeddable":true,"href":"https:\/\/www.strasser.co.at\/de\/wp-json\/wp\/v2\/media\/27516"}],"wp:attachment":[{"href":"https:\/\/www.strasser.co.at\/de\/wp-json\/wp\/v2\/media?parent=26203"}],"wp:term":[{"taxonomy":"product_cat","embeddable":true,"href":"https:\/\/www.strasser.co.at\/de\/wp-json\/wp\/v2\/product_cat?post=26203"},{"taxonomy":"product_tag","embeddable":true,"href":"https:\/\/www.strasser.co.at\/de\/wp-json\/wp\/v2\/product_tag?post=26203"}],"curies":[{"name":"wp","href":"https:\/\/api.w.org\/{rel}","templated":true}]}}