{"id":26207,"date":"2024-03-12T13:57:26","date_gmt":"2024-03-12T12:57:26","guid":{"rendered":"https:\/\/www.strasser.co.at\/?post_type=product&#038;p=26207"},"modified":"2024-04-02T15:30:49","modified_gmt":"2024-04-02T13:30:49","slug":"alco-transportband-600","status":"publish","type":"product","link":"https:\/\/www.strasser.co.at\/de\/produkt\/alco-transportband-600\/","title":{"rendered":"VERKAUFT: Alco Transportband 600"},"content":{"rendered":"<div>Alco Transportband mit schwenkbarem\u00a0 Auslauf<\/div>\n<div><\/div>\n<div>Ausf\u00fchrung:<\/div>\n<div>\u2981 Gurt: Stabgeflechtgurt<\/div>\n<div>\u2981 Inkl. schenkbarem Auslaufband<\/div>\n<div>\u2981 Variable Geschwindigkeit durch Frequenzumrichter<\/div>\n<div>\u2981 Auffangwanne unter dem Gurt<\/div>\n<div>\u2981 Segmentierte, klappbare Haube mit zentralem Ansaugstutzen<\/div>\n<div>\u2981 Maschine komplett aus rostfreiem Stahl und f\u00fcr die Lebensmittelindustrie zugelassenen Werkstoffen gefertigt<\/div>\n<div>\u2981 4 schwenkbare R\u00e4der mit Kunststofflauffl\u00e4chen, Feststellbremse und Lager aus rostfreiem Stahl, h\u00f6henverstellbar<\/div>\n<div>\u2981 Inkl. schr\u00e4ger Rutsche im Auslauf<\/div>\n<div><\/div>\n<div><\/div>\n<div>Technische Daten:<\/div>\n<div>\u2981 Gurt: Stabgeflechtgurt<\/div>\n<div>\u2981 Bandbreite: 600 mm<\/div>\n<div>\u2981 Bandl\u00e4nge: 3.500 mm<\/div>\n<div>\u2981 Auslaufband: 500 mm<\/div>\n<div>\u2981 Gesamtl\u00e4nge: 4000 mm<\/div>\n<div>\u2981 Bandgeschwindigkeit: 2 .. 15 m\/min<\/div>\n<div>\u2981 Arbeitsh\u00f6he: 1.050 \u00b1 95 mm<\/div>\n<div><\/div>\n<div>Anschlusswerte:<\/div>\n<div>Spannung: 400 V \/ 50 Hz<\/div>\n<div>\u00a0 3 Phasen + N+ PE<\/div>\n<div>Leistung: 0,18 kW<\/div>\n<div><\/div>\n<div>Abmessungen:<\/div>\n<div>L\u00e4nge: 4000 mm<\/div>\n<div>Breite: 600 mm<\/div>\n<div>H\u00f6he: 1.100 \u00b1 95 mm<\/div>\n","protected":false},"excerpt":{"rendered":"<p>Alco Transportband mit schwenkbarem\u00a0 Auslauf Ausf\u00fchrung: \u2981 Gurt: Stabgeflechtgurt \u2981 Inkl. schenkbarem Auslaufband \u2981 Variable Geschwindigkeit durch Frequenzumrichter \u2981 Auffangwanne unter dem Gurt \u2981 Segmentierte, klappbare Haube mit zentralem Ansaugstutzen \u2981 Maschine komplett aus rostfreiem Stahl und f\u00fcr die Lebensmittelindustrie zugelassenen Werkstoffen gefertigt \u2981 4 schwenkbare R\u00e4der mit Kunststofflauffl\u00e4chen, Feststellbremse und Lager aus rostfreiem Stahl, &#8230; <a title=\"VERKAUFT: Alco Transportband 600\" class=\"read-more\" href=\"https:\/\/www.strasser.co.at\/de\/produkt\/alco-transportband-600\/\" aria-label=\"Mehr dazu unter VERKAUFT: Alco Transportband 600\">Weiterlesen<\/a><\/p>\n","protected":false},"featured_media":0,"comment_status":"closed","ping_status":"closed","template":"","meta":{"_acf_changed":false,"_crsspst_to_strasser-maschinench":false,"inline_featured_image":false},"product_cat":[92],"product_tag":[],"class_list":{"0":"post-26207","1":"product","2":"type-product","3":"status-publish","5":"product_cat-verkauft","7":"first","8":"instock","9":"taxable","10":"shipping-taxable","11":"product-type-simple"},"acf":[],"_links":{"self":[{"href":"https:\/\/www.strasser.co.at\/de\/wp-json\/wp\/v2\/product\/26207","targetHints":{"allow":["GET"]}}],"collection":[{"href":"https:\/\/www.strasser.co.at\/de\/wp-json\/wp\/v2\/product"}],"about":[{"href":"https:\/\/www.strasser.co.at\/de\/wp-json\/wp\/v2\/types\/product"}],"replies":[{"embeddable":true,"href":"https:\/\/www.strasser.co.at\/de\/wp-json\/wp\/v2\/comments?post=26207"}],"wp:attachment":[{"href":"https:\/\/www.strasser.co.at\/de\/wp-json\/wp\/v2\/media?parent=26207"}],"wp:term":[{"taxonomy":"product_cat","embeddable":true,"href":"https:\/\/www.strasser.co.at\/de\/wp-json\/wp\/v2\/product_cat?post=26207"},{"taxonomy":"product_tag","embeddable":true,"href":"https:\/\/www.strasser.co.at\/de\/wp-json\/wp\/v2\/product_tag?post=26207"}],"curies":[{"name":"wp","href":"https:\/\/api.w.org\/{rel}","templated":true}]}}