{"id":26281,"date":"2024-03-26T14:16:56","date_gmt":"2024-03-26T13:16:56","guid":{"rendered":"https:\/\/www.strasser.co.at\/?post_type=product&#038;p=26281"},"modified":"2026-02-10T07:04:07","modified_gmt":"2026-02-10T06:04:07","slug":"ab-fleischbaellchenformer-md","status":"publish","type":"product","link":"https:\/\/www.strasser.co.at\/de\/produkt\/ab-fleischbaellchenformer-md\/","title":{"rendered":"AB Fleischb\u00e4llchenformer MD"},"content":{"rendered":"<p>Vorsatzger\u00e4t f\u00fcr F1 &#8211; F2<br \/>\nzum Formen von Fleischb\u00e4llchen, Kl\u00f6\u00dfen etc.<br \/>\nmit einem Durchmesser von 25 &#8211; 43 mm und einem<br \/>\nGewicht von 10 &#8211; 50 g<br \/>\nRundform nicht enthalten.<br \/>\nelektr. Leistung: 180 W<br \/>\nSchutzart: IP54<br \/>\nL\u00e4nge: mind. 700 &#8211; max. 875 mm<br \/>\nBreite: 595 mm<br \/>\nF\u00fcllh\u00f6he: mind. 850 &#8211; max. 1185 mm<br \/>\nGewicht: 70 kg<\/p>\n","protected":false},"excerpt":{"rendered":"<p>Vorsatzger\u00e4t f\u00fcr F1 &#8211; F2 zum Formen von Fleischb\u00e4llchen, Kl\u00f6\u00dfen etc. mit einem Durchmesser von 25 &#8211; 43 mm und einem Gewicht von 10 &#8211; 50 g Rundform nicht enthalten. elektr. Leistung: 180 W Schutzart: IP54 L\u00e4nge: mind. 700 &#8211; max. 875 mm Breite: 595 mm F\u00fcllh\u00f6he: mind. 850 &#8211; max. 1185 mm Gewicht: 70 &#8230; <a title=\"AB Fleischb\u00e4llchenformer MD\" class=\"read-more\" href=\"https:\/\/www.strasser.co.at\/de\/produkt\/ab-fleischbaellchenformer-md\/\" aria-label=\"Mehr dazu unter AB Fleischb\u00e4llchenformer MD\">Weiterlesen<\/a><\/p>\n","protected":false},"featured_media":26284,"comment_status":"closed","ping_status":"closed","template":"","meta":{"_acf_changed":false,"_crsspst_to_strasser-maschinench":true,"inline_featured_image":false},"product_cat":[197],"product_tag":[],"class_list":{"0":"post-26281","1":"product","2":"type-product","3":"status-publish","4":"has-post-thumbnail","6":"product_cat-burgerformer-2","8":"first","9":"instock","10":"taxable","11":"shipping-taxable","12":"product-type-simple"},"acf":[],"_links":{"self":[{"href":"https:\/\/www.strasser.co.at\/de\/wp-json\/wp\/v2\/product\/26281","targetHints":{"allow":["GET"]}}],"collection":[{"href":"https:\/\/www.strasser.co.at\/de\/wp-json\/wp\/v2\/product"}],"about":[{"href":"https:\/\/www.strasser.co.at\/de\/wp-json\/wp\/v2\/types\/product"}],"replies":[{"embeddable":true,"href":"https:\/\/www.strasser.co.at\/de\/wp-json\/wp\/v2\/comments?post=26281"}],"wp:featuredmedia":[{"embeddable":true,"href":"https:\/\/www.strasser.co.at\/de\/wp-json\/wp\/v2\/media\/26284"}],"wp:attachment":[{"href":"https:\/\/www.strasser.co.at\/de\/wp-json\/wp\/v2\/media?parent=26281"}],"wp:term":[{"taxonomy":"product_cat","embeddable":true,"href":"https:\/\/www.strasser.co.at\/de\/wp-json\/wp\/v2\/product_cat?post=26281"},{"taxonomy":"product_tag","embeddable":true,"href":"https:\/\/www.strasser.co.at\/de\/wp-json\/wp\/v2\/product_tag?post=26281"}],"curies":[{"name":"wp","href":"https:\/\/api.w.org\/{rel}","templated":true}]}}