{"id":26557,"date":"2024-04-30T13:02:06","date_gmt":"2024-04-30T11:02:06","guid":{"rendered":"https:\/\/www.strasser.co.at\/?post_type=product&#038;p=26557"},"modified":"2024-07-29T07:59:52","modified_gmt":"2024-07-29T05:59:52","slug":"henneken-vak-tumbler-r1650","status":"publish","type":"product","link":"https:\/\/www.strasser.co.at\/de\/produkt\/henneken-vak-tumbler-r1650\/","title":{"rendered":"Henneken Vak. Tumbler R1650"},"content":{"rendered":"<div>Vakuumtumbler mit Neigungsverstellung<\/div>\n<div>zum Massieren, Salzen, Tumbeln und Marinieren<\/div>\n<div>massive Edelstahlkonstruktion mit Pr\u00e4zisionsbeh\u00e4lter<\/div>\n<div>automatischer Deckelabschwenker<\/div>\n<div>durch Wechsel der Drehrichtung kann zwischen<\/div>\n<div>intensiver und sanfter Massage gew\u00e4hlt werden<\/div>\n<div>Ausf\u00fchrung der Schikanen flexibel w\u00e4hlbar<\/div>\n<div>Ladekapazit\u00e4t 50 bis 60%<\/div>\n<div>programmierbare Siemens Touch Steuerung in<\/div>\n<div>separatem Edelstahlgeh\u00e4use<\/div>\n<div>stufenlos regelbare Drehzahl<\/div>\n<div>Diagonale Finnen, schr\u00e4g verschwei\u00dfte Schikanen f\u00fcr 3D &#8211; Tumblereffekt<\/div>\n<div>f\u00fcr kontrollierte, schonende Dreh-, Rutsch und Gleitbewegungen<\/div>\n<div><\/div>\n<div>Volumen: 1650 Ltr.<\/div>\n<div>Beh\u00e4lterma\u00dfe: Drm. 1200 mm<\/div>\n<div>Getriebe: 3.0 kW<\/div>\n<div>Spannung: 400V, 50Hz, 3 Phasen<\/div>\n<div>Drehzahl: stufenlos 2-10 Umdrehungen pro Minute<\/div>\n<div>Vakuumpumpe: 1,1 kW Busch 0040<\/div>\n<div>Wasserabsch.: 10 ltr. mit Ablassventil und mechanischer \u00dcberlaufsicherung<\/div>\n<div>Steuerung: Siemens KTP 700 \/SPS S7<\/div>\n<div>am Schaltungsarm auf der rechten Seite des Tumblers<\/div>\n<div>Schaltkasten auf der rechten Seite der Maschinenhaube<\/div>\n<div>Deckel: Drm. 600 mm mit mechanischem Deckelabschwenker<\/div>\n<div>Hebe-Senkv.: 50\u00b0 Winkelverstellung -20\u00b0 bis + 30\u00b0<\/div>\n<div>mit 2 Edelstahlzylindern mit Rohrbruchsicherung<\/div>\n<div>mit Hydraulikaggregat 1,5 kW<\/div>\n<div>mit Hydraulikschl\u00e4uchen mit Edelstahlverschraubungen<\/div>\n","protected":false},"excerpt":{"rendered":"<p>Vakuumtumbler mit Neigungsverstellung zum Massieren, Salzen, Tumbeln und Marinieren massive Edelstahlkonstruktion mit Pr\u00e4zisionsbeh\u00e4lter automatischer Deckelabschwenker durch Wechsel der Drehrichtung kann zwischen intensiver und sanfter Massage gew\u00e4hlt werden Ausf\u00fchrung der Schikanen flexibel w\u00e4hlbar Ladekapazit\u00e4t 50 bis 60% programmierbare Siemens Touch Steuerung in separatem Edelstahlgeh\u00e4use stufenlos regelbare Drehzahl Diagonale Finnen, schr\u00e4g verschwei\u00dfte Schikanen f\u00fcr 3D &#8211; Tumblereffekt &#8230; <a title=\"Henneken Vak. Tumbler R1650\" class=\"read-more\" href=\"https:\/\/www.strasser.co.at\/de\/produkt\/henneken-vak-tumbler-r1650\/\" aria-label=\"Mehr dazu unter Henneken Vak. Tumbler R1650\">Weiterlesen<\/a><\/p>\n","protected":false},"featured_media":26558,"comment_status":"closed","ping_status":"closed","template":"","meta":{"_acf_changed":false,"_crsspst_to_strasser-maschinench":true,"inline_featured_image":false},"product_cat":[92],"product_tag":[],"class_list":{"0":"post-26557","1":"product","2":"type-product","3":"status-publish","4":"has-post-thumbnail","6":"product_cat-verkauft","8":"first","9":"instock","10":"taxable","11":"shipping-taxable","12":"product-type-simple"},"acf":[],"_links":{"self":[{"href":"https:\/\/www.strasser.co.at\/de\/wp-json\/wp\/v2\/product\/26557","targetHints":{"allow":["GET"]}}],"collection":[{"href":"https:\/\/www.strasser.co.at\/de\/wp-json\/wp\/v2\/product"}],"about":[{"href":"https:\/\/www.strasser.co.at\/de\/wp-json\/wp\/v2\/types\/product"}],"replies":[{"embeddable":true,"href":"https:\/\/www.strasser.co.at\/de\/wp-json\/wp\/v2\/comments?post=26557"}],"wp:featuredmedia":[{"embeddable":true,"href":"https:\/\/www.strasser.co.at\/de\/wp-json\/wp\/v2\/media\/26558"}],"wp:attachment":[{"href":"https:\/\/www.strasser.co.at\/de\/wp-json\/wp\/v2\/media?parent=26557"}],"wp:term":[{"taxonomy":"product_cat","embeddable":true,"href":"https:\/\/www.strasser.co.at\/de\/wp-json\/wp\/v2\/product_cat?post=26557"},{"taxonomy":"product_tag","embeddable":true,"href":"https:\/\/www.strasser.co.at\/de\/wp-json\/wp\/v2\/product_tag?post=26557"}],"curies":[{"name":"wp","href":"https:\/\/api.w.org\/{rel}","templated":true}]}}