{"id":26996,"date":"2024-07-15T13:26:10","date_gmt":"2024-07-15T11:26:10","guid":{"rendered":"https:\/\/www.strasser.co.at\/?post_type=product&#038;p=26996"},"modified":"2024-08-16T12:21:34","modified_gmt":"2024-08-16T10:21:34","slug":"kg-wetter-kutter-45-l","status":"publish","type":"product","link":"https:\/\/www.strasser.co.at\/de\/produkt\/kg-wetter-kutter-45-l\/","title":{"rendered":"VERKAUFT: K+G Wetter Kutter 45 L"},"content":{"rendered":"<p>massiv aus Edelstahl rostfrei<br \/>\n45 L Sch\u00fcssel massiv aus Edelstahl rostfrei<br \/>\n2 Schneidg\u00e4nge<br \/>\n2 Mischg\u00e4nge vor- und r\u00fcckw\u00e4rts<br \/>\n2 Sch\u00fcsselgeschwindigkeiten<br \/>\ndigitale Anzeige f\u00fcr Temperatur und Laufzeit<br \/>\n12 kW Leistung, 400V, 50 Hz<br \/>\ninkl. 6 Kuttermesser, mit Zubeh\u00f6r, gebraucht<\/p>\n","protected":false},"excerpt":{"rendered":"<p>massiv aus Edelstahl rostfrei 45 L Sch\u00fcssel massiv aus Edelstahl rostfrei 2 Schneidg\u00e4nge 2 Mischg\u00e4nge vor- und r\u00fcckw\u00e4rts 2 Sch\u00fcsselgeschwindigkeiten digitale Anzeige f\u00fcr Temperatur und Laufzeit 12 kW Leistung, 400V, 50 Hz inkl. 6 Kuttermesser, mit Zubeh\u00f6r, gebraucht<\/p>\n","protected":false},"featured_media":26999,"comment_status":"closed","ping_status":"closed","template":"","meta":{"_acf_changed":false,"_crsspst_to_strasser-maschinench":true,"inline_featured_image":false},"product_cat":[92],"product_tag":[],"class_list":{"0":"post-26996","1":"product","2":"type-product","3":"status-publish","4":"has-post-thumbnail","6":"product_cat-verkauft","8":"first","9":"instock","10":"taxable","11":"shipping-taxable","12":"product-type-simple"},"acf":[],"_links":{"self":[{"href":"https:\/\/www.strasser.co.at\/de\/wp-json\/wp\/v2\/product\/26996","targetHints":{"allow":["GET"]}}],"collection":[{"href":"https:\/\/www.strasser.co.at\/de\/wp-json\/wp\/v2\/product"}],"about":[{"href":"https:\/\/www.strasser.co.at\/de\/wp-json\/wp\/v2\/types\/product"}],"replies":[{"embeddable":true,"href":"https:\/\/www.strasser.co.at\/de\/wp-json\/wp\/v2\/comments?post=26996"}],"wp:featuredmedia":[{"embeddable":true,"href":"https:\/\/www.strasser.co.at\/de\/wp-json\/wp\/v2\/media\/26999"}],"wp:attachment":[{"href":"https:\/\/www.strasser.co.at\/de\/wp-json\/wp\/v2\/media?parent=26996"}],"wp:term":[{"taxonomy":"product_cat","embeddable":true,"href":"https:\/\/www.strasser.co.at\/de\/wp-json\/wp\/v2\/product_cat?post=26996"},{"taxonomy":"product_tag","embeddable":true,"href":"https:\/\/www.strasser.co.at\/de\/wp-json\/wp\/v2\/product_tag?post=26996"}],"curies":[{"name":"wp","href":"https:\/\/api.w.org\/{rel}","templated":true}]}}