{"id":27049,"date":"2024-07-23T07:37:32","date_gmt":"2024-07-23T05:37:32","guid":{"rendered":"https:\/\/www.strasser.co.at\/?post_type=product&#038;p=27049"},"modified":"2024-08-01T07:49:27","modified_gmt":"2024-08-01T05:49:27","slug":"kg-wetter-kutter-cm90-stl","status":"publish","type":"product","link":"https:\/\/www.strasser.co.at\/de\/produkt\/kg-wetter-kutter-cm90-stl\/","title":{"rendered":"VERKAUFT K+G Wetter Kutter CM90 STL"},"content":{"rendered":"<p>Aussenfront aus Edelstahl rostfrei<br \/>\n90 L Sch\u00fcssel massiv aus Edelstahl rostfrei<br \/>\nstufenlos regelbare Geschwindigkeiten f\u00fcr die Messer<br \/>\nMischg\u00e4nge vor- und r\u00fcckw\u00e4rts<br \/>\nSch\u00fcsselgeschwindigkeit stufenlos regelbar<br \/>\nProgrammsteuerung<br \/>\nL\u00e4rmschutzdeckel<br \/>\n34 kW Leistung, 80 Amp., 400V, 50 Hz<br \/>\nSchaltschrank eingebaut<br \/>\ninkl. 6 Kuttermesser, mit Zubeh\u00f6r, gebraucht<br \/>\n2. Messerkopf mit 3 Messern<br \/>\nCE-Konform<\/p>\n","protected":false},"excerpt":{"rendered":"<p>Aussenfront aus Edelstahl rostfrei 90 L Sch\u00fcssel massiv aus Edelstahl rostfrei stufenlos regelbare Geschwindigkeiten f\u00fcr die Messer Mischg\u00e4nge vor- und r\u00fcckw\u00e4rts Sch\u00fcsselgeschwindigkeit stufenlos regelbar Programmsteuerung L\u00e4rmschutzdeckel 34 kW Leistung, 80 Amp., 400V, 50 Hz Schaltschrank eingebaut inkl. 6 Kuttermesser, mit Zubeh\u00f6r, gebraucht 2. Messerkopf mit 3 Messern CE-Konform<\/p>\n","protected":false},"featured_media":27092,"comment_status":"closed","ping_status":"closed","template":"","meta":{"_acf_changed":false,"_crsspst_to_strasser-maschinench":true,"inline_featured_image":false},"product_cat":[92],"product_tag":[],"class_list":{"0":"post-27049","1":"product","2":"type-product","3":"status-publish","4":"has-post-thumbnail","6":"product_cat-verkauft","8":"first","9":"instock","10":"taxable","11":"shipping-taxable","12":"product-type-simple"},"acf":[],"_links":{"self":[{"href":"https:\/\/www.strasser.co.at\/de\/wp-json\/wp\/v2\/product\/27049","targetHints":{"allow":["GET"]}}],"collection":[{"href":"https:\/\/www.strasser.co.at\/de\/wp-json\/wp\/v2\/product"}],"about":[{"href":"https:\/\/www.strasser.co.at\/de\/wp-json\/wp\/v2\/types\/product"}],"replies":[{"embeddable":true,"href":"https:\/\/www.strasser.co.at\/de\/wp-json\/wp\/v2\/comments?post=27049"}],"wp:featuredmedia":[{"embeddable":true,"href":"https:\/\/www.strasser.co.at\/de\/wp-json\/wp\/v2\/media\/27092"}],"wp:attachment":[{"href":"https:\/\/www.strasser.co.at\/de\/wp-json\/wp\/v2\/media?parent=27049"}],"wp:term":[{"taxonomy":"product_cat","embeddable":true,"href":"https:\/\/www.strasser.co.at\/de\/wp-json\/wp\/v2\/product_cat?post=27049"},{"taxonomy":"product_tag","embeddable":true,"href":"https:\/\/www.strasser.co.at\/de\/wp-json\/wp\/v2\/product_tag?post=27049"}],"curies":[{"name":"wp","href":"https:\/\/api.w.org\/{rel}","templated":true}]}}