{"id":27325,"date":"2024-09-18T15:32:05","date_gmt":"2024-09-18T13:32:05","guid":{"rendered":"https:\/\/www.strasser.co.at\/?post_type=product&#038;p=27325"},"modified":"2025-09-04T11:11:02","modified_gmt":"2025-09-04T09:11:02","slug":"mado-stopfwolf-710","status":"publish","type":"product","link":"https:\/\/www.strasser.co.at\/de\/produkt\/mado-stopfwolf-710\/","title":{"rendered":"Mado Stopfwolf 710"},"content":{"rendered":"<p>Maschine aus rostfreiem Edelstahl<br \/>\nArbeitsschnecke aus rostfreiem Edelstahl<br \/>\nAbnehmbares Schneckengeh\u00e4use<br \/>\nAbnehmbare 4 Liter Einf\u00fcllschale<br \/>\nUnger R70 Schneidesystem 3-tlg.<br \/>\nVorschneider, Messer, Lochscheibe 3mm, Einlegering<br \/>\nAusziehwerkzeug f\u00fcr Schnecke<br \/>\nStopfer<br \/>\nFliegenschutzdeckel<br \/>\n1.5 kW Leistung, 400 V, 50 Hz<\/p>\n","protected":false},"excerpt":{"rendered":"<p>Maschine aus rostfreiem Edelstahl Arbeitsschnecke aus rostfreiem Edelstahl Abnehmbares Schneckengeh\u00e4use Abnehmbare 4 Liter Einf\u00fcllschale Unger R70 Schneidesystem 3-tlg. Vorschneider, Messer, Lochscheibe 3mm, Einlegering Ausziehwerkzeug f\u00fcr Schnecke Stopfer Fliegenschutzdeckel 1.5 kW Leistung, 400 V, 50 Hz<\/p>\n","protected":false},"featured_media":27340,"comment_status":"closed","ping_status":"closed","template":"","meta":{"_acf_changed":false,"_crsspst_to_strasser-maschinench":true,"inline_featured_image":false},"product_cat":[101],"product_tag":[],"class_list":{"0":"post-27325","1":"product","2":"type-product","3":"status-publish","4":"has-post-thumbnail","6":"product_cat-wolf","8":"first","9":"instock","10":"taxable","11":"shipping-taxable","12":"product-type-simple"},"acf":[],"_links":{"self":[{"href":"https:\/\/www.strasser.co.at\/de\/wp-json\/wp\/v2\/product\/27325","targetHints":{"allow":["GET"]}}],"collection":[{"href":"https:\/\/www.strasser.co.at\/de\/wp-json\/wp\/v2\/product"}],"about":[{"href":"https:\/\/www.strasser.co.at\/de\/wp-json\/wp\/v2\/types\/product"}],"replies":[{"embeddable":true,"href":"https:\/\/www.strasser.co.at\/de\/wp-json\/wp\/v2\/comments?post=27325"}],"wp:featuredmedia":[{"embeddable":true,"href":"https:\/\/www.strasser.co.at\/de\/wp-json\/wp\/v2\/media\/27340"}],"wp:attachment":[{"href":"https:\/\/www.strasser.co.at\/de\/wp-json\/wp\/v2\/media?parent=27325"}],"wp:term":[{"taxonomy":"product_cat","embeddable":true,"href":"https:\/\/www.strasser.co.at\/de\/wp-json\/wp\/v2\/product_cat?post=27325"},{"taxonomy":"product_tag","embeddable":true,"href":"https:\/\/www.strasser.co.at\/de\/wp-json\/wp\/v2\/product_tag?post=27325"}],"curies":[{"name":"wp","href":"https:\/\/api.w.org\/{rel}","templated":true}]}}