{"id":27574,"date":"2024-10-23T13:49:16","date_gmt":"2024-10-23T11:49:16","guid":{"rendered":"https:\/\/www.strasser.co.at\/?post_type=product&#038;p=27574"},"modified":"2025-04-10T08:14:10","modified_gmt":"2025-04-10T06:14:10","slug":"bastra-rauchanlage-smart-500","status":"publish","type":"product","link":"https:\/\/www.strasser.co.at\/de\/produkt\/bastra-rauchanlage-smart-500\/","title":{"rendered":"Bastra Rauchanlage Smart 500"},"content":{"rendered":"<p>Baujahr 2018<br \/>\nkomplett aus Edelstahl rostfrei<br \/>\nUniversalanlage zum Kaltr\u00e4uchern, Hei\u00dfr\u00e4uchern,<br \/>\nErw\u00e4rmen, Trocknen, Br\u00fchen und Braten<br \/>\nGlast\u00fcr<br \/>\nInnenraumbeleuchtung<br \/>\nMikroprozessor-Steuerung Profi 500 in die<br \/>\nKopfblende eingebaut<br \/>\nKammervolumen: 430 L<br \/>\nRauchstockl\u00e4nge: 570 mm<br \/>\n99 Programme hinterlegbar<br \/>\nElektro Heizung: 15 kW, 230 V, 50 Hz<br \/>\nMotorleistung: 0,55 kW<br \/>\nDrehzahl: 720\/1400 U\/min &#8211; 2 stufig<br \/>\nintegriertes Aufnahmegestell mit 8 Etagen<br \/>\nf\u00fcr Rauchst\u00f6cke<br \/>\ninkl. Kondensatraucherzeuger<br \/>\nvollautomatische Druckluftschaumreinigung<br \/>\nzum Anschluss an bauseitigen Kompressor<br \/>\nBauseitig ben\u00f6tigter Druckluftanschuss: 7 bar konstant<br \/>\nBauseitig ben\u00f6tigter Wasseranschluss: mind. 3 bar<br \/>\nAbmessungen: B980 x T1020 x H 2000 mm<br \/>\nCE-Konform<\/p>\n","protected":false},"excerpt":{"rendered":"<p>Baujahr 2018 komplett aus Edelstahl rostfrei Universalanlage zum Kaltr\u00e4uchern, Hei\u00dfr\u00e4uchern, Erw\u00e4rmen, Trocknen, Br\u00fchen und Braten Glast\u00fcr Innenraumbeleuchtung Mikroprozessor-Steuerung Profi 500 in die Kopfblende eingebaut Kammervolumen: 430 L Rauchstockl\u00e4nge: 570 mm 99 Programme hinterlegbar Elektro Heizung: 15 kW, 230 V, 50 Hz Motorleistung: 0,55 kW Drehzahl: 720\/1400 U\/min &#8211; 2 stufig integriertes Aufnahmegestell mit 8 Etagen &#8230; <a title=\"Bastra Rauchanlage Smart 500\" class=\"read-more\" href=\"https:\/\/www.strasser.co.at\/de\/produkt\/bastra-rauchanlage-smart-500\/\" aria-label=\"Mehr dazu unter Bastra Rauchanlage Smart 500\">Weiterlesen<\/a><\/p>\n","protected":false},"featured_media":27575,"comment_status":"closed","ping_status":"closed","template":"","meta":{"_acf_changed":false,"_crsspst_to_strasser-maschinench":true,"inline_featured_image":false},"product_cat":[428],"product_tag":[],"class_list":{"0":"post-27574","1":"product","2":"type-product","3":"status-publish","4":"has-post-thumbnail","6":"product_cat-rauchanlagen","8":"first","9":"instock","10":"taxable","11":"shipping-taxable","12":"product-type-simple"},"acf":[],"_links":{"self":[{"href":"https:\/\/www.strasser.co.at\/de\/wp-json\/wp\/v2\/product\/27574","targetHints":{"allow":["GET"]}}],"collection":[{"href":"https:\/\/www.strasser.co.at\/de\/wp-json\/wp\/v2\/product"}],"about":[{"href":"https:\/\/www.strasser.co.at\/de\/wp-json\/wp\/v2\/types\/product"}],"replies":[{"embeddable":true,"href":"https:\/\/www.strasser.co.at\/de\/wp-json\/wp\/v2\/comments?post=27574"}],"wp:featuredmedia":[{"embeddable":true,"href":"https:\/\/www.strasser.co.at\/de\/wp-json\/wp\/v2\/media\/27575"}],"wp:attachment":[{"href":"https:\/\/www.strasser.co.at\/de\/wp-json\/wp\/v2\/media?parent=27574"}],"wp:term":[{"taxonomy":"product_cat","embeddable":true,"href":"https:\/\/www.strasser.co.at\/de\/wp-json\/wp\/v2\/product_cat?post=27574"},{"taxonomy":"product_tag","embeddable":true,"href":"https:\/\/www.strasser.co.at\/de\/wp-json\/wp\/v2\/product_tag?post=27574"}],"curies":[{"name":"wp","href":"https:\/\/api.w.org\/{rel}","templated":true}]}}