{"id":27857,"date":"2024-11-25T10:39:25","date_gmt":"2024-11-25T09:39:25","guid":{"rendered":"https:\/\/www.strasser.co.at\/?post_type=product&#038;p=27857"},"modified":"2025-02-27T13:19:55","modified_gmt":"2025-02-27T12:19:55","slug":"seydelmann-kutter-k90-dc-8-3","status":"publish","type":"product","link":"https:\/\/www.strasser.co.at\/de\/produkt\/seydelmann-kutter-k90-dc-8-3\/","title":{"rendered":"Seydelmann Kutter K90 DC-8"},"content":{"rendered":"<p>weitgehend massiv aus Edelstahl rostfrei<br \/>\n90 L Sch\u00fcssel aus Edelstahl rostfrei<br \/>\n6 stufenlos vorprogrammierbare Messergeschwindigkeiten<br \/>\ndavon 4 Schneidg\u00e4nge und<br \/>\n2 Mischg\u00e4nge vorw\u00e4rts<br \/>\n2 Mischg\u00e4nge r\u00fcckw\u00e4rts<br \/>\n2 unabh\u00e4ngige Sch\u00fcsselgeschwindigkeiten<br \/>\nMicro 13 Steuerung separat von der Maschine<br \/>\nAbschaltkontakte f\u00fcr Micro<br \/>\n30-60 kW Leistung, 400 V, 50 Hz<br \/>\nEdelstahl Schaltschrank, separat<br \/>\n6 Kuttermesser gebraucht<br \/>\nmit Zubeh\u00f6r<br \/>\nCE-Konform<\/p>\n","protected":false},"excerpt":{"rendered":"<p>weitgehend massiv aus Edelstahl rostfrei 90 L Sch\u00fcssel aus Edelstahl rostfrei 6 stufenlos vorprogrammierbare Messergeschwindigkeiten davon 4 Schneidg\u00e4nge und 2 Mischg\u00e4nge vorw\u00e4rts 2 Mischg\u00e4nge r\u00fcckw\u00e4rts 2 unabh\u00e4ngige Sch\u00fcsselgeschwindigkeiten Micro 13 Steuerung separat von der Maschine Abschaltkontakte f\u00fcr Micro 30-60 kW Leistung, 400 V, 50 Hz Edelstahl Schaltschrank, separat 6 Kuttermesser gebraucht mit Zubeh\u00f6r CE-Konform<\/p>\n","protected":false},"featured_media":28506,"comment_status":"closed","ping_status":"closed","template":"","meta":{"_acf_changed":false,"_crsspst_to_strasser-maschinench":true,"inline_featured_image":false},"product_cat":[98],"product_tag":[],"class_list":{"0":"post-27857","1":"product","2":"type-product","3":"status-publish","4":"has-post-thumbnail","6":"product_cat-kutter","8":"first","9":"instock","10":"taxable","11":"shipping-taxable","12":"product-type-simple"},"acf":[],"_links":{"self":[{"href":"https:\/\/www.strasser.co.at\/de\/wp-json\/wp\/v2\/product\/27857","targetHints":{"allow":["GET"]}}],"collection":[{"href":"https:\/\/www.strasser.co.at\/de\/wp-json\/wp\/v2\/product"}],"about":[{"href":"https:\/\/www.strasser.co.at\/de\/wp-json\/wp\/v2\/types\/product"}],"replies":[{"embeddable":true,"href":"https:\/\/www.strasser.co.at\/de\/wp-json\/wp\/v2\/comments?post=27857"}],"wp:featuredmedia":[{"embeddable":true,"href":"https:\/\/www.strasser.co.at\/de\/wp-json\/wp\/v2\/media\/28506"}],"wp:attachment":[{"href":"https:\/\/www.strasser.co.at\/de\/wp-json\/wp\/v2\/media?parent=27857"}],"wp:term":[{"taxonomy":"product_cat","embeddable":true,"href":"https:\/\/www.strasser.co.at\/de\/wp-json\/wp\/v2\/product_cat?post=27857"},{"taxonomy":"product_tag","embeddable":true,"href":"https:\/\/www.strasser.co.at\/de\/wp-json\/wp\/v2\/product_tag?post=27857"}],"curies":[{"name":"wp","href":"https:\/\/api.w.org\/{rel}","templated":true}]}}