{"id":27862,"date":"2024-11-26T13:46:21","date_gmt":"2024-11-26T12:46:21","guid":{"rendered":"https:\/\/www.strasser.co.at\/?post_type=product&#038;p=27862"},"modified":"2025-06-24T10:33:53","modified_gmt":"2025-06-24T08:33:53","slug":"seydelmann-konti-kutter-kk140-ac-6","status":"publish","type":"product","link":"https:\/\/www.strasser.co.at\/de\/produkt\/seydelmann-konti-kutter-kk140-ac-6\/","title":{"rendered":"Seydelmann Konti Kutter KK140 AC-6"},"content":{"rendered":"<p>6 stufenlos vorprogrammierbare Geschwindigkeiten,<br \/>\nfrequenzgeregelt<br \/>\nHygienic-Design-Ausf\u00fchrung: Konstruktion des<br \/>\nMaschinenst\u00e4nders weitestgehend aus massiv<br \/>\nrostfreiem Edelstahl,<br \/>\nfl\u00e4chenb\u00fcndig-eingelassene Maschinenabdeckungen<br \/>\nmit unverlierbaren Schnellverschl\u00fcssen, polierte<br \/>\nOberfl\u00e4chen, verrundete Kanten, schr\u00e4g-ablaufende<br \/>\nFl\u00e4chen, unbedenkliche, blaue Kunststoffe und<br \/>\nDichtungen im Produkt- und Spritzbereich.<\/p>\n<p>&#8211; f\u00fcr die Herstellung von verschiedenen Br\u00fchwurstsorten<br \/>\n&#8211; 185 L Trichter aufklappbar<br \/>\n&#8211; Hauptmotor f\u00fcr Drehstrom IP32, 90 kW-Leistung<br \/>\n&#8211; eingebaut im geschlossenen Maschinenst\u00e4nder mit<br \/>\nBel\u00fcftungs\u00f6ffnung, entspricht IP53,<br \/>\n&#8211; Frequenzumrichter mikroprozessorgesteuert mit intelligenter<br \/>\nAusgangsstrom\u00fcberwachung, stromsto\u00dffrei und bis zum<br \/>\n1,8-fachen \u00fcberlastbar zur stufenlosen Einstellung der<br \/>\n6 programmierbaren Geschwindigkeiten<br \/>\n&#8211; mit Elektrobremse<br \/>\n&#8211; thermische \u00dcberlastkontrolle<br \/>\n&#8211; eingebauter L\u00fcfter<br \/>\n&#8211; Stillstandsheizung f\u00fcr die Motorwicklung<br \/>\n&#8211; 400 Volt, 3 Phasen, 50 Hz<br \/>\n&#8211; Steuerspannung 230 Volt<br \/>\n&#8211; Reduzierventil zur Produktionssteuerung bzw.<br \/>\nTemperatureinstellung<br \/>\n&#8211; Schaltschrank aus rostfreiem Stahl mit eingebautem<br \/>\nHauptschalter und bis zu ca. 10 m Steuerungs-<br \/>\nund Motorkabel zwischen Schaltschrank und Maschine<br \/>\n&#8211; die vorprogrammierbaren Geschwindigkeiten &#8211; vom<br \/>\nReinigungsgang bis zur h\u00f6chsten Feinstzerkleinerungs-<br \/>\ndrehzahl &#8211; sind am Konti Kutter \u00fcber Hebelschalter abrufbar<br \/>\n&#8211; mikroprozessor-gesteuerte Digitalanzeige<br \/>\nin rostfreiem Schutzgeh\u00e4use f\u00fcr Soll- und Istwert der<br \/>\nGeschwindigkeit, der Gangzahl, der Produktaustrittstemperatur,<br \/>\nsowie Tastenfeld zur Programmierung<br \/>\n&#8211; Anzeige bei Temperaturf\u00fchlerbuch<br \/>\n&#8211; Entleerung \u00fcber abnehmbares F\u00f6rderrohr DN 65<br \/>\n&#8211; PT 100 Temperatur Messsystem<br \/>\n&#8211; fahrbar<br \/>\n&#8211; F\u00fcllstandmessung<br \/>\n&#8211; Eingriffschutz bei Entleerung aus Mischer<br \/>\n&#8211; Schneidsatz 7-teilig f\u00fcr Feinbr\u00e4t bestehend aus:<br \/>\nKR 8, S 10, R 31, S 80, R 150, S 210, R 210<\/p>\n","protected":false},"excerpt":{"rendered":"<p>6 stufenlos vorprogrammierbare Geschwindigkeiten, frequenzgeregelt Hygienic-Design-Ausf\u00fchrung: Konstruktion des Maschinenst\u00e4nders weitestgehend aus massiv rostfreiem Edelstahl, fl\u00e4chenb\u00fcndig-eingelassene Maschinenabdeckungen mit unverlierbaren Schnellverschl\u00fcssen, polierte Oberfl\u00e4chen, verrundete Kanten, schr\u00e4g-ablaufende Fl\u00e4chen, unbedenkliche, blaue Kunststoffe und Dichtungen im Produkt- und Spritzbereich. &#8211; f\u00fcr die Herstellung von verschiedenen Br\u00fchwurstsorten &#8211; 185 L Trichter aufklappbar &#8211; Hauptmotor f\u00fcr Drehstrom IP32, 90 kW-Leistung &#8211; eingebaut &#8230; <a title=\"Seydelmann Konti Kutter KK140 AC-6\" class=\"read-more\" href=\"https:\/\/www.strasser.co.at\/de\/produkt\/seydelmann-konti-kutter-kk140-ac-6\/\" aria-label=\"Mehr dazu unter Seydelmann Konti Kutter KK140 AC-6\">Weiterlesen<\/a><\/p>\n","protected":false},"featured_media":28989,"comment_status":"closed","ping_status":"closed","template":"","meta":{"_acf_changed":false,"_crsspst_to_strasser-maschinench":true,"inline_featured_image":false},"product_cat":[466],"product_tag":[],"class_list":{"0":"post-27862","1":"product","2":"type-product","3":"status-publish","4":"has-post-thumbnail","6":"product_cat-feinstzerkleinerer","8":"first","9":"instock","10":"taxable","11":"shipping-taxable","12":"product-type-simple"},"acf":[],"_links":{"self":[{"href":"https:\/\/www.strasser.co.at\/de\/wp-json\/wp\/v2\/product\/27862","targetHints":{"allow":["GET"]}}],"collection":[{"href":"https:\/\/www.strasser.co.at\/de\/wp-json\/wp\/v2\/product"}],"about":[{"href":"https:\/\/www.strasser.co.at\/de\/wp-json\/wp\/v2\/types\/product"}],"replies":[{"embeddable":true,"href":"https:\/\/www.strasser.co.at\/de\/wp-json\/wp\/v2\/comments?post=27862"}],"wp:featuredmedia":[{"embeddable":true,"href":"https:\/\/www.strasser.co.at\/de\/wp-json\/wp\/v2\/media\/28989"}],"wp:attachment":[{"href":"https:\/\/www.strasser.co.at\/de\/wp-json\/wp\/v2\/media?parent=27862"}],"wp:term":[{"taxonomy":"product_cat","embeddable":true,"href":"https:\/\/www.strasser.co.at\/de\/wp-json\/wp\/v2\/product_cat?post=27862"},{"taxonomy":"product_tag","embeddable":true,"href":"https:\/\/www.strasser.co.at\/de\/wp-json\/wp\/v2\/product_tag?post=27862"}],"curies":[{"name":"wp","href":"https:\/\/api.w.org\/{rel}","templated":true}]}}