{"id":28666,"date":"2025-04-01T13:26:46","date_gmt":"2025-04-01T11:26:46","guid":{"rendered":"https:\/\/www.strasser.co.at\/?post_type=product&#038;p=28666"},"modified":"2025-10-17T07:35:47","modified_gmt":"2025-10-17T05:35:47","slug":"broekelmann-stufentisch","status":"publish","type":"product","link":"https:\/\/www.strasser.co.at\/de\/produkt\/broekelmann-stufentisch\/","title":{"rendered":"Br\u00f6kelmann Stufentisch"},"content":{"rendered":"<p>schwere Ausf\u00fchrung aus Edelstahl<br \/>\nAbm.: 1800 x 900 x 900 mm<br \/>\nOberplatte 1,5 mm stark, 3-seitig abgekantet,<br \/>\nseitlich zur Stufe hin auslaufend &#8211; Aufkantung 150mm<br \/>\nStufentiefe 400 mm, Stufenh\u00f6he 30 mm<br \/>\nAusf\u00fchrung: verschwei\u00dft, mit Zwischenrost,<br \/>\nmit Maschinenf\u00fc\u00dfen<br \/>\nSchneidbrett aus Polyethylen<br \/>\nAbm.: 900 x 400 x 30 mm<br \/>\nAusf\u00fchrung: braun<\/p>\n","protected":false},"excerpt":{"rendered":"<p>schwere Ausf\u00fchrung aus Edelstahl Abm.: 1800 x 900 x 900 mm Oberplatte 1,5 mm stark, 3-seitig abgekantet, seitlich zur Stufe hin auslaufend &#8211; Aufkantung 150mm Stufentiefe 400 mm, Stufenh\u00f6he 30 mm Ausf\u00fchrung: verschwei\u00dft, mit Zwischenrost, mit Maschinenf\u00fc\u00dfen Schneidbrett aus Polyethylen Abm.: 900 x 400 x 30 mm Ausf\u00fchrung: braun<\/p>\n","protected":false},"featured_media":29790,"comment_status":"closed","ping_status":"closed","template":"","meta":{"_acf_changed":false,"_crsspst_to_strasser-maschinench":true,"inline_featured_image":false},"product_cat":[236],"product_tag":[],"class_list":{"0":"post-28666","1":"product","2":"type-product","3":"status-publish","4":"has-post-thumbnail","6":"product_cat-sonstiges","8":"first","9":"instock","10":"taxable","11":"shipping-taxable","12":"product-type-simple"},"acf":[],"_links":{"self":[{"href":"https:\/\/www.strasser.co.at\/de\/wp-json\/wp\/v2\/product\/28666","targetHints":{"allow":["GET"]}}],"collection":[{"href":"https:\/\/www.strasser.co.at\/de\/wp-json\/wp\/v2\/product"}],"about":[{"href":"https:\/\/www.strasser.co.at\/de\/wp-json\/wp\/v2\/types\/product"}],"replies":[{"embeddable":true,"href":"https:\/\/www.strasser.co.at\/de\/wp-json\/wp\/v2\/comments?post=28666"}],"wp:featuredmedia":[{"embeddable":true,"href":"https:\/\/www.strasser.co.at\/de\/wp-json\/wp\/v2\/media\/29790"}],"wp:attachment":[{"href":"https:\/\/www.strasser.co.at\/de\/wp-json\/wp\/v2\/media?parent=28666"}],"wp:term":[{"taxonomy":"product_cat","embeddable":true,"href":"https:\/\/www.strasser.co.at\/de\/wp-json\/wp\/v2\/product_cat?post=28666"},{"taxonomy":"product_tag","embeddable":true,"href":"https:\/\/www.strasser.co.at\/de\/wp-json\/wp\/v2\/product_tag?post=28666"}],"curies":[{"name":"wp","href":"https:\/\/api.w.org\/{rel}","templated":true}]}}