{"id":28726,"date":"2025-04-10T08:23:48","date_gmt":"2025-04-10T06:23:48","guid":{"rendered":"https:\/\/www.strasser.co.at\/?post_type=product&#038;p=28726"},"modified":"2025-12-15T13:31:21","modified_gmt":"2025-12-15T12:31:21","slug":"vakona-vak-kuehl-tumbler-esk-220-stl-4","status":"publish","type":"product","link":"https:\/\/www.strasser.co.at\/de\/produkt\/vakona-vak-kuehl-tumbler-esk-220-stl-4\/","title":{"rendered":"Vakona Vak. K\u00fchl Tumbler ESK 220 STL"},"content":{"rendered":"<p>Volumen: 220 L<br \/>\nKapazit\u00e4t je nach Produkt: 20-150 kg<br \/>\nMaschine aus Edelstahl<br \/>\nTouch-Screen Steuerung mit 99 Programmen<br \/>\nHochleistungs-Vakuumpumpe<br \/>\nAutomatische Bel\u00fcftung \/ Intervalle<br \/>\nkippbar zur vollst\u00e4ndigen Entleerung<br \/>\nstufenloses Schwenken des Beh\u00e4lters per Hub-Kipp-Zylinder<br \/>\nMassierarm mit Abstreifer, abnehmbar<br \/>\nkomplett isolierten Beh\u00e4lter einschlie\u00dflich Deckel<br \/>\nleistungsstarkes K\u00fchlaggregat<br \/>\nstufenlos regebarer Getriebemotor<br \/>\nfahrbar<br \/>\nCE-Konform<\/p>\n","protected":false},"excerpt":{"rendered":"<p>Volumen: 220 L Kapazit\u00e4t je nach Produkt: 20-150 kg Maschine aus Edelstahl Touch-Screen Steuerung mit 99 Programmen Hochleistungs-Vakuumpumpe Automatische Bel\u00fcftung \/ Intervalle kippbar zur vollst\u00e4ndigen Entleerung stufenloses Schwenken des Beh\u00e4lters per Hub-Kipp-Zylinder Massierarm mit Abstreifer, abnehmbar komplett isolierten Beh\u00e4lter einschlie\u00dflich Deckel leistungsstarkes K\u00fchlaggregat stufenlos regebarer Getriebemotor fahrbar CE-Konform<\/p>\n","protected":false},"featured_media":28727,"comment_status":"closed","ping_status":"closed","template":"","meta":{"_acf_changed":false,"_crsspst_to_strasser-maschinench":true,"inline_featured_image":false},"product_cat":[227],"product_tag":[],"class_list":{"0":"post-28726","1":"product","2":"type-product","3":"status-publish","4":"has-post-thumbnail","6":"product_cat-tumbler","8":"first","9":"instock","10":"taxable","11":"shipping-taxable","12":"product-type-simple"},"acf":[],"_links":{"self":[{"href":"https:\/\/www.strasser.co.at\/de\/wp-json\/wp\/v2\/product\/28726","targetHints":{"allow":["GET"]}}],"collection":[{"href":"https:\/\/www.strasser.co.at\/de\/wp-json\/wp\/v2\/product"}],"about":[{"href":"https:\/\/www.strasser.co.at\/de\/wp-json\/wp\/v2\/types\/product"}],"replies":[{"embeddable":true,"href":"https:\/\/www.strasser.co.at\/de\/wp-json\/wp\/v2\/comments?post=28726"}],"wp:featuredmedia":[{"embeddable":true,"href":"https:\/\/www.strasser.co.at\/de\/wp-json\/wp\/v2\/media\/28727"}],"wp:attachment":[{"href":"https:\/\/www.strasser.co.at\/de\/wp-json\/wp\/v2\/media?parent=28726"}],"wp:term":[{"taxonomy":"product_cat","embeddable":true,"href":"https:\/\/www.strasser.co.at\/de\/wp-json\/wp\/v2\/product_cat?post=28726"},{"taxonomy":"product_tag","embeddable":true,"href":"https:\/\/www.strasser.co.at\/de\/wp-json\/wp\/v2\/product_tag?post=28726"}],"curies":[{"name":"wp","href":"https:\/\/api.w.org\/{rel}","templated":true}]}}