{"id":28775,"date":"2025-04-15T14:12:51","date_gmt":"2025-04-15T12:12:51","guid":{"rendered":"https:\/\/www.strasser.co.at\/?post_type=product&#038;p=28775"},"modified":"2025-04-15T14:12:51","modified_gmt":"2025-04-15T12:12:51","slug":"vc999-vakuummaschine-k4n","status":"publish","type":"product","link":"https:\/\/www.strasser.co.at\/de\/produkt\/vc999-vakuummaschine-k4n\/","title":{"rendered":"VC999 Vakuummaschine K4N"},"content":{"rendered":"<p>Standmodell<br \/>\n&#8211; mit R\u00fcckbegasung<br \/>\n&#8211; fahrbar<br \/>\n&#8211; mit Mikroprozessor-Steuerung<br \/>\nzur einfachen Programmwahl und Bedienung<br \/>\n&#8211; Doppelschweissnaht<br \/>\n&#8211; w\u00e4hlbarer Vakuum-Sollwert oder<br \/>\n&#8220;Vakuumieren bis zum Verdampfungszeitpunkt&#8221;<br \/>\n(automatisch reguliertes Vakuum)<br \/>\n&#8211; mit Vakuum Schnellstop<br \/>\n&#8211; mit Green-Vac-Anschluss<br \/>\n&#8211; Soft-Bel\u00fcftung &#8211; zur Schonung von Verpackungs-<br \/>\ngut und -material, f\u00fcr den Druckausgleich<br \/>\n&#8211; Geh\u00e4use aus rostfreien Materialien<br \/>\n&#8211; leicht zu reinigen<br \/>\nSchweissschienenl\u00e4nge: 470 mm<br \/>\nKammerinnenma\u00dfe (BxHxT): 480 x 180 x 530 mm<br \/>\nVakuumpumpe: 60 m\u00b3\/h<br \/>\nMax. Vakuum: 99,9 %<br \/>\nTaktleistung: 2 &#8211; 3 Takt \/ Min.<br \/>\nAnschlusswert: 400 V\/3\/50 Hz 1,5 kW<br \/>\nMaschinenabmessungen (BxHxT): 520 x 1036 x 765 mm<br \/>\nGewicht: 135 kg<\/p>\n","protected":false},"excerpt":{"rendered":"<p>Standmodell &#8211; mit R\u00fcckbegasung &#8211; fahrbar &#8211; mit Mikroprozessor-Steuerung zur einfachen Programmwahl und Bedienung &#8211; Doppelschweissnaht &#8211; w\u00e4hlbarer Vakuum-Sollwert oder &#8220;Vakuumieren bis zum Verdampfungszeitpunkt&#8221; (automatisch reguliertes Vakuum) &#8211; mit Vakuum Schnellstop &#8211; mit Green-Vac-Anschluss &#8211; Soft-Bel\u00fcftung &#8211; zur Schonung von Verpackungs- gut und -material, f\u00fcr den Druckausgleich &#8211; Geh\u00e4use aus rostfreien Materialien &#8211; leicht zu &#8230; <a title=\"VC999 Vakuummaschine K4N\" class=\"read-more\" href=\"https:\/\/www.strasser.co.at\/de\/produkt\/vc999-vakuummaschine-k4n\/\" aria-label=\"Mehr dazu unter VC999 Vakuummaschine K4N\">Weiterlesen<\/a><\/p>\n","protected":false},"featured_media":28776,"comment_status":"closed","ping_status":"closed","template":"","meta":{"_acf_changed":false,"_crsspst_to_strasser-maschinench":true,"inline_featured_image":false},"product_cat":[230],"product_tag":[],"class_list":{"0":"post-28775","1":"product","2":"type-product","3":"status-publish","4":"has-post-thumbnail","6":"product_cat-vakuummaschinen-2","8":"first","9":"instock","10":"taxable","11":"shipping-taxable","12":"product-type-simple"},"acf":[],"_links":{"self":[{"href":"https:\/\/www.strasser.co.at\/de\/wp-json\/wp\/v2\/product\/28775","targetHints":{"allow":["GET"]}}],"collection":[{"href":"https:\/\/www.strasser.co.at\/de\/wp-json\/wp\/v2\/product"}],"about":[{"href":"https:\/\/www.strasser.co.at\/de\/wp-json\/wp\/v2\/types\/product"}],"replies":[{"embeddable":true,"href":"https:\/\/www.strasser.co.at\/de\/wp-json\/wp\/v2\/comments?post=28775"}],"wp:featuredmedia":[{"embeddable":true,"href":"https:\/\/www.strasser.co.at\/de\/wp-json\/wp\/v2\/media\/28776"}],"wp:attachment":[{"href":"https:\/\/www.strasser.co.at\/de\/wp-json\/wp\/v2\/media?parent=28775"}],"wp:term":[{"taxonomy":"product_cat","embeddable":true,"href":"https:\/\/www.strasser.co.at\/de\/wp-json\/wp\/v2\/product_cat?post=28775"},{"taxonomy":"product_tag","embeddable":true,"href":"https:\/\/www.strasser.co.at\/de\/wp-json\/wp\/v2\/product_tag?post=28775"}],"curies":[{"name":"wp","href":"https:\/\/api.w.org\/{rel}","templated":true}]}}