{"id":28788,"date":"2025-04-16T10:48:46","date_gmt":"2025-04-16T08:48:46","guid":{"rendered":"https:\/\/www.strasser.co.at\/?post_type=product&#038;p=28788"},"modified":"2025-04-16T10:48:46","modified_gmt":"2025-04-16T08:48:46","slug":"seydelmann-kutter-k75u","status":"publish","type":"product","link":"https:\/\/www.strasser.co.at\/de\/produkt\/seydelmann-kutter-k75u\/","title":{"rendered":"Seydelmann Kutter K75U"},"content":{"rendered":"<p>weitgehend massiv aus Edelstahl rostfrei<br \/>\nSch\u00fcssel aus Edelstahl rostfrei<br \/>\n2 Geschwindigkeiten f\u00fcr die Messerwelle<br \/>\n2 Mischg\u00e4nge vorw\u00e4rts<br \/>\n2 Mischg\u00e4nge r\u00fcckw\u00e4rts<br \/>\n2 Sch\u00fcsselgeschwindigkeiten<br \/>\nL\u00e4rmschutzdeckel<br \/>\nAbschaltkontakt f\u00fcr Temperatur und Laufzeit<br \/>\nDigitalanzeige DGA 32, separat von der Maschine<br \/>\nLeistung: 21 kW, 400 V, 50 Hz<br \/>\n6 St\u00fcck Kuttermesser Rad. 192,3, gebraucht<br \/>\nSchaltschrank separat von der Maschine<br \/>\nCE-Konform<\/p>\n","protected":false},"excerpt":{"rendered":"<p>weitgehend massiv aus Edelstahl rostfrei Sch\u00fcssel aus Edelstahl rostfrei 2 Geschwindigkeiten f\u00fcr die Messerwelle 2 Mischg\u00e4nge vorw\u00e4rts 2 Mischg\u00e4nge r\u00fcckw\u00e4rts 2 Sch\u00fcsselgeschwindigkeiten L\u00e4rmschutzdeckel Abschaltkontakt f\u00fcr Temperatur und Laufzeit Digitalanzeige DGA 32, separat von der Maschine Leistung: 21 kW, 400 V, 50 Hz 6 St\u00fcck Kuttermesser Rad. 192,3, gebraucht Schaltschrank separat von der Maschine CE-Konform<\/p>\n","protected":false},"featured_media":0,"comment_status":"closed","ping_status":"closed","template":"","meta":{"_acf_changed":false,"_crsspst_to_strasser-maschinench":true,"inline_featured_image":false},"product_cat":[98],"product_tag":[],"class_list":{"0":"post-28788","1":"product","2":"type-product","3":"status-publish","5":"product_cat-kutter","7":"first","8":"instock","9":"taxable","10":"shipping-taxable","11":"product-type-simple"},"acf":[],"_links":{"self":[{"href":"https:\/\/www.strasser.co.at\/de\/wp-json\/wp\/v2\/product\/28788","targetHints":{"allow":["GET"]}}],"collection":[{"href":"https:\/\/www.strasser.co.at\/de\/wp-json\/wp\/v2\/product"}],"about":[{"href":"https:\/\/www.strasser.co.at\/de\/wp-json\/wp\/v2\/types\/product"}],"replies":[{"embeddable":true,"href":"https:\/\/www.strasser.co.at\/de\/wp-json\/wp\/v2\/comments?post=28788"}],"wp:attachment":[{"href":"https:\/\/www.strasser.co.at\/de\/wp-json\/wp\/v2\/media?parent=28788"}],"wp:term":[{"taxonomy":"product_cat","embeddable":true,"href":"https:\/\/www.strasser.co.at\/de\/wp-json\/wp\/v2\/product_cat?post=28788"},{"taxonomy":"product_tag","embeddable":true,"href":"https:\/\/www.strasser.co.at\/de\/wp-json\/wp\/v2\/product_tag?post=28788"}],"curies":[{"name":"wp","href":"https:\/\/api.w.org\/{rel}","templated":true}]}}