{"id":28917,"date":"2025-05-12T13:41:54","date_gmt":"2025-05-12T11:41:54","guid":{"rendered":"https:\/\/www.strasser.co.at\/?post_type=product&#038;p=28917"},"modified":"2026-04-20T08:27:41","modified_gmt":"2026-04-20T06:27:41","slug":"boss-vakuummaschine-titan-x-630","status":"publish","type":"product","link":"https:\/\/www.strasser.co.at\/de\/produkt\/boss-vakuummaschine-titan-x-630\/","title":{"rendered":"Boss Vakuummaschine Titan-X 630"},"content":{"rendered":"<p>Standmodell<br \/>\n&#8211; fahrbar<br \/>\n&#8211; Sensorsteuerung Z 3000 inkl. Hochdruckschwei\u00dfung<br \/>\n&#8211; Ergonomischer Edelstahldeckel<br \/>\n&#8211; Kabellose Siegelpneumatik<br \/>\n&#8211; Mit leistungsstarken, \u00f6lbetriebenen Drehschieber-Vakuumpumpen der Fa. Busch<br \/>\n&#8211; Einlegeplatten zur Volumenreduzierung und H\u00f6henregulierung<br \/>\n&#8211; Kammerinnenma\u00dfe (BxHxT): 740 x 860 x 230 mm<br \/>\n&#8211; Au\u00dfenma\u00dfe (BxHxT): 1600 x 1210 x 1130 mm<br \/>\n&#8211; Gewicht: 410 kg | 480 kg<br \/>\n&#8211; Stromanschluss: 3 Phasen, 230 \/ 400 V, 50 Hz<\/p>\n","protected":false},"excerpt":{"rendered":"<p>Standmodell &#8211; fahrbar &#8211; Sensorsteuerung Z 3000 inkl. Hochdruckschwei\u00dfung &#8211; Ergonomischer Edelstahldeckel &#8211; Kabellose Siegelpneumatik &#8211; Mit leistungsstarken, \u00f6lbetriebenen Drehschieber-Vakuumpumpen der Fa. Busch &#8211; Einlegeplatten zur Volumenreduzierung und H\u00f6henregulierung &#8211; Kammerinnenma\u00dfe (BxHxT): 740 x 860 x 230 mm &#8211; Au\u00dfenma\u00dfe (BxHxT): 1600 x 1210 x 1130 mm &#8211; Gewicht: 410 kg | 480 kg &#8211; &#8230; <a title=\"Boss Vakuummaschine Titan-X 630\" class=\"read-more\" href=\"https:\/\/www.strasser.co.at\/de\/produkt\/boss-vakuummaschine-titan-x-630\/\" aria-label=\"Mehr dazu unter Boss Vakuummaschine Titan-X 630\">Weiterlesen<\/a><\/p>\n","protected":false},"featured_media":28918,"comment_status":"closed","ping_status":"closed","template":"","meta":{"_acf_changed":false,"_crsspst_to_strasser-maschinench":true,"inline_featured_image":false},"product_cat":[230],"product_tag":[],"class_list":{"0":"post-28917","1":"product","2":"type-product","3":"status-publish","4":"has-post-thumbnail","6":"product_cat-vakuummaschinen-2","8":"first","9":"instock","10":"taxable","11":"shipping-taxable","12":"product-type-simple"},"acf":[],"_links":{"self":[{"href":"https:\/\/www.strasser.co.at\/de\/wp-json\/wp\/v2\/product\/28917","targetHints":{"allow":["GET"]}}],"collection":[{"href":"https:\/\/www.strasser.co.at\/de\/wp-json\/wp\/v2\/product"}],"about":[{"href":"https:\/\/www.strasser.co.at\/de\/wp-json\/wp\/v2\/types\/product"}],"replies":[{"embeddable":true,"href":"https:\/\/www.strasser.co.at\/de\/wp-json\/wp\/v2\/comments?post=28917"}],"wp:featuredmedia":[{"embeddable":true,"href":"https:\/\/www.strasser.co.at\/de\/wp-json\/wp\/v2\/media\/28918"}],"wp:attachment":[{"href":"https:\/\/www.strasser.co.at\/de\/wp-json\/wp\/v2\/media?parent=28917"}],"wp:term":[{"taxonomy":"product_cat","embeddable":true,"href":"https:\/\/www.strasser.co.at\/de\/wp-json\/wp\/v2\/product_cat?post=28917"},{"taxonomy":"product_tag","embeddable":true,"href":"https:\/\/www.strasser.co.at\/de\/wp-json\/wp\/v2\/product_tag?post=28917"}],"curies":[{"name":"wp","href":"https:\/\/api.w.org\/{rel}","templated":true}]}}