{"id":28963,"date":"2025-05-20T10:31:21","date_gmt":"2025-05-20T08:31:21","guid":{"rendered":"https:\/\/www.strasser.co.at\/?post_type=product&#038;p=28963"},"modified":"2025-09-15T08:36:18","modified_gmt":"2025-09-15T06:36:18","slug":"frey-burgerformband-dmfb90","status":"publish","type":"product","link":"https:\/\/www.strasser.co.at\/de\/produkt\/frey-burgerformband-dmfb90\/","title":{"rendered":"Frey Burgerformband DMFB90"},"content":{"rendered":"<p>Automatische Linie zum Portionieren und Formen<br \/>\nvon Produkten mit abgerundeten Kanten im<br \/>\nNiederdruckverfahren im \u201cHome Made Style\u201d.<br \/>\nBestehend aus CLB CAN, FB und DM92<br \/>\ninkl. Bandbefeuchtung, Abstreifer, Auffangwanne<br \/>\nund \u00fcberwachter Schutzhaube.<br \/>\nTransportband zum F\u00fcllmaschinenauslauf h\u00f6henverstellbar.<br \/>\nProdukt l\u00e4ngs f\u00fcllen f\u00fcr z.B. Cevapcici m\u00f6glich.<br \/>\nEinfache Reinigung durch abnehmbare bzw. l\u00f6sbare<br \/>\nTransportb\u00e4nder. Voll integrierte Steuerung und<br \/>\nSchaltschrank mit gesch\u00fctzter Anschlussbox.<br \/>\nPortionsvolumen, Formdurchmesser und -dicke<br \/>\nflexibel w\u00e4hlbar. Produktdurchmesser<br \/>\nca. 30 &#8211; 150 mm, Produkth\u00f6he ca. 5 &#8211; 55 mm<br \/>\nmaximaler Durchlass 20 &#8211; 90 mm<\/p>\n","protected":false},"excerpt":{"rendered":"<p>Automatische Linie zum Portionieren und Formen von Produkten mit abgerundeten Kanten im Niederdruckverfahren im \u201cHome Made Style\u201d. Bestehend aus CLB CAN, FB und DM92 inkl. Bandbefeuchtung, Abstreifer, Auffangwanne und \u00fcberwachter Schutzhaube. Transportband zum F\u00fcllmaschinenauslauf h\u00f6henverstellbar. Produkt l\u00e4ngs f\u00fcllen f\u00fcr z.B. Cevapcici m\u00f6glich. Einfache Reinigung durch abnehmbare bzw. l\u00f6sbare Transportb\u00e4nder. Voll integrierte Steuerung und Schaltschrank mit &#8230; <a title=\"Frey Burgerformband DMFB90\" class=\"read-more\" href=\"https:\/\/www.strasser.co.at\/de\/produkt\/frey-burgerformband-dmfb90\/\" aria-label=\"Mehr dazu unter Frey Burgerformband DMFB90\">Weiterlesen<\/a><\/p>\n","protected":false},"featured_media":29469,"comment_status":"closed","ping_status":"closed","template":"","meta":{"_acf_changed":false,"_crsspst_to_strasser-maschinench":true,"inline_featured_image":false},"product_cat":[197],"product_tag":[],"class_list":{"0":"post-28963","1":"product","2":"type-product","3":"status-publish","4":"has-post-thumbnail","6":"product_cat-burgerformer-2","8":"first","9":"instock","10":"taxable","11":"shipping-taxable","12":"product-type-simple"},"acf":[],"_links":{"self":[{"href":"https:\/\/www.strasser.co.at\/de\/wp-json\/wp\/v2\/product\/28963","targetHints":{"allow":["GET"]}}],"collection":[{"href":"https:\/\/www.strasser.co.at\/de\/wp-json\/wp\/v2\/product"}],"about":[{"href":"https:\/\/www.strasser.co.at\/de\/wp-json\/wp\/v2\/types\/product"}],"replies":[{"embeddable":true,"href":"https:\/\/www.strasser.co.at\/de\/wp-json\/wp\/v2\/comments?post=28963"}],"wp:featuredmedia":[{"embeddable":true,"href":"https:\/\/www.strasser.co.at\/de\/wp-json\/wp\/v2\/media\/29469"}],"wp:attachment":[{"href":"https:\/\/www.strasser.co.at\/de\/wp-json\/wp\/v2\/media?parent=28963"}],"wp:term":[{"taxonomy":"product_cat","embeddable":true,"href":"https:\/\/www.strasser.co.at\/de\/wp-json\/wp\/v2\/product_cat?post=28963"},{"taxonomy":"product_tag","embeddable":true,"href":"https:\/\/www.strasser.co.at\/de\/wp-json\/wp\/v2\/product_tag?post=28963"}],"curies":[{"name":"wp","href":"https:\/\/api.w.org\/{rel}","templated":true}]}}