{"id":29039,"date":"2025-06-04T15:05:56","date_gmt":"2025-06-04T13:05:56","guid":{"rendered":"https:\/\/www.strasser.co.at\/?post_type=product&#038;p=29039"},"modified":"2025-06-23T08:48:51","modified_gmt":"2025-06-23T06:48:51","slug":"boss-vakuummaschine-titan-f1000","status":"publish","type":"product","link":"https:\/\/www.strasser.co.at\/de\/produkt\/boss-vakuummaschine-titan-f1000\/","title":{"rendered":"Boss Vakuummaschine Titan-F1000"},"content":{"rendered":"<p>Iden. Nr. 300-Z3-0-T4-0-6-0-00<br \/>\nAussenfront aus Edelstahl<br \/>\n2 Schweissbalken mit 58 cm<br \/>\n1 Schweissbalken mit 100 cm<br \/>\nKammergr\u00f6\u00dfe ca. 100cm x 60cm<br \/>\nR\u00fcckbegasung<br \/>\n6,3 kW, 400V, 50 Hz<br \/>\nCE-Konform<\/p>\n","protected":false},"excerpt":{"rendered":"<p>Iden. Nr. 300-Z3-0-T4-0-6-0-00 Aussenfront aus Edelstahl 2 Schweissbalken mit 58 cm 1 Schweissbalken mit 100 cm Kammergr\u00f6\u00dfe ca. 100cm x 60cm R\u00fcckbegasung 6,3 kW, 400V, 50 Hz CE-Konform<\/p>\n","protected":false},"featured_media":29106,"comment_status":"closed","ping_status":"closed","template":"","meta":{"_acf_changed":false,"_crsspst_to_strasser-maschinench":true,"inline_featured_image":false},"product_cat":[230],"product_tag":[],"class_list":{"0":"post-29039","1":"product","2":"type-product","3":"status-publish","4":"has-post-thumbnail","6":"product_cat-vakuummaschinen-2","8":"first","9":"instock","10":"taxable","11":"shipping-taxable","12":"product-type-simple"},"acf":[],"_links":{"self":[{"href":"https:\/\/www.strasser.co.at\/de\/wp-json\/wp\/v2\/product\/29039","targetHints":{"allow":["GET"]}}],"collection":[{"href":"https:\/\/www.strasser.co.at\/de\/wp-json\/wp\/v2\/product"}],"about":[{"href":"https:\/\/www.strasser.co.at\/de\/wp-json\/wp\/v2\/types\/product"}],"replies":[{"embeddable":true,"href":"https:\/\/www.strasser.co.at\/de\/wp-json\/wp\/v2\/comments?post=29039"}],"wp:featuredmedia":[{"embeddable":true,"href":"https:\/\/www.strasser.co.at\/de\/wp-json\/wp\/v2\/media\/29106"}],"wp:attachment":[{"href":"https:\/\/www.strasser.co.at\/de\/wp-json\/wp\/v2\/media?parent=29039"}],"wp:term":[{"taxonomy":"product_cat","embeddable":true,"href":"https:\/\/www.strasser.co.at\/de\/wp-json\/wp\/v2\/product_cat?post=29039"},{"taxonomy":"product_tag","embeddable":true,"href":"https:\/\/www.strasser.co.at\/de\/wp-json\/wp\/v2\/product_tag?post=29039"}],"curies":[{"name":"wp","href":"https:\/\/api.w.org\/{rel}","templated":true}]}}