{"id":29152,"date":"2025-06-24T09:24:12","date_gmt":"2025-06-24T07:24:12","guid":{"rendered":"https:\/\/www.strasser.co.at\/?post_type=product&#038;p=29152"},"modified":"2025-10-02T12:46:03","modified_gmt":"2025-10-02T10:46:03","slug":"talsa-kochkessel-rea-335-2","status":"publish","type":"product","link":"https:\/\/www.strasser.co.at\/de\/produkt\/talsa-kochkessel-rea-335-2\/","title":{"rendered":"Talsa Kochkessel REA 335"},"content":{"rendered":"<p>335 L Inhalt<br \/>\nAussenfront aus Edelstahl rostfrei<br \/>\nmit Thermo\u00f6lf\u00fcllung<br \/>\nDirektbef\u00fcllung f\u00fcr Kalt- und Warmwasser<br \/>\nKerntemperatursonde<br \/>\nElektrobeheizt, 18 kW Leistung, 400V, 50 Hz,<br \/>\nAutomatische Temperatur und Zeitregelung separat<br \/>\nAbmessungen au\u00dfen: LxBxH 126x107x111 cm<br \/>\nAbmessungen innen: LxBxH 90x70x54 cm<br \/>\nCE-Konform<\/p>\n","protected":false},"excerpt":{"rendered":"<p>335 L Inhalt Aussenfront aus Edelstahl rostfrei mit Thermo\u00f6lf\u00fcllung Direktbef\u00fcllung f\u00fcr Kalt- und Warmwasser Kerntemperatursonde Elektrobeheizt, 18 kW Leistung, 400V, 50 Hz, Automatische Temperatur und Zeitregelung separat Abmessungen au\u00dfen: LxBxH 126x107x111 cm Abmessungen innen: LxBxH 90x70x54 cm CE-Konform<\/p>\n","protected":false},"featured_media":29153,"comment_status":"closed","ping_status":"closed","template":"","meta":{"_acf_changed":false,"_crsspst_to_strasser-maschinench":true,"inline_featured_image":false},"product_cat":[206],"product_tag":[],"class_list":{"0":"post-29152","1":"product","2":"type-product","3":"status-publish","4":"has-post-thumbnail","6":"product_cat-kochkessel-schraenke","8":"first","9":"instock","10":"taxable","11":"shipping-taxable","12":"product-type-simple"},"acf":[],"_links":{"self":[{"href":"https:\/\/www.strasser.co.at\/de\/wp-json\/wp\/v2\/product\/29152","targetHints":{"allow":["GET"]}}],"collection":[{"href":"https:\/\/www.strasser.co.at\/de\/wp-json\/wp\/v2\/product"}],"about":[{"href":"https:\/\/www.strasser.co.at\/de\/wp-json\/wp\/v2\/types\/product"}],"replies":[{"embeddable":true,"href":"https:\/\/www.strasser.co.at\/de\/wp-json\/wp\/v2\/comments?post=29152"}],"wp:featuredmedia":[{"embeddable":true,"href":"https:\/\/www.strasser.co.at\/de\/wp-json\/wp\/v2\/media\/29153"}],"wp:attachment":[{"href":"https:\/\/www.strasser.co.at\/de\/wp-json\/wp\/v2\/media?parent=29152"}],"wp:term":[{"taxonomy":"product_cat","embeddable":true,"href":"https:\/\/www.strasser.co.at\/de\/wp-json\/wp\/v2\/product_cat?post=29152"},{"taxonomy":"product_tag","embeddable":true,"href":"https:\/\/www.strasser.co.at\/de\/wp-json\/wp\/v2\/product_tag?post=29152"}],"curies":[{"name":"wp","href":"https:\/\/api.w.org\/{rel}","templated":true}]}}