{"id":29201,"date":"2025-07-07T08:03:29","date_gmt":"2025-07-07T06:03:29","guid":{"rendered":"https:\/\/www.strasser.co.at\/?post_type=product&#038;p=29201"},"modified":"2025-07-07T08:03:29","modified_gmt":"2025-07-07T06:03:29","slug":"broekelmann-glyzerinkessel-120ltr","status":"publish","type":"product","link":"https:\/\/www.strasser.co.at\/de\/produkt\/broekelmann-glyzerinkessel-120ltr\/","title":{"rendered":"Br\u00f6kelmann Glyzerinkessel 120Ltr"},"content":{"rendered":"<p>Beistellkessel aus Edelstahl W.-Nr.: 1.4301 Rundschliff<br \/>\nAbm. aussen: D=600 mm H=860 mm<br \/>\nInhalt 120 Liter<br \/>\nAusf\u00fchrung: Doppelwandig mit Glyzerinf\u00fcllung, mit losem Deckel<br \/>\nmit thermostatisch geregeltem Rohrheizk\u00f6rper: 9 kW<br \/>\nBetriebsspannung 400V (50\/60Hz)<br \/>\nfahrbar mit 3 Lenkrollen Edelstahl\/Pevolon<br \/>\n=====<br \/>\nzur genauen Kontrolle der Temperatur des Gargutes ist die Verwendung<br \/>\neines handels\u00fcblichen Schwimmerthermometers erforderlich<\/p>\n","protected":false},"excerpt":{"rendered":"<p>Beistellkessel aus Edelstahl W.-Nr.: 1.4301 Rundschliff Abm. aussen: D=600 mm H=860 mm Inhalt 120 Liter Ausf\u00fchrung: Doppelwandig mit Glyzerinf\u00fcllung, mit losem Deckel mit thermostatisch geregeltem Rohrheizk\u00f6rper: 9 kW Betriebsspannung 400V (50\/60Hz) fahrbar mit 3 Lenkrollen Edelstahl\/Pevolon ===== zur genauen Kontrolle der Temperatur des Gargutes ist die Verwendung eines handels\u00fcblichen Schwimmerthermometers erforderlich<\/p>\n","protected":false},"featured_media":29202,"comment_status":"closed","ping_status":"closed","template":"","meta":{"_acf_changed":false,"_crsspst_to_strasser-maschinench":true,"inline_featured_image":false},"product_cat":[206],"product_tag":[],"class_list":{"0":"post-29201","1":"product","2":"type-product","3":"status-publish","4":"has-post-thumbnail","6":"product_cat-kochkessel-schraenke","8":"first","9":"instock","10":"taxable","11":"shipping-taxable","12":"product-type-simple"},"acf":[],"_links":{"self":[{"href":"https:\/\/www.strasser.co.at\/de\/wp-json\/wp\/v2\/product\/29201","targetHints":{"allow":["GET"]}}],"collection":[{"href":"https:\/\/www.strasser.co.at\/de\/wp-json\/wp\/v2\/product"}],"about":[{"href":"https:\/\/www.strasser.co.at\/de\/wp-json\/wp\/v2\/types\/product"}],"replies":[{"embeddable":true,"href":"https:\/\/www.strasser.co.at\/de\/wp-json\/wp\/v2\/comments?post=29201"}],"wp:featuredmedia":[{"embeddable":true,"href":"https:\/\/www.strasser.co.at\/de\/wp-json\/wp\/v2\/media\/29202"}],"wp:attachment":[{"href":"https:\/\/www.strasser.co.at\/de\/wp-json\/wp\/v2\/media?parent=29201"}],"wp:term":[{"taxonomy":"product_cat","embeddable":true,"href":"https:\/\/www.strasser.co.at\/de\/wp-json\/wp\/v2\/product_cat?post=29201"},{"taxonomy":"product_tag","embeddable":true,"href":"https:\/\/www.strasser.co.at\/de\/wp-json\/wp\/v2\/product_tag?post=29201"}],"curies":[{"name":"wp","href":"https:\/\/api.w.org\/{rel}","templated":true}]}}