{"id":29207,"date":"2025-07-07T08:10:18","date_gmt":"2025-07-07T06:10:18","guid":{"rendered":"https:\/\/www.strasser.co.at\/?post_type=product&#038;p=29207"},"modified":"2025-07-07T08:10:18","modified_gmt":"2025-07-07T06:10:18","slug":"broekelmann-glyzerinkessel-150ltr","status":"publish","type":"product","link":"https:\/\/www.strasser.co.at\/de\/produkt\/broekelmann-glyzerinkessel-150ltr\/","title":{"rendered":"Br\u00f6kelmann Glyzerinkessel 150Ltr"},"content":{"rendered":"<p>Ausf\u00fchrung Edelstahl<br \/>\nInhalt 150 L<br \/>\nElektrobeheizt, 9 kW, 400 V, Anschlu\u00dffertig<br \/>\nDoppelwandig mit Glyzerinf\u00fcllung, mit losem Deckel<br \/>\nAblasshahn 1 1\/4 &#8221;<br \/>\nAu\u00dfenma\u00dfe: Rund Durchmesser: 660 mm<br \/>\nH\u00f6he: 860 mm<br \/>\nInnenma\u00dfe: Rund Durchmesser: 600 mm<br \/>\nH\u00f6he: 530 mm<br \/>\nfahrbar mit 3 Lenkrollen Edelstahl\/Pevolon<\/p>\n<p>zur genauen Kontrolle der Temperatur des Gargutes ist<br \/>\ndie Verwendung eines handels\u00fcblichen Schwimmerthermometers<br \/>\nerforderlich.<\/p>\n","protected":false},"excerpt":{"rendered":"<p>Ausf\u00fchrung Edelstahl Inhalt 150 L Elektrobeheizt, 9 kW, 400 V, Anschlu\u00dffertig Doppelwandig mit Glyzerinf\u00fcllung, mit losem Deckel Ablasshahn 1 1\/4 &#8221; Au\u00dfenma\u00dfe: Rund Durchmesser: 660 mm H\u00f6he: 860 mm Innenma\u00dfe: Rund Durchmesser: 600 mm H\u00f6he: 530 mm fahrbar mit 3 Lenkrollen Edelstahl\/Pevolon zur genauen Kontrolle der Temperatur des Gargutes ist die Verwendung eines handels\u00fcblichen Schwimmerthermometers &#8230; <a title=\"Br\u00f6kelmann Glyzerinkessel 150Ltr\" class=\"read-more\" href=\"https:\/\/www.strasser.co.at\/de\/produkt\/broekelmann-glyzerinkessel-150ltr\/\" aria-label=\"Mehr dazu unter Br\u00f6kelmann Glyzerinkessel 150Ltr\">Weiterlesen<\/a><\/p>\n","protected":false},"featured_media":29208,"comment_status":"closed","ping_status":"closed","template":"","meta":{"_acf_changed":false,"_crsspst_to_strasser-maschinench":true,"inline_featured_image":false},"product_cat":[206],"product_tag":[],"class_list":{"0":"post-29207","1":"product","2":"type-product","3":"status-publish","4":"has-post-thumbnail","6":"product_cat-kochkessel-schraenke","8":"first","9":"instock","10":"taxable","11":"shipping-taxable","12":"product-type-simple"},"acf":[],"_links":{"self":[{"href":"https:\/\/www.strasser.co.at\/de\/wp-json\/wp\/v2\/product\/29207","targetHints":{"allow":["GET"]}}],"collection":[{"href":"https:\/\/www.strasser.co.at\/de\/wp-json\/wp\/v2\/product"}],"about":[{"href":"https:\/\/www.strasser.co.at\/de\/wp-json\/wp\/v2\/types\/product"}],"replies":[{"embeddable":true,"href":"https:\/\/www.strasser.co.at\/de\/wp-json\/wp\/v2\/comments?post=29207"}],"wp:featuredmedia":[{"embeddable":true,"href":"https:\/\/www.strasser.co.at\/de\/wp-json\/wp\/v2\/media\/29208"}],"wp:attachment":[{"href":"https:\/\/www.strasser.co.at\/de\/wp-json\/wp\/v2\/media?parent=29207"}],"wp:term":[{"taxonomy":"product_cat","embeddable":true,"href":"https:\/\/www.strasser.co.at\/de\/wp-json\/wp\/v2\/product_cat?post=29207"},{"taxonomy":"product_tag","embeddable":true,"href":"https:\/\/www.strasser.co.at\/de\/wp-json\/wp\/v2\/product_tag?post=29207"}],"curies":[{"name":"wp","href":"https:\/\/api.w.org\/{rel}","templated":true}]}}