{"id":29230,"date":"2025-07-08T12:55:28","date_gmt":"2025-07-08T10:55:28","guid":{"rendered":"https:\/\/www.strasser.co.at\/?post_type=product&#038;p=29230"},"modified":"2025-07-08T12:55:29","modified_gmt":"2025-07-08T10:55:29","slug":"ab-hamburgerformer-f2-sd-2","status":"publish","type":"product","link":"https:\/\/www.strasser.co.at\/de\/produkt\/ab-hamburgerformer-f2-sd-2\/","title":{"rendered":"AB Hamburgerformer F2 SD"},"content":{"rendered":"<p>Burgerformer mit Stapelfunktion:<br \/>\nPatties k\u00f6nnen auf 1 &#8211; 5 Ebenen abgelegt werden<br \/>\nUnterlege &#8211; Trennpapier automatisch<br \/>\nbis zu 2000 St\u00fcck\/Stunde<br \/>\nGeschwindigkeit stufenlos regelbar<br \/>\nF\u00f6rderband lang: 900 mm, auf separatem Untergestell<br \/>\nTrichter, Paddel und Trommel sind f\u00fcr<br \/>\ndie Reinigung leicht zu demontieren.<br \/>\ngro\u00dfer Trichter 30 Liter<br \/>\ninkl. pneumatische Drahtreinigung<br \/>\ninkl. fahrbares Untergestell aus Edelstahl<br \/>\ninkl. 1 Stk. Rundform (max. \u00d8130mm)<\/p>\n","protected":false},"excerpt":{"rendered":"<p>Burgerformer mit Stapelfunktion: Patties k\u00f6nnen auf 1 &#8211; 5 Ebenen abgelegt werden Unterlege &#8211; Trennpapier automatisch bis zu 2000 St\u00fcck\/Stunde Geschwindigkeit stufenlos regelbar F\u00f6rderband lang: 900 mm, auf separatem Untergestell Trichter, Paddel und Trommel sind f\u00fcr die Reinigung leicht zu demontieren. gro\u00dfer Trichter 30 Liter inkl. pneumatische Drahtreinigung inkl. fahrbares Untergestell aus Edelstahl inkl. 1 &#8230; <a title=\"AB Hamburgerformer F2 SD\" class=\"read-more\" href=\"https:\/\/www.strasser.co.at\/de\/produkt\/ab-hamburgerformer-f2-sd-2\/\" aria-label=\"Mehr dazu unter AB Hamburgerformer F2 SD\">Weiterlesen<\/a><\/p>\n","protected":false},"featured_media":29231,"comment_status":"closed","ping_status":"closed","template":"","meta":{"_acf_changed":false,"_crsspst_to_strasser-maschinench":true,"inline_featured_image":false},"product_cat":[197],"product_tag":[],"class_list":{"0":"post-29230","1":"product","2":"type-product","3":"status-publish","4":"has-post-thumbnail","6":"product_cat-burgerformer-2","8":"first","9":"instock","10":"taxable","11":"shipping-taxable","12":"product-type-simple"},"acf":[],"_links":{"self":[{"href":"https:\/\/www.strasser.co.at\/de\/wp-json\/wp\/v2\/product\/29230","targetHints":{"allow":["GET"]}}],"collection":[{"href":"https:\/\/www.strasser.co.at\/de\/wp-json\/wp\/v2\/product"}],"about":[{"href":"https:\/\/www.strasser.co.at\/de\/wp-json\/wp\/v2\/types\/product"}],"replies":[{"embeddable":true,"href":"https:\/\/www.strasser.co.at\/de\/wp-json\/wp\/v2\/comments?post=29230"}],"wp:featuredmedia":[{"embeddable":true,"href":"https:\/\/www.strasser.co.at\/de\/wp-json\/wp\/v2\/media\/29231"}],"wp:attachment":[{"href":"https:\/\/www.strasser.co.at\/de\/wp-json\/wp\/v2\/media?parent=29230"}],"wp:term":[{"taxonomy":"product_cat","embeddable":true,"href":"https:\/\/www.strasser.co.at\/de\/wp-json\/wp\/v2\/product_cat?post=29230"},{"taxonomy":"product_tag","embeddable":true,"href":"https:\/\/www.strasser.co.at\/de\/wp-json\/wp\/v2\/product_tag?post=29230"}],"curies":[{"name":"wp","href":"https:\/\/api.w.org\/{rel}","templated":true}]}}