{"id":29335,"date":"2025-08-01T06:55:56","date_gmt":"2025-08-01T04:55:56","guid":{"rendered":"https:\/\/www.strasser.co.at\/?post_type=product&#038;p=29335"},"modified":"2026-04-20T08:00:51","modified_gmt":"2026-04-20T06:00:51","slug":"seydelmann-vak-kutter-k324-dc-8","status":"publish","type":"product","link":"https:\/\/www.strasser.co.at\/de\/produkt\/seydelmann-vak-kutter-k324-dc-8\/","title":{"rendered":"Seydelmann Vak. Kutter K324 DC-8"},"content":{"rendered":"<p>weitgehend massiv aus Edelstahl rostfrei<br \/>\n300 L Sch\u00fcssel aus Edelstahl rostfrei<br \/>\n2 Sch\u00fcsselgeschwindigkeiten<br \/>\nstufenlos regelbare Messergeschwindigkeiten<br \/>\nje 2 Mischg\u00e4nge vor- \/ r\u00fcckw\u00e4rts<br \/>\nHaupt- und L\u00e4rmschutzdeckel, hydraulisch<br \/>\nL\u00e4rmschutzdeckel aus Plexiglas<br \/>\nBeladevorrichtung f\u00fcr BW200, links, hydraulisch<br \/>\nAuswerfer, rechts, hydraulisch<br \/>\nSteuerung \/ Anzeige Memory 511<br \/>\nohne Hauptmotor ca. 170 kW, 400 V, 50 Hz, 3 Ph.<br \/>\nVakuumpumpe eingebaut<br \/>\nEdelstahl Schaltschrank separat<br \/>\n6 Kuttermesser gebraucht, mit Zubeh\u00f6r<\/p>\n","protected":false},"excerpt":{"rendered":"<p>weitgehend massiv aus Edelstahl rostfrei 300 L Sch\u00fcssel aus Edelstahl rostfrei 2 Sch\u00fcsselgeschwindigkeiten stufenlos regelbare Messergeschwindigkeiten je 2 Mischg\u00e4nge vor- \/ r\u00fcckw\u00e4rts Haupt- und L\u00e4rmschutzdeckel, hydraulisch L\u00e4rmschutzdeckel aus Plexiglas Beladevorrichtung f\u00fcr BW200, links, hydraulisch Auswerfer, rechts, hydraulisch Steuerung \/ Anzeige Memory 511 ohne Hauptmotor ca. 170 kW, 400 V, 50 Hz, 3 Ph. Vakuumpumpe eingebaut &#8230; <a title=\"Seydelmann Vak. Kutter K324 DC-8\" class=\"read-more\" href=\"https:\/\/www.strasser.co.at\/de\/produkt\/seydelmann-vak-kutter-k324-dc-8\/\" aria-label=\"Mehr dazu unter Seydelmann Vak. Kutter K324 DC-8\">Weiterlesen<\/a><\/p>\n","protected":false},"featured_media":29336,"comment_status":"closed","ping_status":"closed","template":"","meta":{"_acf_changed":false,"_crsspst_to_strasser-maschinench":true,"inline_featured_image":false},"product_cat":[98],"product_tag":[],"class_list":{"0":"post-29335","1":"product","2":"type-product","3":"status-publish","4":"has-post-thumbnail","6":"product_cat-kutter","8":"first","9":"instock","10":"taxable","11":"shipping-taxable","12":"product-type-simple"},"acf":[],"_links":{"self":[{"href":"https:\/\/www.strasser.co.at\/de\/wp-json\/wp\/v2\/product\/29335","targetHints":{"allow":["GET"]}}],"collection":[{"href":"https:\/\/www.strasser.co.at\/de\/wp-json\/wp\/v2\/product"}],"about":[{"href":"https:\/\/www.strasser.co.at\/de\/wp-json\/wp\/v2\/types\/product"}],"replies":[{"embeddable":true,"href":"https:\/\/www.strasser.co.at\/de\/wp-json\/wp\/v2\/comments?post=29335"}],"wp:featuredmedia":[{"embeddable":true,"href":"https:\/\/www.strasser.co.at\/de\/wp-json\/wp\/v2\/media\/29336"}],"wp:attachment":[{"href":"https:\/\/www.strasser.co.at\/de\/wp-json\/wp\/v2\/media?parent=29335"}],"wp:term":[{"taxonomy":"product_cat","embeddable":true,"href":"https:\/\/www.strasser.co.at\/de\/wp-json\/wp\/v2\/product_cat?post=29335"},{"taxonomy":"product_tag","embeddable":true,"href":"https:\/\/www.strasser.co.at\/de\/wp-json\/wp\/v2\/product_tag?post=29335"}],"curies":[{"name":"wp","href":"https:\/\/api.w.org\/{rel}","templated":true}]}}