{"id":29458,"date":"2025-09-03T07:19:45","date_gmt":"2025-09-03T05:19:45","guid":{"rendered":"https:\/\/www.strasser.co.at\/?post_type=product&#038;p=29458"},"modified":"2025-09-25T07:15:23","modified_gmt":"2025-09-25T05:15:23","slug":"seydelmann-auto-mischwolf-ae130-m","status":"publish","type":"product","link":"https:\/\/www.strasser.co.at\/de\/produkt\/seydelmann-auto-mischwolf-ae130-m\/","title":{"rendered":"Seydelmann Auto.-Mischwolf AE130 M"},"content":{"rendered":"<p>weitgehend massiv rostfrei<br \/>\n2-tourige Arbeitsschnecke<br \/>\n2-tourige Zubringerschnecke<br \/>\nMit Entleerklappe zur Nutzung als Mischer<br \/>\nHygienic-Design-Ausf\u00fchrung: Konstruktion des<br \/>\nMaschinenst\u00e4nders weitestgehend aus massiv<br \/>\nrostfreiem Edelstahl, polierte Oberfl\u00e4chen,<br \/>\nverrundete Kanten, schr\u00e4g-ablaufende Fl\u00e4chen,<br \/>\nunbedenkliche, blaue Kunststoffe und Dichtungen<br \/>\nim Produkt- und Spritzbereich.<br \/>\n&#8211; mit 130 mm Lochscheibendurchmesser<br \/>\n&#8211; ca. 160 Liter Trichter mit abgefragtem Schutzgitter<br \/>\n&#8211; Einseitig gelagerte Zubringerschnecke, rechtwinklig<br \/>\nzur Arbeitsschnecke<br \/>\n&#8211; Mischerwelle als Mischpaddel<br \/>\n&#8211; Mischerwelle entnehmbar<br \/>\n&#8211; Abgefragte Entleerkappe<br \/>\n&#8211; Zubringer- und Mischmotor, ca. 1,4\/1,8 kW, 2-tourig<br \/>\n&#8211; Zeitschalter (Poti-Schalter) zum Einstellen der Mischzeit<br \/>\n&#8211; 5 m Zuleitungskabel<br \/>\n&#8211; Schneckenaussto\u00dfer<br \/>\n&#8211; 400 Volt, 3 Phasen, 50 Hz<br \/>\n&#8211; Steuerspannung 24 Volt<br \/>\n&#8211; Drehstrommotor IP 55 geschlossen ca. 14\/18 kW<br \/>\n&#8211; Anschlussstecker CEE 63 A, 5-polig, 6 H<br \/>\n&#8211; Wolfmutter rostfrei<br \/>\n&#8211; Schneidsatz bestehend aus:<br \/>\n2 Messer, 1 Vorschneider 5-Steg<br \/>\nje 1 Lochscheibe mit 3, 8 und 13 mm<br \/>\n&#8211; Wolfmutterschl\u00fcssel AE\/ME 130<\/p>\n<p>exkl. Schneidtrommelpaket<br \/>\ninkl. Schneidschnecke, Abdeckhaube etc.<\/p>\n","protected":false},"excerpt":{"rendered":"<p>weitgehend massiv rostfrei 2-tourige Arbeitsschnecke 2-tourige Zubringerschnecke Mit Entleerklappe zur Nutzung als Mischer Hygienic-Design-Ausf\u00fchrung: Konstruktion des Maschinenst\u00e4nders weitestgehend aus massiv rostfreiem Edelstahl, polierte Oberfl\u00e4chen, verrundete Kanten, schr\u00e4g-ablaufende Fl\u00e4chen, unbedenkliche, blaue Kunststoffe und Dichtungen im Produkt- und Spritzbereich. &#8211; mit 130 mm Lochscheibendurchmesser &#8211; ca. 160 Liter Trichter mit abgefragtem Schutzgitter &#8211; Einseitig gelagerte Zubringerschnecke, rechtwinklig &#8230; <a title=\"Seydelmann Auto.-Mischwolf AE130 M\" class=\"read-more\" href=\"https:\/\/www.strasser.co.at\/de\/produkt\/seydelmann-auto-mischwolf-ae130-m\/\" aria-label=\"Mehr dazu unter Seydelmann Auto.-Mischwolf AE130 M\">Weiterlesen<\/a><\/p>\n","protected":false},"featured_media":29459,"comment_status":"closed","ping_status":"closed","template":"","meta":{"_acf_changed":false,"_crsspst_to_strasser-maschinench":true,"inline_featured_image":false},"product_cat":[101],"product_tag":[],"class_list":{"0":"post-29458","1":"product","2":"type-product","3":"status-publish","4":"has-post-thumbnail","6":"product_cat-wolf","8":"first","9":"instock","10":"taxable","11":"shipping-taxable","12":"product-type-simple"},"acf":[],"_links":{"self":[{"href":"https:\/\/www.strasser.co.at\/de\/wp-json\/wp\/v2\/product\/29458","targetHints":{"allow":["GET"]}}],"collection":[{"href":"https:\/\/www.strasser.co.at\/de\/wp-json\/wp\/v2\/product"}],"about":[{"href":"https:\/\/www.strasser.co.at\/de\/wp-json\/wp\/v2\/types\/product"}],"replies":[{"embeddable":true,"href":"https:\/\/www.strasser.co.at\/de\/wp-json\/wp\/v2\/comments?post=29458"}],"wp:featuredmedia":[{"embeddable":true,"href":"https:\/\/www.strasser.co.at\/de\/wp-json\/wp\/v2\/media\/29459"}],"wp:attachment":[{"href":"https:\/\/www.strasser.co.at\/de\/wp-json\/wp\/v2\/media?parent=29458"}],"wp:term":[{"taxonomy":"product_cat","embeddable":true,"href":"https:\/\/www.strasser.co.at\/de\/wp-json\/wp\/v2\/product_cat?post=29458"},{"taxonomy":"product_tag","embeddable":true,"href":"https:\/\/www.strasser.co.at\/de\/wp-json\/wp\/v2\/product_tag?post=29458"}],"curies":[{"name":"wp","href":"https:\/\/api.w.org\/{rel}","templated":true}]}}