{"id":29588,"date":"2025-09-22T09:05:59","date_gmt":"2025-09-22T07:05:59","guid":{"rendered":"https:\/\/www.strasser.co.at\/?post_type=product&#038;p=29588"},"modified":"2026-02-16T09:36:36","modified_gmt":"2026-02-16T08:36:36","slug":"henneken-hydr-beschickung-spezial-2","status":"publish","type":"product","link":"https:\/\/www.strasser.co.at\/de\/produkt\/henneken-hydr-beschickung-spezial-2\/","title":{"rendered":"Henneken Hydr. Beschickung spezial"},"content":{"rendered":"<p>fahrbare Ausf\u00fchrung<br \/>\nmit starrem Trichter und schwenkbarem<br \/>\nAuslaufh\u00f6he Trichter ca. 930 mm<br \/>\nHubelement f\u00fcr Normwagen<br \/>\nmit Fu\u00dfarretierung f\u00fcr Normwagen<br \/>\nNormwagen pendelnd aufgehangen<br \/>\nKippposition an oberster Stelle<br \/>\nkomplett aus Edelstahl<br \/>\nmit je 2 Stk. Lenk- und Bockrollen<br \/>\nHydraulikschlauch mit Edelstahl-Verbindungen<br \/>\nAggregat: 1,1 kW<br \/>\nHydraulik\u00f6l &#8211; Vorratstank: 13 Liter<br \/>\n2 Stk. Drosselventile<br \/>\n400V, 50Hz, 3 Phasen<\/p>\n","protected":false},"excerpt":{"rendered":"<p>fahrbare Ausf\u00fchrung mit starrem Trichter und schwenkbarem Auslaufh\u00f6he Trichter ca. 930 mm Hubelement f\u00fcr Normwagen mit Fu\u00dfarretierung f\u00fcr Normwagen Normwagen pendelnd aufgehangen Kippposition an oberster Stelle komplett aus Edelstahl mit je 2 Stk. Lenk- und Bockrollen Hydraulikschlauch mit Edelstahl-Verbindungen Aggregat: 1,1 kW Hydraulik\u00f6l &#8211; Vorratstank: 13 Liter 2 Stk. Drosselventile 400V, 50Hz, 3 Phasen<\/p>\n","protected":false},"featured_media":29589,"comment_status":"closed","ping_status":"closed","template":"","meta":{"_acf_changed":false,"_crsspst_to_strasser-maschinench":true,"inline_featured_image":false},"product_cat":[236],"product_tag":[],"class_list":{"0":"post-29588","1":"product","2":"type-product","3":"status-publish","4":"has-post-thumbnail","6":"product_cat-sonstiges","8":"first","9":"instock","10":"taxable","11":"shipping-taxable","12":"product-type-simple"},"acf":[],"_links":{"self":[{"href":"https:\/\/www.strasser.co.at\/de\/wp-json\/wp\/v2\/product\/29588","targetHints":{"allow":["GET"]}}],"collection":[{"href":"https:\/\/www.strasser.co.at\/de\/wp-json\/wp\/v2\/product"}],"about":[{"href":"https:\/\/www.strasser.co.at\/de\/wp-json\/wp\/v2\/types\/product"}],"replies":[{"embeddable":true,"href":"https:\/\/www.strasser.co.at\/de\/wp-json\/wp\/v2\/comments?post=29588"}],"wp:featuredmedia":[{"embeddable":true,"href":"https:\/\/www.strasser.co.at\/de\/wp-json\/wp\/v2\/media\/29589"}],"wp:attachment":[{"href":"https:\/\/www.strasser.co.at\/de\/wp-json\/wp\/v2\/media?parent=29588"}],"wp:term":[{"taxonomy":"product_cat","embeddable":true,"href":"https:\/\/www.strasser.co.at\/de\/wp-json\/wp\/v2\/product_cat?post=29588"},{"taxonomy":"product_tag","embeddable":true,"href":"https:\/\/www.strasser.co.at\/de\/wp-json\/wp\/v2\/product_tag?post=29588"}],"curies":[{"name":"wp","href":"https:\/\/api.w.org\/{rel}","templated":true}]}}