{"id":29659,"date":"2025-10-03T07:40:54","date_gmt":"2025-10-03T05:40:54","guid":{"rendered":"https:\/\/www.strasser.co.at\/?post_type=product&#038;p=29659"},"modified":"2026-03-25T14:47:48","modified_gmt":"2026-03-25T13:47:48","slug":"seydelmann-winkelwolf-av250u","status":"publish","type":"product","link":"https:\/\/www.strasser.co.at\/de\/produkt\/seydelmann-winkelwolf-av250u\/","title":{"rendered":"Seydelmann Winkelwolf AV250U"},"content":{"rendered":"<p>&#8211; weitgehend massiv rostfrei<br \/>\n&#8211; auch Schneckengeh\u00e4use<br \/>\n&#8211; 3 Geschwindigkeiten f\u00fcr die Zubringerschnecke<br \/>\n&#8211; 2 Geschwindigkeiten f\u00fcr die Schnecke<br \/>\n&#8211; konische Zubringerschnecke rechtwinklig zur<br \/>\nArbeitsschnecke<br \/>\n&#8211; Auslaufhandschutz, elektrisch verriegelt<br \/>\n&#8211; Edelstahl Schaltschrank separat<br \/>\n&#8211; inkl. Big Box Beladung von der R\u00fcckseite<br \/>\n&#8211; kompletter Schneidsatz, gebraucht<br \/>\n&#8211; el. Leistung 90kW<\/p>\n","protected":false},"excerpt":{"rendered":"<p>&#8211; weitgehend massiv rostfrei &#8211; auch Schneckengeh\u00e4use &#8211; 3 Geschwindigkeiten f\u00fcr die Zubringerschnecke &#8211; 2 Geschwindigkeiten f\u00fcr die Schnecke &#8211; konische Zubringerschnecke rechtwinklig zur Arbeitsschnecke &#8211; Auslaufhandschutz, elektrisch verriegelt &#8211; Edelstahl Schaltschrank separat &#8211; inkl. Big Box Beladung von der R\u00fcckseite &#8211; kompletter Schneidsatz, gebraucht &#8211; el. Leistung 90kW<\/p>\n","protected":false},"featured_media":29865,"comment_status":"closed","ping_status":"closed","template":"","meta":{"_acf_changed":false,"_crsspst_to_strasser-maschinench":true,"inline_featured_image":false},"product_cat":[101],"product_tag":[],"class_list":{"0":"post-29659","1":"product","2":"type-product","3":"status-publish","4":"has-post-thumbnail","6":"product_cat-wolf","8":"first","9":"instock","10":"taxable","11":"shipping-taxable","12":"product-type-simple"},"acf":[],"_links":{"self":[{"href":"https:\/\/www.strasser.co.at\/de\/wp-json\/wp\/v2\/product\/29659","targetHints":{"allow":["GET"]}}],"collection":[{"href":"https:\/\/www.strasser.co.at\/de\/wp-json\/wp\/v2\/product"}],"about":[{"href":"https:\/\/www.strasser.co.at\/de\/wp-json\/wp\/v2\/types\/product"}],"replies":[{"embeddable":true,"href":"https:\/\/www.strasser.co.at\/de\/wp-json\/wp\/v2\/comments?post=29659"}],"wp:featuredmedia":[{"embeddable":true,"href":"https:\/\/www.strasser.co.at\/de\/wp-json\/wp\/v2\/media\/29865"}],"wp:attachment":[{"href":"https:\/\/www.strasser.co.at\/de\/wp-json\/wp\/v2\/media?parent=29659"}],"wp:term":[{"taxonomy":"product_cat","embeddable":true,"href":"https:\/\/www.strasser.co.at\/de\/wp-json\/wp\/v2\/product_cat?post=29659"},{"taxonomy":"product_tag","embeddable":true,"href":"https:\/\/www.strasser.co.at\/de\/wp-json\/wp\/v2\/product_tag?post=29659"}],"curies":[{"name":"wp","href":"https:\/\/api.w.org\/{rel}","templated":true}]}}