{"id":29682,"date":"2025-10-07T11:52:41","date_gmt":"2025-10-07T09:52:41","guid":{"rendered":"https:\/\/www.strasser.co.at\/?post_type=product&#038;p=29682"},"modified":"2025-10-07T11:54:16","modified_gmt":"2025-10-07T09:54:16","slug":"marel-platino-plt400","status":"publish","type":"product","link":"https:\/\/www.strasser.co.at\/de\/produkt\/marel-platino-plt400\/","title":{"rendered":"Marel Platino PLT400"},"content":{"rendered":"<p>Baujahr 2013<br \/>\nZum Pl\u00e4tten von Gefl\u00fcgel- und Fleischprodukten<br \/>\nauf eine vorgegebene und feste Dicke.<br \/>\nGeeignet f\u00fcr knochenlose, nicht gefrorene ganze<br \/>\nMuskeln, ganze Muskelschnitte und Portionen.<br \/>\nAusstattung:<br \/>\n&#8211; Zufuhrband mit separater Drehzahlregelung und<br \/>\nGliederband<br \/>\n&#8211; Oberes Pl\u00e4ttband<br \/>\n&#8211; Unteres Pl\u00e4ttband mit gedrehten Knettrommeln<br \/>\n&#8211; Einstellbare Bandgeschwindigkeit<br \/>\n&#8211; Einstellbare H\u00f6he an der vorderen und hinteren<br \/>\nTrommel<br \/>\n&#8211; Auslaufband mit separater Drehzahlregelung und<br \/>\nGliederband<br \/>\n&#8211; Control Panel<br \/>\n&#8211; Not-Aus<br \/>\naus Edelstahl und anderen korrosionsbest\u00e4ndigen<br \/>\nMaterialien.<br \/>\nAbmessungen: 2250 x 1045 x 1450 mm<br \/>\nGewicht: 600 kg<br \/>\nStromverbrauch: 3 kW<br \/>\nLuftverbrauch &gt; 0,7 l \/ min<br \/>\nStandard-Zufuhrband (Gliederband)<br \/>\nStandardauslaufband (Gliederband)<br \/>\nStandardf\u00fc\u00dfe<br \/>\n&#8211; Einstellung der Bandh\u00f6he im Bereich<br \/>\n900 mm +\/- 50 mm oder 1000 mm +\/- 40 mm.<\/p>\n","protected":false},"excerpt":{"rendered":"<p>Baujahr 2013 Zum Pl\u00e4tten von Gefl\u00fcgel- und Fleischprodukten auf eine vorgegebene und feste Dicke. Geeignet f\u00fcr knochenlose, nicht gefrorene ganze Muskeln, ganze Muskelschnitte und Portionen. Ausstattung: &#8211; Zufuhrband mit separater Drehzahlregelung und Gliederband &#8211; Oberes Pl\u00e4ttband &#8211; Unteres Pl\u00e4ttband mit gedrehten Knettrommeln &#8211; Einstellbare Bandgeschwindigkeit &#8211; Einstellbare H\u00f6he an der vorderen und hinteren Trommel &#8211; &#8230; <a title=\"Marel Platino PLT400\" class=\"read-more\" href=\"https:\/\/www.strasser.co.at\/de\/produkt\/marel-platino-plt400\/\" aria-label=\"Mehr dazu unter Marel Platino PLT400\">Weiterlesen<\/a><\/p>\n","protected":false},"featured_media":29683,"comment_status":"closed","ping_status":"closed","template":"","meta":{"_acf_changed":false,"_crsspst_to_strasser-maschinench":true,"inline_featured_image":false},"product_cat":[215],"product_tag":[],"class_list":{"0":"post-29682","1":"product","2":"type-product","3":"status-publish","4":"has-post-thumbnail","6":"product_cat-plaetter","8":"first","9":"instock","10":"taxable","11":"shipping-taxable","12":"product-type-simple"},"acf":[],"_links":{"self":[{"href":"https:\/\/www.strasser.co.at\/de\/wp-json\/wp\/v2\/product\/29682","targetHints":{"allow":["GET"]}}],"collection":[{"href":"https:\/\/www.strasser.co.at\/de\/wp-json\/wp\/v2\/product"}],"about":[{"href":"https:\/\/www.strasser.co.at\/de\/wp-json\/wp\/v2\/types\/product"}],"replies":[{"embeddable":true,"href":"https:\/\/www.strasser.co.at\/de\/wp-json\/wp\/v2\/comments?post=29682"}],"wp:featuredmedia":[{"embeddable":true,"href":"https:\/\/www.strasser.co.at\/de\/wp-json\/wp\/v2\/media\/29683"}],"wp:attachment":[{"href":"https:\/\/www.strasser.co.at\/de\/wp-json\/wp\/v2\/media?parent=29682"}],"wp:term":[{"taxonomy":"product_cat","embeddable":true,"href":"https:\/\/www.strasser.co.at\/de\/wp-json\/wp\/v2\/product_cat?post=29682"},{"taxonomy":"product_tag","embeddable":true,"href":"https:\/\/www.strasser.co.at\/de\/wp-json\/wp\/v2\/product_tag?post=29682"}],"curies":[{"name":"wp","href":"https:\/\/api.w.org\/{rel}","templated":true}]}}