{"id":29712,"date":"2025-10-13T07:38:52","date_gmt":"2025-10-13T05:38:52","guid":{"rendered":"https:\/\/www.strasser.co.at\/?post_type=product&#038;p=29712"},"modified":"2025-10-13T07:38:52","modified_gmt":"2025-10-13T05:38:52","slug":"kitzinger-kistenwaschanlage-spiracon-200","status":"publish","type":"product","link":"https:\/\/www.strasser.co.at\/de\/produkt\/kitzinger-kistenwaschanlage-spiracon-200\/","title":{"rendered":"Kitzinger Kistenwaschanlage Spiracon 200"},"content":{"rendered":"<p>f\u00fcr ca. 150-200 E2-Kisten\/Stunde<br \/>\ninkl. Kistenwender (1-Mann Bedienung)<br \/>\nAnlagenaufbau:<br \/>\n1. Zone Hauptwaschzone:<br \/>\n&#8211; mit einer Kreiselpumpe mit 2,2 kW<br \/>\n(900l\/min bei ca. 1bar) auf insgesamt<br \/>\n60 Edelstahld\u00fcsen verteilt, die eine<br \/>\ngr\u00fcndliche Reinigung von allen 4 Seiten erm\u00f6glichen.<br \/>\nDurch einen Plattenfilter wird die Waschlauge<br \/>\nst\u00e4ndig gereinigt und kontinuierlich gefiltert.<br \/>\n&#8211; Tankvolumen 360 l<br \/>\n&#8211; Waschtemperatur in der Hauptwaschzone 50-55\u00b0<br \/>\nDer Kistentransport vollzieht sich \u00fcber eine Spirale<br \/>\n(KITZINGER Gebrauchsmuster), dadurch erfolgt eine<br \/>\nexakte Kistenvereinzelung und ein ungehinderter<br \/>\nAufprall der Waschlauge von der Unterseite in<br \/>\nVerbindung mit leichter Kistenschr\u00e4gstellung zur<br \/>\nverbesserten Reinigung aller Seiten.<br \/>\n2. Zone Klarsp\u00fclbereich:<br \/>\n&#8211; mit Frischwasser werden die in der Maschine<br \/>\ngereinigten Produkte von allen Seiten gr\u00fcndlich<br \/>\nabgespr\u00fcht.<br \/>\nDas Frischwasser muss mind. 40\u00b0C warm zur<br \/>\nMaschine gef\u00fchrt werden und wird in der Anlage auf<br \/>\nca. 80\u00b0C erhitzt. St\u00fcndlich werden ca. 300l<br \/>\nben\u00f6tigt.<br \/>\nTechnische Daten:<br \/>\n&#8211; Gesamtl\u00e4nge Grundmaschine:2000 mm<br \/>\n&#8211; mit Ein- und Auslaufblech : 3000 mm<br \/>\n&#8211; Maschinenbreite: 820 mm<br \/>\n&#8211; Maschinenh\u00f6he: 1500 mm<br \/>\n&#8211; Durchlaufbreite Waschtunnel: bis 630 mm (einstellbar)<br \/>\n&#8211; Durchlaufh\u00f6he Waschtunnel: 430 mm<br \/>\n&#8211; Heizleistung gesamt: Bad 10kW, Boiler 10kW<br \/>\n&#8211; Das Geh\u00e4use ist komplett verschwei\u00dft und besteht<br \/>\nausschlie\u00dflich aus rostfreiem Edelstahl. Der Unterbau<br \/>\nist weitgehend aus 3 mm Blech gefertigt und damit<br \/>\nsehr langlebig.<br \/>\nDie Maschine hat folgende Anschl\u00fcsse:<br \/>\n&#8211; Frischwasser mit mind. 40\u00b0C 3\/4&#8243;,<br \/>\n&#8211; Flie\u00dfdruck mind. 1, max. 6 bar \u00fcber Schlauchanschluss,<br \/>\n&#8211; Verbrauch ca. 300 l\/h,<br \/>\nWICHTIG: die Maschine ben\u00f6tigt warmes Frischwasser,<br \/>\nAnschluss 1\/2&#8243; oder 3\/4&#8243;<br \/>\n&#8211; Elektrizit\u00e4t 24 kW, 400 V, 50 Hz, Absicherung 32A<br \/>\n&#8211; Abwasser DN 40 in Bodenablauf oder Rinne<br \/>\nin Maschinenn\u00e4he unterhalb des Maschinentanks mit<br \/>\nStandrohr<br \/>\n&#8211; mit Hauptschalter<br \/>\n&#8211; leistungsstarke Kreiselpumpe<br \/>\n&#8211; Anlage auf Edelstahlrollen<br \/>\n&#8211; einlaufseitige Schr\u00e4ge zur R\u00fcckf\u00fchrung von Wasser auf<br \/>\nden Kistenboden<\/p>\n","protected":false},"excerpt":{"rendered":"<p>f\u00fcr ca. 150-200 E2-Kisten\/Stunde inkl. Kistenwender (1-Mann Bedienung) Anlagenaufbau: 1. Zone Hauptwaschzone: &#8211; mit einer Kreiselpumpe mit 2,2 kW (900l\/min bei ca. 1bar) auf insgesamt 60 Edelstahld\u00fcsen verteilt, die eine gr\u00fcndliche Reinigung von allen 4 Seiten erm\u00f6glichen. Durch einen Plattenfilter wird die Waschlauge st\u00e4ndig gereinigt und kontinuierlich gefiltert. &#8211; Tankvolumen 360 l &#8211; Waschtemperatur in &#8230; <a title=\"Kitzinger Kistenwaschanlage Spiracon 200\" class=\"read-more\" href=\"https:\/\/www.strasser.co.at\/de\/produkt\/kitzinger-kistenwaschanlage-spiracon-200\/\" aria-label=\"Mehr dazu unter Kitzinger Kistenwaschanlage Spiracon 200\">Weiterlesen<\/a><\/p>\n","protected":false},"featured_media":29713,"comment_status":"closed","ping_status":"closed","template":"","meta":{"_acf_changed":false,"_crsspst_to_strasser-maschinench":true,"inline_featured_image":false},"product_cat":[346],"product_tag":[],"class_list":{"0":"post-29712","1":"product","2":"type-product","3":"status-publish","4":"has-post-thumbnail","6":"product_cat-spuelmaschine","8":"first","9":"instock","10":"taxable","11":"shipping-taxable","12":"product-type-simple"},"acf":[],"_links":{"self":[{"href":"https:\/\/www.strasser.co.at\/de\/wp-json\/wp\/v2\/product\/29712","targetHints":{"allow":["GET"]}}],"collection":[{"href":"https:\/\/www.strasser.co.at\/de\/wp-json\/wp\/v2\/product"}],"about":[{"href":"https:\/\/www.strasser.co.at\/de\/wp-json\/wp\/v2\/types\/product"}],"replies":[{"embeddable":true,"href":"https:\/\/www.strasser.co.at\/de\/wp-json\/wp\/v2\/comments?post=29712"}],"wp:featuredmedia":[{"embeddable":true,"href":"https:\/\/www.strasser.co.at\/de\/wp-json\/wp\/v2\/media\/29713"}],"wp:attachment":[{"href":"https:\/\/www.strasser.co.at\/de\/wp-json\/wp\/v2\/media?parent=29712"}],"wp:term":[{"taxonomy":"product_cat","embeddable":true,"href":"https:\/\/www.strasser.co.at\/de\/wp-json\/wp\/v2\/product_cat?post=29712"},{"taxonomy":"product_tag","embeddable":true,"href":"https:\/\/www.strasser.co.at\/de\/wp-json\/wp\/v2\/product_tag?post=29712"}],"curies":[{"name":"wp","href":"https:\/\/api.w.org\/{rel}","templated":true}]}}