{"id":29723,"date":"2025-10-13T08:16:36","date_gmt":"2025-10-13T06:16:36","guid":{"rendered":"https:\/\/www.strasser.co.at\/?post_type=product&#038;p=29723"},"modified":"2025-10-17T07:48:51","modified_gmt":"2025-10-17T05:48:51","slug":"maschinentisch-700x500x900mm","status":"publish","type":"product","link":"https:\/\/www.strasser.co.at\/de\/produkt\/maschinentisch-700x500x900mm\/","title":{"rendered":"Maschinentisch 700x500x900mm"},"content":{"rendered":"<p>Maschinentisch aus Edelstahl<br \/>\nWerkstoff 1.4301 &#8211; Oberfl\u00e4che Mattschliff<br \/>\nAbm.: 700 x 500 x 900mm<br \/>\nOberplatte 2,0mmstark, allseitig abgekantet<br \/>\nAusf\u00fchrung: komplett verschw ei\u00dft,<br \/>\nUnterbau mit Abkageboden<br \/>\nfahrbare Ausf\u00fchrung<br \/>\nmit 4 Gummilenkrollen D=125mm,<br \/>\n2 feststellbar, Rollengeh\u00e4use Edelstahl<\/p>\n","protected":false},"excerpt":{"rendered":"<p>Maschinentisch aus Edelstahl Werkstoff 1.4301 &#8211; Oberfl\u00e4che Mattschliff Abm.: 700 x 500 x 900mm Oberplatte 2,0mmstark, allseitig abgekantet Ausf\u00fchrung: komplett verschw ei\u00dft, Unterbau mit Abkageboden fahrbare Ausf\u00fchrung mit 4 Gummilenkrollen D=125mm, 2 feststellbar, Rollengeh\u00e4use Edelstahl<\/p>\n","protected":false},"featured_media":29794,"comment_status":"closed","ping_status":"closed","template":"","meta":{"_acf_changed":false,"_crsspst_to_strasser-maschinench":false,"inline_featured_image":false},"product_cat":[298],"product_tag":[],"class_list":{"0":"post-29723","1":"product","2":"type-product","3":"status-publish","4":"has-post-thumbnail","6":"product_cat-sonstiges-2","8":"first","9":"instock","10":"taxable","11":"shipping-taxable","12":"product-type-simple"},"acf":[],"_links":{"self":[{"href":"https:\/\/www.strasser.co.at\/de\/wp-json\/wp\/v2\/product\/29723","targetHints":{"allow":["GET"]}}],"collection":[{"href":"https:\/\/www.strasser.co.at\/de\/wp-json\/wp\/v2\/product"}],"about":[{"href":"https:\/\/www.strasser.co.at\/de\/wp-json\/wp\/v2\/types\/product"}],"replies":[{"embeddable":true,"href":"https:\/\/www.strasser.co.at\/de\/wp-json\/wp\/v2\/comments?post=29723"}],"wp:featuredmedia":[{"embeddable":true,"href":"https:\/\/www.strasser.co.at\/de\/wp-json\/wp\/v2\/media\/29794"}],"wp:attachment":[{"href":"https:\/\/www.strasser.co.at\/de\/wp-json\/wp\/v2\/media?parent=29723"}],"wp:term":[{"taxonomy":"product_cat","embeddable":true,"href":"https:\/\/www.strasser.co.at\/de\/wp-json\/wp\/v2\/product_cat?post=29723"},{"taxonomy":"product_tag","embeddable":true,"href":"https:\/\/www.strasser.co.at\/de\/wp-json\/wp\/v2\/product_tag?post=29723"}],"curies":[{"name":"wp","href":"https:\/\/api.w.org\/{rel}","templated":true}]}}