{"id":29774,"date":"2025-10-16T15:11:26","date_gmt":"2025-10-16T13:11:26","guid":{"rendered":"https:\/\/www.strasser.co.at\/?post_type=product&#038;p=29774"},"modified":"2026-03-03T10:56:22","modified_gmt":"2026-03-03T09:56:22","slug":"vakona-vak-kuehl-tumbler-125-stl","status":"publish","type":"product","link":"https:\/\/www.strasser.co.at\/de\/produkt\/vakona-vak-kuehl-tumbler-125-stl\/","title":{"rendered":"Vakona Vak. K\u00fchl Tumbler 125 STL"},"content":{"rendered":"<p>Volumen: 125 L<br \/>\nMaschine aus Edelstahl<br \/>\nTouch-Screen Steuerung mit 99 Programmen<br \/>\nHochleistungs-Vakuumpumpe<br \/>\nAutomatische Bel\u00fcftung \/ Intervalle<br \/>\nSteril-Filtersystem<br \/>\nkippbar zur vollst\u00e4ndigen Entleerung<br \/>\nstufenloses Schwenken des Beh\u00e4lters per Hub-Kipp-Zylinder<br \/>\nMassierarm mit Abstreifer, abnehmbar<br \/>\nPolterarm, abnehmbar<br \/>\nkomplett isolierten Beh\u00e4lter<br \/>\nleistungsstarkes K\u00fchlaggregat<br \/>\nstufenlos regebarer Getriebemotor<br \/>\nfahrbar<br \/>\nCE-Konform<\/p>\n","protected":false},"excerpt":{"rendered":"<p>Volumen: 125 L Maschine aus Edelstahl Touch-Screen Steuerung mit 99 Programmen Hochleistungs-Vakuumpumpe Automatische Bel\u00fcftung \/ Intervalle Steril-Filtersystem kippbar zur vollst\u00e4ndigen Entleerung stufenloses Schwenken des Beh\u00e4lters per Hub-Kipp-Zylinder Massierarm mit Abstreifer, abnehmbar Polterarm, abnehmbar komplett isolierten Beh\u00e4lter leistungsstarkes K\u00fchlaggregat stufenlos regebarer Getriebemotor fahrbar CE-Konform<\/p>\n","protected":false},"featured_media":29893,"comment_status":"closed","ping_status":"closed","template":"","meta":{"_acf_changed":false,"_crsspst_to_strasser-maschinench":true,"inline_featured_image":false},"product_cat":[227],"product_tag":[],"class_list":{"0":"post-29774","1":"product","2":"type-product","3":"status-publish","4":"has-post-thumbnail","6":"product_cat-tumbler","8":"first","9":"instock","10":"taxable","11":"shipping-taxable","12":"product-type-simple"},"acf":[],"_links":{"self":[{"href":"https:\/\/www.strasser.co.at\/de\/wp-json\/wp\/v2\/product\/29774","targetHints":{"allow":["GET"]}}],"collection":[{"href":"https:\/\/www.strasser.co.at\/de\/wp-json\/wp\/v2\/product"}],"about":[{"href":"https:\/\/www.strasser.co.at\/de\/wp-json\/wp\/v2\/types\/product"}],"replies":[{"embeddable":true,"href":"https:\/\/www.strasser.co.at\/de\/wp-json\/wp\/v2\/comments?post=29774"}],"wp:featuredmedia":[{"embeddable":true,"href":"https:\/\/www.strasser.co.at\/de\/wp-json\/wp\/v2\/media\/29893"}],"wp:attachment":[{"href":"https:\/\/www.strasser.co.at\/de\/wp-json\/wp\/v2\/media?parent=29774"}],"wp:term":[{"taxonomy":"product_cat","embeddable":true,"href":"https:\/\/www.strasser.co.at\/de\/wp-json\/wp\/v2\/product_cat?post=29774"},{"taxonomy":"product_tag","embeddable":true,"href":"https:\/\/www.strasser.co.at\/de\/wp-json\/wp\/v2\/product_tag?post=29774"}],"curies":[{"name":"wp","href":"https:\/\/api.w.org\/{rel}","templated":true}]}}