{"id":29921,"date":"2025-11-03T12:47:33","date_gmt":"2025-11-03T11:47:33","guid":{"rendered":"https:\/\/www.strasser.co.at\/?post_type=product&#038;p=29921"},"modified":"2025-11-04T07:25:05","modified_gmt":"2025-11-04T06:25:05","slug":"vc999-schrumpftank-st62","status":"publish","type":"product","link":"https:\/\/www.strasser.co.at\/de\/produkt\/vc999-schrumpftank-st62\/","title":{"rendered":"VC999 Schrumpftank ST62"},"content":{"rendered":"<p>&#8211; fahrbar<br \/>\n&#8211; mit Dampfdeckel isoliert<br \/>\n&#8211; Schrumpfverfahren mit taktweisem<br \/>\nEintauchen in hei\u00dfes Wasser<br \/>\n&#8211; Hohe Effizienz und moderne Funktionsweise<br \/>\n&#8211; Ausstattung auf industriellem Niveau<br \/>\n&#8211; Entwicklungsstandard wie bei industriellen Maschinen<br \/>\n&#8211; Elektronische Programmierung<br \/>\n&#8211; Rostfreie Ausf\u00fchrung<br \/>\n&#8211; Dampfabzug<br \/>\n&#8211; Doppelwandiges Geh\u00e4use mit vorz\u00fcglicher W\u00e4rmeisolierung<br \/>\n&#8211; Genaue Wassertemperatur- und Wasserstandregulierung<br \/>\nmit Trockenlaufsicherung<br \/>\n&#8211; Elektrisch beheizbar<br \/>\n&#8211; Leichter Zugang f\u00fcr Reinigung und Unterhalt<br \/>\n&#8211; CE-konform<br \/>\nTechnische Daten:<br \/>\nElektrischer Anschluss: 400 V \/ 50 Hz \/ 3 PE \/ 12.5 kW<br \/>\nDampfabzug: \u00d8 95 mm au\u00dfen<br \/>\nWasserablass: R 1&#8243; innen<br \/>\nWasseranschluss: R \u00bd\u201c au\u00dfen<br \/>\nElektrische Heizung: 12.5 kW<br \/>\nSicherung: 20 AT<br \/>\nWasserinhalt: 70 Liter<br \/>\nDurchlaufbereich: 620 x 410 x 250 mm<br \/>\nTauchzeit: einstellbar<\/p>\n","protected":false},"excerpt":{"rendered":"<p>&#8211; fahrbar &#8211; mit Dampfdeckel isoliert &#8211; Schrumpfverfahren mit taktweisem Eintauchen in hei\u00dfes Wasser &#8211; Hohe Effizienz und moderne Funktionsweise &#8211; Ausstattung auf industriellem Niveau &#8211; Entwicklungsstandard wie bei industriellen Maschinen &#8211; Elektronische Programmierung &#8211; Rostfreie Ausf\u00fchrung &#8211; Dampfabzug &#8211; Doppelwandiges Geh\u00e4use mit vorz\u00fcglicher W\u00e4rmeisolierung &#8211; Genaue Wassertemperatur- und Wasserstandregulierung mit Trockenlaufsicherung &#8211; Elektrisch beheizbar &#8230; <a title=\"VC999 Schrumpftank ST62\" class=\"read-more\" href=\"https:\/\/www.strasser.co.at\/de\/produkt\/vc999-schrumpftank-st62\/\" aria-label=\"Mehr dazu unter VC999 Schrumpftank ST62\">Weiterlesen<\/a><\/p>\n","protected":false},"featured_media":29926,"comment_status":"closed","ping_status":"closed","template":"","meta":{"_acf_changed":false,"_crsspst_to_strasser-maschinench":true,"inline_featured_image":false},"product_cat":[454],"product_tag":[],"class_list":{"0":"post-29921","1":"product","2":"type-product","3":"status-publish","4":"has-post-thumbnail","6":"product_cat-schrumpftank","8":"first","9":"instock","10":"taxable","11":"shipping-taxable","12":"product-type-simple"},"acf":[],"_links":{"self":[{"href":"https:\/\/www.strasser.co.at\/de\/wp-json\/wp\/v2\/product\/29921","targetHints":{"allow":["GET"]}}],"collection":[{"href":"https:\/\/www.strasser.co.at\/de\/wp-json\/wp\/v2\/product"}],"about":[{"href":"https:\/\/www.strasser.co.at\/de\/wp-json\/wp\/v2\/types\/product"}],"replies":[{"embeddable":true,"href":"https:\/\/www.strasser.co.at\/de\/wp-json\/wp\/v2\/comments?post=29921"}],"wp:featuredmedia":[{"embeddable":true,"href":"https:\/\/www.strasser.co.at\/de\/wp-json\/wp\/v2\/media\/29926"}],"wp:attachment":[{"href":"https:\/\/www.strasser.co.at\/de\/wp-json\/wp\/v2\/media?parent=29921"}],"wp:term":[{"taxonomy":"product_cat","embeddable":true,"href":"https:\/\/www.strasser.co.at\/de\/wp-json\/wp\/v2\/product_cat?post=29921"},{"taxonomy":"product_tag","embeddable":true,"href":"https:\/\/www.strasser.co.at\/de\/wp-json\/wp\/v2\/product_tag?post=29921"}],"curies":[{"name":"wp","href":"https:\/\/api.w.org\/{rel}","templated":true}]}}